{"id":25534,"date":"2025-07-15T11:53:35","date_gmt":"2025-07-15T10:53:35","guid":{"rendered":"https:\/\/sgciafrica.org\/mantenha-se-atualizado\/"},"modified":"2026-02-11T13:39:39","modified_gmt":"2026-02-11T13:39:39","slug":"mantenha-se-atualizado","status":"publish","type":"page","link":"https:\/\/sgciafrica.org\/pt\/mantenha-se-atualizado\/","title":{"rendered":"Mantenha-se atualizado"},"content":{"rendered":"\n<iframe loading=\"lazy\" src=\"https:\/\/marketing.cabi.org\/l\/732633\/2025-03-27\/49dk3j\" width=\"100%\" height=\"500\" type=\"text\/html\" frameborder=\"0\" allowtransparency=\"true\" style=\"border: 0\"><\/iframe>\n","protected":false},"excerpt":{"rendered":"","protected":false},"author":13,"featured_media":0,"parent":0,"menu_order":0,"comment_status":"closed","ping_status":"closed","template":"","meta":{"_acf_changed":false,"_uag_custom_page_level_css":"","footnotes":""},"class_list":["post-25534","page","type-page","status-publish","hentry"],"acf":[],"yoast_head":"<!-- This site is optimized with the Yoast SEO Premium plugin v27.3 (Yoast SEO v27.5) - https:\/\/yoast.com\/product\/yoast-seo-premium-wordpress\/ -->\n<title>Mantenha-se atualizado - SGCI Africa<\/title>\n<meta name=\"description\" content=\"Subscreva a nossa newsletter para receber atualiza\u00e7\u00f5es regulares - \u00daltimas investiga\u00e7\u00f5es e recursos cient\u00edficos - Pr\u00f3ximos eventos - Concursos de financiamento - Not\u00edcias da SGCI\" \/>\n<meta name=\"robots\" content=\"index, follow, max-snippet:-1, max-image-preview:large, max-video-preview:-1\" \/>\n<link rel=\"canonical\" href=\"https:\/\/sgciafrica.org\/pt\/mantenha-se-atualizado\/\" \/>\n<meta property=\"og:locale\" content=\"pt_BR\" \/>\n<meta property=\"og:type\" content=\"article\" \/>\n<meta property=\"og:title\" content=\"Mantenha-se atualizado\" \/>\n<meta property=\"og:description\" content=\"Subscreva a nossa newsletter para receber atualiza\u00e7\u00f5es regulares - \u00daltimas investiga\u00e7\u00f5es e recursos cient\u00edficos - Pr\u00f3ximos eventos - Concursos de financiamento - Not\u00edcias da SGCI\" \/>\n<meta property=\"og:url\" content=\"https:\/\/sgciafrica.org\/pt\/mantenha-se-atualizado\/\" \/>\n<meta property=\"og:site_name\" content=\"SGCI Africa\" \/>\n<meta property=\"article:modified_time\" content=\"2026-02-11T13:39:39+00:00\" \/>\n<meta name=\"twitter:card\" content=\"summary_large_image\" \/>\n<meta name=\"twitter:site\" content=\"@SGCIAfrica\" \/>\n<script type=\"application\/ld+json\" class=\"yoast-schema-graph\">{\"@context\":\"https:\\\/\\\/schema.org\",\"@graph\":[{\"@type\":\"WebPage\",\"@id\":\"https:\\\/\\\/sgciafrica.org\\\/pt\\\/mantenha-se-atualizado\\\/\",\"url\":\"https:\\\/\\\/sgciafrica.org\\\/pt\\\/mantenha-se-atualizado\\\/\",\"name\":\"Mantenha-se atualizado - SGCI Africa\",\"isPartOf\":{\"@id\":\"https:\\\/\\\/sgciafrica.org\\\/#website\"},\"datePublished\":\"2025-07-15T10:53:35+00:00\",\"dateModified\":\"2026-02-11T13:39:39+00:00\",\"description\":\"Subscreva a nossa newsletter para receber atualiza\u00e7\u00f5es regulares - \u00daltimas investiga\u00e7\u00f5es e recursos cient\u00edficos - Pr\u00f3ximos eventos - Concursos de financiamento - Not\u00edcias da SGCI\",\"breadcrumb\":{\"@id\":\"https:\\\/\\\/sgciafrica.org\\\/pt\\\/mantenha-se-atualizado\\\/#breadcrumb\"},\"inLanguage\":\"pt-BR\",\"potentialAction\":[{\"@type\":\"ReadAction\",\"target\":[\"https:\\\/\\\/sgciafrica.org\\\/pt\\\/mantenha-se-atualizado\\\/\"]}]},{\"@type\":\"BreadcrumbList\",\"@id\":\"https:\\\/\\\/sgciafrica.org\\\/pt\\\/mantenha-se-atualizado\\\/#breadcrumb\",\"itemListElement\":[{\"@type\":\"ListItem\",\"position\":1,\"name\":\"Home\",\"item\":\"https:\\\/\\\/sgciafrica.org\\\/pt\\\/\"},{\"@type\":\"ListItem\",\"position\":2,\"name\":\"Mantenha-se atualizado\"}]},{\"@type\":\"WebSite\",\"@id\":\"https:\\\/\\\/sgciafrica.org\\\/#website\",\"url\":\"https:\\\/\\\/sgciafrica.org\\\/\",\"name\":\"SGCI Africa\",\"description\":\"\",\"publisher\":{\"@id\":\"https:\\\/\\\/sgciafrica.org\\\/#organization\"},\"potentialAction\":[{\"@type\":\"SearchAction\",\"target\":{\"@type\":\"EntryPoint\",\"urlTemplate\":\"https:\\\/\\\/sgciafrica.org\\\/?s={search_term_string}\"},\"query-input\":{\"@type\":\"PropertyValueSpecification\",\"valueRequired\":true,\"valueName\":\"search_term_string\"}}],\"inLanguage\":\"pt-BR\"},{\"@type\":\"Organization\",\"@id\":\"https:\\\/\\\/sgciafrica.org\\\/#organization\",\"name\":\"SGCI Africa\",\"url\":\"https:\\\/\\\/sgciafrica.org\\\/\",\"logo\":{\"@type\":\"ImageObject\",\"inLanguage\":\"pt-BR\",\"@id\":\"https:\\\/\\\/sgciafrica.org\\\/#\\\/schema\\\/logo\\\/image\\\/\",\"url\":\"https:\\\/\\\/sgciafrica.org\\\/wp-content\\\/uploads\\\/2024\\\/12\\\/SGCI_Logo_Secondary_Large.png\",\"contentUrl\":\"https:\\\/\\\/sgciafrica.org\\\/wp-content\\\/uploads\\\/2024\\\/12\\\/SGCI_Logo_Secondary_Large.png\",\"width\":3888,\"height\":1080,\"caption\":\"SGCI Africa\"},\"image\":{\"@id\":\"https:\\\/\\\/sgciafrica.org\\\/#\\\/schema\\\/logo\\\/image\\\/\"},\"sameAs\":[\"https:\\\/\\\/x.com\\\/SGCIAfrica\"]}]}<\/script>\n<!-- \/ Yoast SEO Premium plugin. -->","yoast_head_json":{"title":"Mantenha-se atualizado - SGCI Africa","description":"Subscreva a nossa newsletter para receber atualiza\u00e7\u00f5es regulares - \u00daltimas investiga\u00e7\u00f5es e recursos cient\u00edficos - Pr\u00f3ximos eventos - Concursos de financiamento - Not\u00edcias da SGCI","robots":{"index":"index","follow":"follow","max-snippet":"max-snippet:-1","max-image-preview":"max-image-preview:large","max-video-preview":"max-video-preview:-1"},"canonical":"https:\/\/sgciafrica.org\/pt\/mantenha-se-atualizado\/","og_locale":"pt_BR","og_type":"article","og_title":"Mantenha-se atualizado","og_description":"Subscreva a nossa newsletter para receber atualiza\u00e7\u00f5es regulares - \u00daltimas investiga\u00e7\u00f5es e recursos cient\u00edficos - Pr\u00f3ximos eventos - Concursos de financiamento - Not\u00edcias da SGCI","og_url":"https:\/\/sgciafrica.org\/pt\/mantenha-se-atualizado\/","og_site_name":"SGCI Africa","article_modified_time":"2026-02-11T13:39:39+00:00","twitter_card":"summary_large_image","twitter_site":"@SGCIAfrica","schema":{"@context":"https:\/\/schema.org","@graph":[{"@type":"WebPage","@id":"https:\/\/sgciafrica.org\/pt\/mantenha-se-atualizado\/","url":"https:\/\/sgciafrica.org\/pt\/mantenha-se-atualizado\/","name":"Mantenha-se atualizado - SGCI Africa","isPartOf":{"@id":"https:\/\/sgciafrica.org\/#website"},"datePublished":"2025-07-15T10:53:35+00:00","dateModified":"2026-02-11T13:39:39+00:00","description":"Subscreva a nossa newsletter para receber atualiza\u00e7\u00f5es regulares - \u00daltimas investiga\u00e7\u00f5es e recursos cient\u00edficos - Pr\u00f3ximos eventos - Concursos de financiamento - Not\u00edcias da SGCI","breadcrumb":{"@id":"https:\/\/sgciafrica.org\/pt\/mantenha-se-atualizado\/#breadcrumb"},"inLanguage":"pt-BR","potentialAction":[{"@type":"ReadAction","target":["https:\/\/sgciafrica.org\/pt\/mantenha-se-atualizado\/"]}]},{"@type":"BreadcrumbList","@id":"https:\/\/sgciafrica.org\/pt\/mantenha-se-atualizado\/#breadcrumb","itemListElement":[{"@type":"ListItem","position":1,"name":"Home","item":"https:\/\/sgciafrica.org\/pt\/"},{"@type":"ListItem","position":2,"name":"Mantenha-se atualizado"}]},{"@type":"WebSite","@id":"https:\/\/sgciafrica.org\/#website","url":"https:\/\/sgciafrica.org\/","name":"SGCI Africa","description":"","publisher":{"@id":"https:\/\/sgciafrica.org\/#organization"},"potentialAction":[{"@type":"SearchAction","target":{"@type":"EntryPoint","urlTemplate":"https:\/\/sgciafrica.org\/?s={search_term_string}"},"query-input":{"@type":"PropertyValueSpecification","valueRequired":true,"valueName":"search_term_string"}}],"inLanguage":"pt-BR"},{"@type":"Organization","@id":"https:\/\/sgciafrica.org\/#organization","name":"SGCI Africa","url":"https:\/\/sgciafrica.org\/","logo":{"@type":"ImageObject","inLanguage":"pt-BR","@id":"https:\/\/sgciafrica.org\/#\/schema\/logo\/image\/","url":"https:\/\/sgciafrica.org\/wp-content\/uploads\/2024\/12\/SGCI_Logo_Secondary_Large.png","contentUrl":"https:\/\/sgciafrica.org\/wp-content\/uploads\/2024\/12\/SGCI_Logo_Secondary_Large.png","width":3888,"height":1080,"caption":"SGCI Africa"},"image":{"@id":"https:\/\/sgciafrica.org\/#\/schema\/logo\/image\/"},"sameAs":["https:\/\/x.com\/SGCIAfrica"]}]}},"uagb_featured_image_src":{"full":false,"thumbnail":false,"medium":false,"medium_large":false,"large":false,"1536x1536":false,"2048x2048":false,"sg-full-width":false,"sg-full-content-width":false,"sg-container-half":false,"sg-single-tile":false,"sg-council-user":false},"uagb_author_info":{"display_name":"Davis Weddi","author_link":"https:\/\/sgciafrica.org\/pt\/author\/davisweddi\/"},"uagb_comment_info":0,"uagb_excerpt":null,"_links":{"self":[{"href":"https:\/\/sgciafrica.org\/pt\/wp-json\/wp\/v2\/pages\/25534","targetHints":{"allow":["GET"]}}],"collection":[{"href":"https:\/\/sgciafrica.org\/pt\/wp-json\/wp\/v2\/pages"}],"about":[{"href":"https:\/\/sgciafrica.org\/pt\/wp-json\/wp\/v2\/types\/page"}],"author":[{"embeddable":true,"href":"https:\/\/sgciafrica.org\/pt\/wp-json\/wp\/v2\/users\/13"}],"replies":[{"embeddable":true,"href":"https:\/\/sgciafrica.org\/pt\/wp-json\/wp\/v2\/comments?post=25534"}],"version-history":[{"count":0,"href":"https:\/\/sgciafrica.org\/pt\/wp-json\/wp\/v2\/pages\/25534\/revisions"}],"wp:attachment":[{"href":"https:\/\/sgciafrica.org\/pt\/wp-json\/wp\/v2\/media?parent=25534"}],"curies":[{"name":"wp","href":"https:\/\/api.w.org\/{rel}","templated":true}]}}