{"id":17726,"date":"2024-04-03T12:10:14","date_gmt":"2024-04-03T11:10:14","guid":{"rendered":"https:\/\/sgciafrica.org\/contato\/"},"modified":"2024-10-10T16:13:55","modified_gmt":"2024-10-10T15:13:55","slug":"contato","status":"publish","type":"page","link":"https:\/\/sgciafrica.org\/pt\/contato\/","title":{"rendered":"Contato"},"content":{"rendered":"\n<p><\/p>\n\n\n\n<h2 class=\"wp-block-heading\">Christine Kupeka<\/h2>\n\n\n\n<p>Diretor de gerenciamento de projetos<\/p>\n\n\n\n<p>Centro Internacional de Pesquisa para o Desenvolvimento, Canad\u00e1<\/p>\n\n\n\n<p>Telefone: +254 796 729 342<\/p>\n\n\n\n<p>E-mail: ckupeka@idrc.ca<\/p>\n\n\n\n<h2 class=\"wp-block-heading\">Puleng Tshitlho<\/h2>\n\n\n\n<ol class=\"wp-block-list\"><\/ol>\n\n\n\n<p>Especialista S\u00eanior: Avan\u00e7o de Neg\u00f3cios<\/p>\n\n\n\n<p>Funda\u00e7\u00e3o Nacional de Pesquisa, \u00c1frica do Sul<\/p>\n\n\n\n<p>Telefone: +27 12 481 4061<\/p>\n\n\n\n<p>E-mail: pr.tshitlho@nrf.ac.za<\/p>\n\n\n\n<ul class=\"wp-block-list\"><\/ul>\n","protected":false},"excerpt":{"rendered":"<p>Para obter informa\u00e7\u00f5es ou d\u00favidas sobre como se tornar um membro da SGCI, entre em contato com:<\/p>\n","protected":false},"author":1,"featured_media":0,"parent":0,"menu_order":0,"comment_status":"closed","ping_status":"closed","template":"","meta":{"_acf_changed":false,"_uag_custom_page_level_css":"","footnotes":""},"class_list":["post-17726","page","type-page","status-publish","hentry"],"acf":[],"yoast_head":"<!-- This site is optimized with the Yoast SEO Premium plugin v27.3 (Yoast SEO v27.3) - https:\/\/yoast.com\/product\/yoast-seo-premium-wordpress\/ -->\n<title>Contato - SGCI Africa<\/title>\n<meta name=\"robots\" content=\"index, follow, max-snippet:-1, max-image-preview:large, max-video-preview:-1\" \/>\n<link rel=\"canonical\" href=\"https:\/\/sgciafrica.org\/contact\/\" \/>\n<meta property=\"og:locale\" content=\"pt_BR\" \/>\n<meta property=\"og:type\" content=\"article\" \/>\n<meta property=\"og:title\" content=\"Contato\" \/>\n<meta property=\"og:description\" content=\"Para obter informa\u00e7\u00f5es ou d\u00favidas sobre como se tornar um membro da SGCI, entre em contato com:\" \/>\n<meta property=\"og:url\" content=\"https:\/\/sgciafrica.org\/contact\/\" \/>\n<meta property=\"og:site_name\" content=\"SGCI Africa\" \/>\n<meta property=\"article:modified_time\" content=\"2024-10-10T15:13:55+00:00\" \/>\n<meta name=\"twitter:card\" content=\"summary_large_image\" \/>\n<meta name=\"twitter:site\" content=\"@SGCIAfrica\" \/>\n<script type=\"application\/ld+json\" class=\"yoast-schema-graph\">{\"@context\":\"https:\\\/\\\/schema.org\",\"@graph\":[{\"@type\":\"WebPage\",\"@id\":\"https:\\\/\\\/sgciafrica.org\\\/contact\\\/\",\"url\":\"https:\\\/\\\/sgciafrica.org\\\/contact\\\/\",\"name\":\"Contato - SGCI Africa\",\"isPartOf\":{\"@id\":\"https:\\\/\\\/sgciafrica.org\\\/#website\"},\"datePublished\":\"2024-04-03T11:10:14+00:00\",\"dateModified\":\"2024-10-10T15:13:55+00:00\",\"breadcrumb\":{\"@id\":\"https:\\\/\\\/sgciafrica.org\\\/contact\\\/#breadcrumb\"},\"inLanguage\":\"pt-BR\",\"potentialAction\":[{\"@type\":\"ReadAction\",\"target\":[\"https:\\\/\\\/sgciafrica.org\\\/contact\\\/\"]}]},{\"@type\":\"BreadcrumbList\",\"@id\":\"https:\\\/\\\/sgciafrica.org\\\/contact\\\/#breadcrumb\",\"itemListElement\":[{\"@type\":\"ListItem\",\"position\":1,\"name\":\"Home\",\"item\":\"https:\\\/\\\/sgciafrica.org\\\/pt\\\/\"},{\"@type\":\"ListItem\",\"position\":2,\"name\":\"Contato\"}]},{\"@type\":\"WebSite\",\"@id\":\"https:\\\/\\\/sgciafrica.org\\\/#website\",\"url\":\"https:\\\/\\\/sgciafrica.org\\\/\",\"name\":\"SGCI Africa\",\"description\":\"\",\"publisher\":{\"@id\":\"https:\\\/\\\/sgciafrica.org\\\/#organization\"},\"potentialAction\":[{\"@type\":\"SearchAction\",\"target\":{\"@type\":\"EntryPoint\",\"urlTemplate\":\"https:\\\/\\\/sgciafrica.org\\\/?s={search_term_string}\"},\"query-input\":{\"@type\":\"PropertyValueSpecification\",\"valueRequired\":true,\"valueName\":\"search_term_string\"}}],\"inLanguage\":\"pt-BR\"},{\"@type\":\"Organization\",\"@id\":\"https:\\\/\\\/sgciafrica.org\\\/#organization\",\"name\":\"SGCI Africa\",\"url\":\"https:\\\/\\\/sgciafrica.org\\\/\",\"logo\":{\"@type\":\"ImageObject\",\"inLanguage\":\"pt-BR\",\"@id\":\"https:\\\/\\\/sgciafrica.org\\\/#\\\/schema\\\/logo\\\/image\\\/\",\"url\":\"https:\\\/\\\/sgciafrica.org\\\/wp-content\\\/uploads\\\/2024\\\/12\\\/SGCI_Logo_Secondary_Large.png\",\"contentUrl\":\"https:\\\/\\\/sgciafrica.org\\\/wp-content\\\/uploads\\\/2024\\\/12\\\/SGCI_Logo_Secondary_Large.png\",\"width\":3888,\"height\":1080,\"caption\":\"SGCI Africa\"},\"image\":{\"@id\":\"https:\\\/\\\/sgciafrica.org\\\/#\\\/schema\\\/logo\\\/image\\\/\"},\"sameAs\":[\"https:\\\/\\\/x.com\\\/SGCIAfrica\"]}]}<\/script>\n<!-- \/ Yoast SEO Premium plugin. -->","yoast_head_json":{"title":"Contato - SGCI Africa","robots":{"index":"index","follow":"follow","max-snippet":"max-snippet:-1","max-image-preview":"max-image-preview:large","max-video-preview":"max-video-preview:-1"},"canonical":"https:\/\/sgciafrica.org\/contact\/","og_locale":"pt_BR","og_type":"article","og_title":"Contato","og_description":"Para obter informa\u00e7\u00f5es ou d\u00favidas sobre como se tornar um membro da SGCI, entre em contato com:","og_url":"https:\/\/sgciafrica.org\/contact\/","og_site_name":"SGCI Africa","article_modified_time":"2024-10-10T15:13:55+00:00","twitter_card":"summary_large_image","twitter_site":"@SGCIAfrica","schema":{"@context":"https:\/\/schema.org","@graph":[{"@type":"WebPage","@id":"https:\/\/sgciafrica.org\/contact\/","url":"https:\/\/sgciafrica.org\/contact\/","name":"Contato - SGCI Africa","isPartOf":{"@id":"https:\/\/sgciafrica.org\/#website"},"datePublished":"2024-04-03T11:10:14+00:00","dateModified":"2024-10-10T15:13:55+00:00","breadcrumb":{"@id":"https:\/\/sgciafrica.org\/contact\/#breadcrumb"},"inLanguage":"pt-BR","potentialAction":[{"@type":"ReadAction","target":["https:\/\/sgciafrica.org\/contact\/"]}]},{"@type":"BreadcrumbList","@id":"https:\/\/sgciafrica.org\/contact\/#breadcrumb","itemListElement":[{"@type":"ListItem","position":1,"name":"Home","item":"https:\/\/sgciafrica.org\/pt\/"},{"@type":"ListItem","position":2,"name":"Contato"}]},{"@type":"WebSite","@id":"https:\/\/sgciafrica.org\/#website","url":"https:\/\/sgciafrica.org\/","name":"SGCI Africa","description":"","publisher":{"@id":"https:\/\/sgciafrica.org\/#organization"},"potentialAction":[{"@type":"SearchAction","target":{"@type":"EntryPoint","urlTemplate":"https:\/\/sgciafrica.org\/?s={search_term_string}"},"query-input":{"@type":"PropertyValueSpecification","valueRequired":true,"valueName":"search_term_string"}}],"inLanguage":"pt-BR"},{"@type":"Organization","@id":"https:\/\/sgciafrica.org\/#organization","name":"SGCI Africa","url":"https:\/\/sgciafrica.org\/","logo":{"@type":"ImageObject","inLanguage":"pt-BR","@id":"https:\/\/sgciafrica.org\/#\/schema\/logo\/image\/","url":"https:\/\/sgciafrica.org\/wp-content\/uploads\/2024\/12\/SGCI_Logo_Secondary_Large.png","contentUrl":"https:\/\/sgciafrica.org\/wp-content\/uploads\/2024\/12\/SGCI_Logo_Secondary_Large.png","width":3888,"height":1080,"caption":"SGCI Africa"},"image":{"@id":"https:\/\/sgciafrica.org\/#\/schema\/logo\/image\/"},"sameAs":["https:\/\/x.com\/SGCIAfrica"]}]}},"uagb_featured_image_src":{"full":false,"thumbnail":false,"medium":false,"medium_large":false,"large":false,"1536x1536":false,"2048x2048":false,"sg-full-width":false,"sg-full-content-width":false,"sg-container-half":false,"sg-single-tile":false,"sg-council-user":false},"uagb_author_info":{"display_name":"modular","author_link":"https:\/\/sgciafrica.org\/pt\/author\/modular\/"},"uagb_comment_info":0,"uagb_excerpt":"Para obter informa\u00e7\u00f5es ou d\u00favidas sobre como se tornar um membro da SGCI, entre em contato com:","_links":{"self":[{"href":"https:\/\/sgciafrica.org\/pt\/wp-json\/wp\/v2\/pages\/17726","targetHints":{"allow":["GET"]}}],"collection":[{"href":"https:\/\/sgciafrica.org\/pt\/wp-json\/wp\/v2\/pages"}],"about":[{"href":"https:\/\/sgciafrica.org\/pt\/wp-json\/wp\/v2\/types\/page"}],"author":[{"embeddable":true,"href":"https:\/\/sgciafrica.org\/pt\/wp-json\/wp\/v2\/users\/1"}],"replies":[{"embeddable":true,"href":"https:\/\/sgciafrica.org\/pt\/wp-json\/wp\/v2\/comments?post=17726"}],"version-history":[{"count":0,"href":"https:\/\/sgciafrica.org\/pt\/wp-json\/wp\/v2\/pages\/17726\/revisions"}],"wp:attachment":[{"href":"https:\/\/sgciafrica.org\/pt\/wp-json\/wp\/v2\/media?parent=17726"}],"curies":[{"name":"wp","href":"https:\/\/api.w.org\/{rel}","templated":true}]}}