{"id":17724,"date":"2024-03-21T09:50:10","date_gmt":"2024-03-21T09:50:10","guid":{"rendered":"https:\/\/sgciafrica.org\/sobre-nos\/governanca\/"},"modified":"2024-07-10T12:54:49","modified_gmt":"2024-07-10T11:54:49","slug":"governanca","status":"publish","type":"page","link":"https:\/\/sgciafrica.org\/pt\/sobre-nos\/governanca\/","title":{"rendered":"Governan\u00e7a"},"content":{"rendered":"\n<h2 class=\"wp-block-heading\"><strong>A equipe de gerenciamento da iniciativa<\/strong><\/h2>\n\n\n\n<p>A Equipe de Gerenciamento da Iniciativa (IMT), composta por funcion\u00e1rios do IDRC e da NRF, \u00e9 respons\u00e1vel pela supervis\u00e3o da programa\u00e7\u00e3o.<\/p>\n\n\n\n<h2 class=\"wp-block-heading\"><strong>O Comit\u00ea Executivo<\/strong><\/h2>\n\n\n\n<p>O Comit\u00ea Executivo (CE), composto por representantes dos Parceiros de Financiamento da SGCI, oferece supervis\u00e3o estrat\u00e9gica.<\/p>\n","protected":false},"excerpt":{"rendered":"<p>A estrutura de governan\u00e7a e gerenciamento da Science Granting Councils Initiative (SGCI) consiste no Comit\u00ea Executivo, no Comit\u00ea de Conselhos, no Painel de Consultores e na Equipe de Gerenciamento da Iniciativa.<\/p>\n","protected":false},"author":1,"featured_media":0,"parent":17309,"menu_order":0,"comment_status":"closed","ping_status":"closed","template":"","meta":{"_acf_changed":false,"_uag_custom_page_level_css":"","footnotes":""},"class_list":["post-17724","page","type-page","status-publish","hentry"],"acf":[],"yoast_head":"<!-- This site is optimized with the Yoast SEO Premium plugin v27.2 (Yoast SEO v27.3) - https:\/\/yoast.com\/product\/yoast-seo-premium-wordpress\/ -->\n<title>Governan\u00e7a - SGCI Africa<\/title>\n<meta name=\"robots\" content=\"index, follow, max-snippet:-1, max-image-preview:large, max-video-preview:-1\" \/>\n<link rel=\"canonical\" href=\"https:\/\/sgciafrica.org\/pt\/sobre-nos\/governanca\/\" \/>\n<meta property=\"og:locale\" content=\"pt_BR\" \/>\n<meta property=\"og:type\" content=\"article\" \/>\n<meta property=\"og:title\" content=\"Governan\u00e7a\" \/>\n<meta property=\"og:description\" content=\"A estrutura de governan\u00e7a e gerenciamento da Science Granting Councils Initiative (SGCI) consiste no Comit\u00ea Executivo, no Comit\u00ea de Conselhos, no Painel de Consultores e na Equipe de Gerenciamento da Iniciativa.\" \/>\n<meta property=\"og:url\" content=\"https:\/\/sgciafrica.org\/pt\/sobre-nos\/governanca\/\" \/>\n<meta property=\"og:site_name\" content=\"SGCI Africa\" \/>\n<meta property=\"article:modified_time\" content=\"2024-07-10T11:54:49+00:00\" \/>\n<meta name=\"twitter:card\" content=\"summary_large_image\" \/>\n<meta name=\"twitter:site\" content=\"@SGCIAfrica\" \/>\n<script type=\"application\/ld+json\" class=\"yoast-schema-graph\">{\"@context\":\"https:\\\/\\\/schema.org\",\"@graph\":[{\"@type\":\"WebPage\",\"@id\":\"https:\\\/\\\/sgciafrica.org\\\/pt\\\/sobre-nos\\\/governanca\\\/\",\"url\":\"https:\\\/\\\/sgciafrica.org\\\/pt\\\/sobre-nos\\\/governanca\\\/\",\"name\":\"Governan\u00e7a - SGCI Africa\",\"isPartOf\":{\"@id\":\"https:\\\/\\\/sgciafrica.org\\\/#website\"},\"datePublished\":\"2024-03-21T09:50:10+00:00\",\"dateModified\":\"2024-07-10T11:54:49+00:00\",\"breadcrumb\":{\"@id\":\"https:\\\/\\\/sgciafrica.org\\\/pt\\\/sobre-nos\\\/governanca\\\/#breadcrumb\"},\"inLanguage\":\"pt-BR\",\"potentialAction\":[{\"@type\":\"ReadAction\",\"target\":[\"https:\\\/\\\/sgciafrica.org\\\/pt\\\/sobre-nos\\\/governanca\\\/\"]}]},{\"@type\":\"BreadcrumbList\",\"@id\":\"https:\\\/\\\/sgciafrica.org\\\/pt\\\/sobre-nos\\\/governanca\\\/#breadcrumb\",\"itemListElement\":[{\"@type\":\"ListItem\",\"position\":1,\"name\":\"Home\",\"item\":\"https:\\\/\\\/sgciafrica.org\\\/pt\\\/\"},{\"@type\":\"ListItem\",\"position\":2,\"name\":\"Sobre n\u00f3s\",\"item\":\"https:\\\/\\\/sgciafrica.org\\\/pt\\\/sobre-nos\\\/\"},{\"@type\":\"ListItem\",\"position\":3,\"name\":\"Governan\u00e7a\"}]},{\"@type\":\"WebSite\",\"@id\":\"https:\\\/\\\/sgciafrica.org\\\/#website\",\"url\":\"https:\\\/\\\/sgciafrica.org\\\/\",\"name\":\"SGCI Africa\",\"description\":\"\",\"publisher\":{\"@id\":\"https:\\\/\\\/sgciafrica.org\\\/#organization\"},\"potentialAction\":[{\"@type\":\"SearchAction\",\"target\":{\"@type\":\"EntryPoint\",\"urlTemplate\":\"https:\\\/\\\/sgciafrica.org\\\/?s={search_term_string}\"},\"query-input\":{\"@type\":\"PropertyValueSpecification\",\"valueRequired\":true,\"valueName\":\"search_term_string\"}}],\"inLanguage\":\"pt-BR\"},{\"@type\":\"Organization\",\"@id\":\"https:\\\/\\\/sgciafrica.org\\\/#organization\",\"name\":\"SGCI Africa\",\"url\":\"https:\\\/\\\/sgciafrica.org\\\/\",\"logo\":{\"@type\":\"ImageObject\",\"inLanguage\":\"pt-BR\",\"@id\":\"https:\\\/\\\/sgciafrica.org\\\/#\\\/schema\\\/logo\\\/image\\\/\",\"url\":\"https:\\\/\\\/sgciafrica.org\\\/wp-content\\\/uploads\\\/2024\\\/12\\\/SGCI_Logo_Secondary_Large.png\",\"contentUrl\":\"https:\\\/\\\/sgciafrica.org\\\/wp-content\\\/uploads\\\/2024\\\/12\\\/SGCI_Logo_Secondary_Large.png\",\"width\":3888,\"height\":1080,\"caption\":\"SGCI Africa\"},\"image\":{\"@id\":\"https:\\\/\\\/sgciafrica.org\\\/#\\\/schema\\\/logo\\\/image\\\/\"},\"sameAs\":[\"https:\\\/\\\/x.com\\\/SGCIAfrica\"]}]}<\/script>\n<!-- \/ Yoast SEO Premium plugin. -->","yoast_head_json":{"title":"Governan\u00e7a - SGCI Africa","robots":{"index":"index","follow":"follow","max-snippet":"max-snippet:-1","max-image-preview":"max-image-preview:large","max-video-preview":"max-video-preview:-1"},"canonical":"https:\/\/sgciafrica.org\/pt\/sobre-nos\/governanca\/","og_locale":"pt_BR","og_type":"article","og_title":"Governan\u00e7a","og_description":"A estrutura de governan\u00e7a e gerenciamento da Science Granting Councils Initiative (SGCI) consiste no Comit\u00ea Executivo, no Comit\u00ea de Conselhos, no Painel de Consultores e na Equipe de Gerenciamento da Iniciativa.","og_url":"https:\/\/sgciafrica.org\/pt\/sobre-nos\/governanca\/","og_site_name":"SGCI Africa","article_modified_time":"2024-07-10T11:54:49+00:00","twitter_card":"summary_large_image","twitter_site":"@SGCIAfrica","schema":{"@context":"https:\/\/schema.org","@graph":[{"@type":"WebPage","@id":"https:\/\/sgciafrica.org\/pt\/sobre-nos\/governanca\/","url":"https:\/\/sgciafrica.org\/pt\/sobre-nos\/governanca\/","name":"Governan\u00e7a - SGCI Africa","isPartOf":{"@id":"https:\/\/sgciafrica.org\/#website"},"datePublished":"2024-03-21T09:50:10+00:00","dateModified":"2024-07-10T11:54:49+00:00","breadcrumb":{"@id":"https:\/\/sgciafrica.org\/pt\/sobre-nos\/governanca\/#breadcrumb"},"inLanguage":"pt-BR","potentialAction":[{"@type":"ReadAction","target":["https:\/\/sgciafrica.org\/pt\/sobre-nos\/governanca\/"]}]},{"@type":"BreadcrumbList","@id":"https:\/\/sgciafrica.org\/pt\/sobre-nos\/governanca\/#breadcrumb","itemListElement":[{"@type":"ListItem","position":1,"name":"Home","item":"https:\/\/sgciafrica.org\/pt\/"},{"@type":"ListItem","position":2,"name":"Sobre n\u00f3s","item":"https:\/\/sgciafrica.org\/pt\/sobre-nos\/"},{"@type":"ListItem","position":3,"name":"Governan\u00e7a"}]},{"@type":"WebSite","@id":"https:\/\/sgciafrica.org\/#website","url":"https:\/\/sgciafrica.org\/","name":"SGCI Africa","description":"","publisher":{"@id":"https:\/\/sgciafrica.org\/#organization"},"potentialAction":[{"@type":"SearchAction","target":{"@type":"EntryPoint","urlTemplate":"https:\/\/sgciafrica.org\/?s={search_term_string}"},"query-input":{"@type":"PropertyValueSpecification","valueRequired":true,"valueName":"search_term_string"}}],"inLanguage":"pt-BR"},{"@type":"Organization","@id":"https:\/\/sgciafrica.org\/#organization","name":"SGCI Africa","url":"https:\/\/sgciafrica.org\/","logo":{"@type":"ImageObject","inLanguage":"pt-BR","@id":"https:\/\/sgciafrica.org\/#\/schema\/logo\/image\/","url":"https:\/\/sgciafrica.org\/wp-content\/uploads\/2024\/12\/SGCI_Logo_Secondary_Large.png","contentUrl":"https:\/\/sgciafrica.org\/wp-content\/uploads\/2024\/12\/SGCI_Logo_Secondary_Large.png","width":3888,"height":1080,"caption":"SGCI Africa"},"image":{"@id":"https:\/\/sgciafrica.org\/#\/schema\/logo\/image\/"},"sameAs":["https:\/\/x.com\/SGCIAfrica"]}]}},"uagb_featured_image_src":{"full":false,"thumbnail":false,"medium":false,"medium_large":false,"large":false,"1536x1536":false,"2048x2048":false,"sg-full-width":false,"sg-full-content-width":false,"sg-container-half":false,"sg-single-tile":false,"sg-council-user":false},"uagb_author_info":{"display_name":"modular","author_link":"https:\/\/sgciafrica.org\/pt\/author\/modular\/"},"uagb_comment_info":0,"uagb_excerpt":"A estrutura de governan\u00e7a e gerenciamento da Science Granting Councils Initiative (SGCI) consiste no Comit\u00ea Executivo, no Comit\u00ea de Conselhos, no Painel de Consultores e na Equipe de Gerenciamento da Iniciativa.","_links":{"self":[{"href":"https:\/\/sgciafrica.org\/pt\/wp-json\/wp\/v2\/pages\/17724","targetHints":{"allow":["GET"]}}],"collection":[{"href":"https:\/\/sgciafrica.org\/pt\/wp-json\/wp\/v2\/pages"}],"about":[{"href":"https:\/\/sgciafrica.org\/pt\/wp-json\/wp\/v2\/types\/page"}],"author":[{"embeddable":true,"href":"https:\/\/sgciafrica.org\/pt\/wp-json\/wp\/v2\/users\/1"}],"replies":[{"embeddable":true,"href":"https:\/\/sgciafrica.org\/pt\/wp-json\/wp\/v2\/comments?post=17724"}],"version-history":[{"count":0,"href":"https:\/\/sgciafrica.org\/pt\/wp-json\/wp\/v2\/pages\/17724\/revisions"}],"up":[{"embeddable":true,"href":"https:\/\/sgciafrica.org\/pt\/wp-json\/wp\/v2\/pages\/17309"}],"wp:attachment":[{"href":"https:\/\/sgciafrica.org\/pt\/wp-json\/wp\/v2\/media?parent=17724"}],"curies":[{"name":"wp","href":"https:\/\/api.w.org\/{rel}","templated":true}]}}