{"id":17723,"date":"2024-03-21T10:18:52","date_gmt":"2024-03-21T10:18:52","guid":{"rendered":"https:\/\/sgciafrica.org\/sobre-nos\/painel-consultivo\/"},"modified":"2024-07-10T12:54:26","modified_gmt":"2024-07-10T11:54:26","slug":"painel-consultivo","status":"publish","type":"page","link":"https:\/\/sgciafrica.org\/pt\/sobre-nos\/painel-consultivo\/","title":{"rendered":"Painel Consultivo"},"content":{"rendered":"\n\n\t<ul>\n<li><strong>Dr. John Kirkland<\/strong><br>\nPresidente, Diversidade no Desenvolvimento, Reino Unido\n<hr>\n<\/li>\n<li><strong>Prof. Daouda Kon\u00e9<\/strong><br>\nDiretor de Capacita\u00e7\u00e3o, Centro de Servi\u00e7os Cient\u00edficos da \u00c1frica Ocidental sobre Mudan\u00e7as Clim\u00e1ticas e Uso Adaptado da Terra (WASCAL), Gana\n<hr>\n<\/li>\n<li><strong>Prof. Patricia Lar<\/strong><br>\nProfessor da Universidade de Jos e vice-presidente da Associa\u00e7\u00e3o de Gest\u00e3o de Pesquisa e Inova\u00e7\u00e3o da \u00c1frica Ocidental (WARIMA), Nig\u00e9ria\n<hr>\n<\/li>\n<\/ul>\n<ul>\n<li><strong>Prof. Teboho Moja<\/strong><br>\nProfessor Cl\u00ednico de Educa\u00e7\u00e3o Superior e Presidente do Departamento: Administra\u00e7\u00e3o, Lideran\u00e7a e Tecnologia, Universidade de Nova York, EUA\n<hr>\n<\/li>\n<\/ul>\n<ul>\n<li><strong>Prof. Muna Ndulo<\/strong><br>\nWilliam Nelson Cromwell Professor de Direito Internacional e Comparado, Cornell Law School, EUA\n<hr>\n<\/li>\n<\/ul>\n<ul>\n<li><strong>Prof. Frans Swanepoel<\/strong><br>\nDiretor: Parcerias Estrat\u00e9gicas Internacionais e Professor, Transforma\u00e7\u00e3o Agr\u00edcola na \u00c1frica (ATA), Centro para o Avan\u00e7o da Bolsa de Estudos, Universidade de Pret\u00f3ria, \u00c1frica do Sul\n<hr>\n<\/li>\n<\/ul>\n\n","protected":false},"excerpt":{"rendered":"<p>O painel de consultores<\/p>\n","protected":false},"author":1,"featured_media":0,"parent":17309,"menu_order":0,"comment_status":"closed","ping_status":"closed","template":"","meta":{"_acf_changed":false,"_uag_custom_page_level_css":"","footnotes":""},"class_list":["post-17723","page","type-page","status-publish","hentry"],"acf":[],"yoast_head":"<!-- This site is optimized with the Yoast SEO Premium plugin v27.3 (Yoast SEO v27.5) - https:\/\/yoast.com\/product\/yoast-seo-premium-wordpress\/ -->\n<title>Painel Consultivo - SGCI Africa<\/title>\n<meta name=\"robots\" content=\"index, follow, max-snippet:-1, max-image-preview:large, max-video-preview:-1\" \/>\n<link rel=\"canonical\" href=\"https:\/\/sgciafrica.org\/pt\/sobre-nos\/painel-consultivo\/\" \/>\n<meta property=\"og:locale\" content=\"pt_BR\" \/>\n<meta property=\"og:type\" content=\"article\" \/>\n<meta property=\"og:title\" content=\"Painel Consultivo\" \/>\n<meta property=\"og:description\" content=\"O painel de consultores\" \/>\n<meta property=\"og:url\" content=\"https:\/\/sgciafrica.org\/pt\/sobre-nos\/painel-consultivo\/\" \/>\n<meta property=\"og:site_name\" content=\"SGCI Africa\" \/>\n<meta property=\"article:modified_time\" content=\"2024-07-10T11:54:26+00:00\" \/>\n<meta name=\"twitter:card\" content=\"summary_large_image\" \/>\n<meta name=\"twitter:site\" content=\"@SGCIAfrica\" \/>\n<meta name=\"twitter:label1\" content=\"Est. tempo de leitura\" \/>\n\t<meta name=\"twitter:data1\" content=\"1 minuto\" \/>\n<script type=\"application\/ld+json\" class=\"yoast-schema-graph\">{\"@context\":\"https:\\\/\\\/schema.org\",\"@graph\":[{\"@type\":\"WebPage\",\"@id\":\"https:\\\/\\\/sgciafrica.org\\\/pt\\\/sobre-nos\\\/painel-consultivo\\\/\",\"url\":\"https:\\\/\\\/sgciafrica.org\\\/pt\\\/sobre-nos\\\/painel-consultivo\\\/\",\"name\":\"Painel Consultivo - SGCI Africa\",\"isPartOf\":{\"@id\":\"https:\\\/\\\/sgciafrica.org\\\/#website\"},\"datePublished\":\"2024-03-21T10:18:52+00:00\",\"dateModified\":\"2024-07-10T11:54:26+00:00\",\"breadcrumb\":{\"@id\":\"https:\\\/\\\/sgciafrica.org\\\/pt\\\/sobre-nos\\\/painel-consultivo\\\/#breadcrumb\"},\"inLanguage\":\"pt-BR\",\"potentialAction\":[{\"@type\":\"ReadAction\",\"target\":[\"https:\\\/\\\/sgciafrica.org\\\/pt\\\/sobre-nos\\\/painel-consultivo\\\/\"]}]},{\"@type\":\"BreadcrumbList\",\"@id\":\"https:\\\/\\\/sgciafrica.org\\\/pt\\\/sobre-nos\\\/painel-consultivo\\\/#breadcrumb\",\"itemListElement\":[{\"@type\":\"ListItem\",\"position\":1,\"name\":\"Home\",\"item\":\"https:\\\/\\\/sgciafrica.org\\\/pt\\\/\"},{\"@type\":\"ListItem\",\"position\":2,\"name\":\"Sobre n\u00f3s\",\"item\":\"https:\\\/\\\/sgciafrica.org\\\/pt\\\/sobre-nos\\\/\"},{\"@type\":\"ListItem\",\"position\":3,\"name\":\"Painel Consultivo\"}]},{\"@type\":\"WebSite\",\"@id\":\"https:\\\/\\\/sgciafrica.org\\\/#website\",\"url\":\"https:\\\/\\\/sgciafrica.org\\\/\",\"name\":\"SGCI Africa\",\"description\":\"\",\"publisher\":{\"@id\":\"https:\\\/\\\/sgciafrica.org\\\/#organization\"},\"potentialAction\":[{\"@type\":\"SearchAction\",\"target\":{\"@type\":\"EntryPoint\",\"urlTemplate\":\"https:\\\/\\\/sgciafrica.org\\\/?s={search_term_string}\"},\"query-input\":{\"@type\":\"PropertyValueSpecification\",\"valueRequired\":true,\"valueName\":\"search_term_string\"}}],\"inLanguage\":\"pt-BR\"},{\"@type\":\"Organization\",\"@id\":\"https:\\\/\\\/sgciafrica.org\\\/#organization\",\"name\":\"SGCI Africa\",\"url\":\"https:\\\/\\\/sgciafrica.org\\\/\",\"logo\":{\"@type\":\"ImageObject\",\"inLanguage\":\"pt-BR\",\"@id\":\"https:\\\/\\\/sgciafrica.org\\\/#\\\/schema\\\/logo\\\/image\\\/\",\"url\":\"https:\\\/\\\/sgciafrica.org\\\/wp-content\\\/uploads\\\/2024\\\/12\\\/SGCI_Logo_Secondary_Large.png\",\"contentUrl\":\"https:\\\/\\\/sgciafrica.org\\\/wp-content\\\/uploads\\\/2024\\\/12\\\/SGCI_Logo_Secondary_Large.png\",\"width\":3888,\"height\":1080,\"caption\":\"SGCI Africa\"},\"image\":{\"@id\":\"https:\\\/\\\/sgciafrica.org\\\/#\\\/schema\\\/logo\\\/image\\\/\"},\"sameAs\":[\"https:\\\/\\\/x.com\\\/SGCIAfrica\"]}]}<\/script>\n<!-- \/ Yoast SEO Premium plugin. -->","yoast_head_json":{"title":"Painel Consultivo - SGCI Africa","robots":{"index":"index","follow":"follow","max-snippet":"max-snippet:-1","max-image-preview":"max-image-preview:large","max-video-preview":"max-video-preview:-1"},"canonical":"https:\/\/sgciafrica.org\/pt\/sobre-nos\/painel-consultivo\/","og_locale":"pt_BR","og_type":"article","og_title":"Painel Consultivo","og_description":"O painel de consultores","og_url":"https:\/\/sgciafrica.org\/pt\/sobre-nos\/painel-consultivo\/","og_site_name":"SGCI Africa","article_modified_time":"2024-07-10T11:54:26+00:00","twitter_card":"summary_large_image","twitter_site":"@SGCIAfrica","twitter_misc":{"Est. tempo de leitura":"1 minuto"},"schema":{"@context":"https:\/\/schema.org","@graph":[{"@type":"WebPage","@id":"https:\/\/sgciafrica.org\/pt\/sobre-nos\/painel-consultivo\/","url":"https:\/\/sgciafrica.org\/pt\/sobre-nos\/painel-consultivo\/","name":"Painel Consultivo - SGCI Africa","isPartOf":{"@id":"https:\/\/sgciafrica.org\/#website"},"datePublished":"2024-03-21T10:18:52+00:00","dateModified":"2024-07-10T11:54:26+00:00","breadcrumb":{"@id":"https:\/\/sgciafrica.org\/pt\/sobre-nos\/painel-consultivo\/#breadcrumb"},"inLanguage":"pt-BR","potentialAction":[{"@type":"ReadAction","target":["https:\/\/sgciafrica.org\/pt\/sobre-nos\/painel-consultivo\/"]}]},{"@type":"BreadcrumbList","@id":"https:\/\/sgciafrica.org\/pt\/sobre-nos\/painel-consultivo\/#breadcrumb","itemListElement":[{"@type":"ListItem","position":1,"name":"Home","item":"https:\/\/sgciafrica.org\/pt\/"},{"@type":"ListItem","position":2,"name":"Sobre n\u00f3s","item":"https:\/\/sgciafrica.org\/pt\/sobre-nos\/"},{"@type":"ListItem","position":3,"name":"Painel Consultivo"}]},{"@type":"WebSite","@id":"https:\/\/sgciafrica.org\/#website","url":"https:\/\/sgciafrica.org\/","name":"SGCI Africa","description":"","publisher":{"@id":"https:\/\/sgciafrica.org\/#organization"},"potentialAction":[{"@type":"SearchAction","target":{"@type":"EntryPoint","urlTemplate":"https:\/\/sgciafrica.org\/?s={search_term_string}"},"query-input":{"@type":"PropertyValueSpecification","valueRequired":true,"valueName":"search_term_string"}}],"inLanguage":"pt-BR"},{"@type":"Organization","@id":"https:\/\/sgciafrica.org\/#organization","name":"SGCI Africa","url":"https:\/\/sgciafrica.org\/","logo":{"@type":"ImageObject","inLanguage":"pt-BR","@id":"https:\/\/sgciafrica.org\/#\/schema\/logo\/image\/","url":"https:\/\/sgciafrica.org\/wp-content\/uploads\/2024\/12\/SGCI_Logo_Secondary_Large.png","contentUrl":"https:\/\/sgciafrica.org\/wp-content\/uploads\/2024\/12\/SGCI_Logo_Secondary_Large.png","width":3888,"height":1080,"caption":"SGCI Africa"},"image":{"@id":"https:\/\/sgciafrica.org\/#\/schema\/logo\/image\/"},"sameAs":["https:\/\/x.com\/SGCIAfrica"]}]}},"uagb_featured_image_src":{"full":false,"thumbnail":false,"medium":false,"medium_large":false,"large":false,"1536x1536":false,"2048x2048":false,"sg-full-width":false,"sg-full-content-width":false,"sg-container-half":false,"sg-single-tile":false,"sg-council-user":false},"uagb_author_info":{"display_name":"modular","author_link":"https:\/\/sgciafrica.org\/pt\/author\/modular\/"},"uagb_comment_info":0,"uagb_excerpt":"O painel de consultores","_links":{"self":[{"href":"https:\/\/sgciafrica.org\/pt\/wp-json\/wp\/v2\/pages\/17723","targetHints":{"allow":["GET"]}}],"collection":[{"href":"https:\/\/sgciafrica.org\/pt\/wp-json\/wp\/v2\/pages"}],"about":[{"href":"https:\/\/sgciafrica.org\/pt\/wp-json\/wp\/v2\/types\/page"}],"author":[{"embeddable":true,"href":"https:\/\/sgciafrica.org\/pt\/wp-json\/wp\/v2\/users\/1"}],"replies":[{"embeddable":true,"href":"https:\/\/sgciafrica.org\/pt\/wp-json\/wp\/v2\/comments?post=17723"}],"version-history":[{"count":0,"href":"https:\/\/sgciafrica.org\/pt\/wp-json\/wp\/v2\/pages\/17723\/revisions"}],"up":[{"embeddable":true,"href":"https:\/\/sgciafrica.org\/pt\/wp-json\/wp\/v2\/pages\/17309"}],"wp:attachment":[{"href":"https:\/\/sgciafrica.org\/pt\/wp-json\/wp\/v2\/media?parent=17723"}],"curies":[{"name":"wp","href":"https:\/\/api.w.org\/{rel}","templated":true}]}}