{"id":17722,"date":"2024-03-19T07:13:38","date_gmt":"2024-03-19T07:13:38","guid":{"rendered":"https:\/\/sgciafrica.org\/nosso-trabalho-e-impacto\/projetos\/"},"modified":"2026-02-11T13:39:38","modified_gmt":"2026-02-11T13:39:38","slug":"projetos","status":"publish","type":"page","link":"https:\/\/sgciafrica.org\/pt\/nosso-trabalho-e-impacto\/projetos\/","title":{"rendered":"Projetos"},"content":{"rendered":"\n\n\t        <label for=\"\">Pa\u00eds africano<\/label><br \/>\n        <div class=\"facetwp-facet facetwp-facet-african_country facetwp-type-dropdown\" data-name=\"african_country\" data-type=\"dropdown\"><\/div><br \/>\n        <label for=\"\">Temas<\/label><br \/>\n        <div class=\"facetwp-facet facetwp-facet-themes facetwp-type-dropdown\" data-name=\"themes\" data-type=\"dropdown\"><\/div><br \/>\n        <label for=\"\">Objetivos do Conselho<\/label><br \/>\n        <div class=\"facetwp-facet facetwp-facet-council_objectives facetwp-type-dropdown\" data-name=\"council_objectives\" data-type=\"dropdown\"><\/div><br \/>\n        <label for=\"\">ordem<\/label><br \/>\n        <div class=\"facetwp-facet facetwp-facet-order_by facetwp-type-sort\" data-name=\"order_by\" data-type=\"sort\"><\/div><br \/>\n        <div class=\"facetwp-facet facetwp-facet-result_count_project facetwp-type-pager\" data-name=\"result_count_project\" data-type=\"pager\"><\/div><br \/>\n     <div class=\"facetwp-template\" data-name=\"projects\">        <div class=\"member-archive__list-item\">\n        <div class=\"member-archive__list-img\">\n            <figure class=\"featured-image\">\n                <img loading=\"lazy\" decoding=\"async\" width=\"1294\" height=\"852\" src=\"https:\/\/sgciafrica.org\/wp-content\/uploads\/2024\/10\/divaris-shirichena-xZqfw-VXnYE-unsplash-1294x852.jpg\" class=\"attachment-sg-single-tile size-sg-single-tile wp-post-image\" alt=\"agriculture on a farm\" \/>            <\/figure>\n        <\/div>\n        <div class=\"member-archive__list-content\">\n            <div class=\"member-archive__list-meta\">\n                <a href=\"https:\/\/sgciafrica.org\/pt\/theme\/cooperation-projects-pt\/\" rel=\"tag\">Financiamento da Investiga\u00e7\u00e3o e Inova\u00e7\u00e3o<\/a>            <\/div>\n            <h2><a class=\"post-item\" data-id=\"24511\" href=\"https:\/\/sgciafrica.org\/pt\/project\/abordagem-integrada-do-ruanda-em-materia-de-agricultura-e-nutricao-sustentaveis-2\/\">Abordagem integrada do Ruanda em mat\u00e9ria de agricultura e nutri\u00e7\u00e3o sustent\u00e1veis<\/a><\/h2>\n            <div class=\"member-archive__list-excerpt\">\n                <p>T\u00edtulos de projectos e institui\u00e7\u00e3o \u00c1reas de investiga\u00e7\u00e3o N\u00famero de projectos financiados Dura\u00e7\u00e3o do projeto Montante da subven\u00e7\u00e3o Distribui\u00e7\u00e3o em esp\u00e9cie Conselho Colabora\u00e7\u00e3o com outros conselhos<\/p>\n            <\/div>\n            <div class=\"member-archive__list-links\">\n                <a href=\"https:\/\/sgciafrica.org\/pt\/country\/rwanda-pt\/\" rel=\"tag\">Rwanda<\/a>            <\/div>\n        <\/div>\n    <\/div>\n    <div class=\"member-archive__list-item\">\n        <div class=\"member-archive__list-img\">\n            <figure class=\"featured-image\">\n                <img loading=\"lazy\" decoding=\"async\" width=\"1294\" height=\"852\" src=\"https:\/\/sgciafrica.org\/wp-content\/uploads\/2025\/06\/food-3819251_1920-1294x852.jpg\" class=\"attachment-sg-single-tile size-sg-single-tile wp-post-image\" alt=\"Food security in Africa\" \/>            <\/figure>\n        <\/div>\n        <div class=\"member-archive__list-content\">\n            <div class=\"member-archive__list-meta\">\n                <a href=\"https:\/\/sgciafrica.org\/pt\/theme\/cooperation-projects-pt\/\" rel=\"tag\">Financiamento da Investiga\u00e7\u00e3o e Inova\u00e7\u00e3o<\/a>            <\/div>\n            <h2><a class=\"post-item\" data-id=\"23902\" href=\"https:\/\/sgciafrica.org\/pt\/project\/os-melhores-investigadores-da-zambia-sao-pioneiros-em-solucoes-para-a-resiliencia-climatica-a-seguranca-alimentar-e-o-crescimento-economico\/\">Os melhores investigadores da Z\u00e2mbia s\u00e3o pioneiros em solu\u00e7\u00f5es para a resili\u00eancia clim\u00e1tica, a seguran\u00e7a alimentar e o crescimento econ\u00f3mico<\/a><\/h2>\n            <div class=\"member-archive__list-excerpt\">\n                <p>T\u00edtulos de projectos e institui\u00e7\u00e3o \u00c1reas de investiga\u00e7\u00e3o N\u00famero de projectos financiados Dura\u00e7\u00e3o do projeto Montante da subven\u00e7\u00e3o Distribui\u00e7\u00e3o em esp\u00e9cie Conselho Colabora\u00e7\u00e3o com outros conselhos<\/p>\n            <\/div>\n            <div class=\"member-archive__list-links\">\n                <a href=\"https:\/\/sgciafrica.org\/pt\/country\/mozambique-pt\/\" rel=\"tag\">Mozambique<\/a><a href=\"https:\/\/sgciafrica.org\/pt\/country\/namibia-pt\/\" rel=\"tag\">Namibia<\/a><a href=\"https:\/\/sgciafrica.org\/pt\/country\/zambia-pt\/\" rel=\"tag\">Zambia<\/a>            <\/div>\n        <\/div>\n    <\/div>\n    <div class=\"member-archive__list-item\">\n        <div class=\"member-archive__list-img\">\n            <figure class=\"featured-image\">\n                <img loading=\"lazy\" decoding=\"async\" width=\"1294\" height=\"852\" src=\"https:\/\/sgciafrica.org\/wp-content\/uploads\/2024\/10\/pexels-lagosfoodbank-8061688-1294x852.jpg\" class=\"attachment-sg-single-tile size-sg-single-tile wp-post-image\" alt=\"Young African child being examined by healthcare provider\" \/>            <\/figure>\n        <\/div>\n        <div class=\"member-archive__list-content\">\n            <div class=\"member-archive__list-meta\">\n                <a href=\"https:\/\/sgciafrica.org\/theme\/research-and-innovation\/\" rel=\"tag\">Funding Research and Innovation<\/a>            <\/div>\n            <h2><a class=\"post-item\" data-id=\"24300\" href=\"https:\/\/sgciafrica.org\/pt\/project\/6-projectos-que-melhoram-os-cuidados-de-saude-a-sustentabilidade-e-o-crescimento-economico-do-uganda\/\">6 projectos que melhoram os cuidados de sa\u00fade, a sustentabilidade e o crescimento econ\u00f3mico do Uganda<\/a><\/h2>\n            <div class=\"member-archive__list-excerpt\">\n                <p>T\u00edtulos de projectos e institui\u00e7\u00e3o \u00c1reas de investiga\u00e7\u00e3o N\u00famero de projectos financiados Dura\u00e7\u00e3o do projeto Montante da subven\u00e7\u00e3o Distribui\u00e7\u00e3o em esp\u00e9cie Conselho Colabora\u00e7\u00e3o com outros conselhos<\/p>\n            <\/div>\n            <div class=\"member-archive__list-links\">\n                <a href=\"https:\/\/sgciafrica.org\/country\/uganda\/\" rel=\"tag\">Uganda<\/a>            <\/div>\n        <\/div>\n    <\/div>\n    <div class=\"member-archive__list-item\">\n        <div class=\"member-archive__list-img\">\n            <figure class=\"featured-image\">\n                            <\/figure>\n        <\/div>\n        <div class=\"member-archive__list-content\">\n            <div class=\"member-archive__list-meta\">\n                <a href=\"https:\/\/sgciafrica.org\/theme\/research-and-innovation\/\" rel=\"tag\">Funding Research and Innovation<\/a>            <\/div>\n            <h2><a class=\"post-item\" data-id=\"24303\" href=\"https:\/\/sgciafrica.org\/pt\/project\/namibia-explora-a-investigacao-de-biofertilizantes-de-microbios-do-solo-para-uma-agricultura-sustentavel\/\">Nam\u00edbia explora a investiga\u00e7\u00e3o de biofertilizantes de micr\u00f3bios do solo para uma agricultura sustent\u00e1vel<\/a><\/h2>\n            <div class=\"member-archive__list-excerpt\">\n                <p>T\u00edtulos de projectos e institui\u00e7\u00e3o \u00c1reas de investiga\u00e7\u00e3o N\u00famero de projectos financiados Dura\u00e7\u00e3o do projeto Montante da subven\u00e7\u00e3o Distribui\u00e7\u00e3o em esp\u00e9cie Conselho Colabora\u00e7\u00e3o com outros conselhos<\/p>\n            <\/div>\n            <div class=\"member-archive__list-links\">\n                <a href=\"https:\/\/sgciafrica.org\/country\/namibia\/\" rel=\"tag\">Namibia<\/a><a href=\"https:\/\/sgciafrica.org\/country\/zambia\/\" rel=\"tag\">Zambia<\/a><a href=\"https:\/\/sgciafrica.org\/country\/zimbabwe\/\" rel=\"tag\">Zimbabwe<\/a>            <\/div>\n        <\/div>\n    <\/div>\n    <div class=\"member-archive__list-item\">\n        <div class=\"member-archive__list-img\">\n            <figure class=\"featured-image\">\n                            <\/figure>\n        <\/div>\n        <div class=\"member-archive__list-content\">\n            <div class=\"member-archive__list-meta\">\n                <a href=\"https:\/\/sgciafrica.org\/theme\/research-and-innovation\/\" rel=\"tag\">Funding Research and Innovation<\/a>            <\/div>\n            <h2><a class=\"post-item\" data-id=\"24304\" href=\"https:\/\/sgciafrica.org\/pt\/project\/capacitar-as-comunidades-rurais-do-malawi-atraves-das-energias-renovaveis-e-da-agricultura-sustentavel\/\">Capacitar as comunidades rurais do Malawi atrav\u00e9s das energias renov\u00e1veis e da agricultura sustent\u00e1vel<\/a><\/h2>\n            <div class=\"member-archive__list-excerpt\">\n                <p>T\u00edtulos de projectos e institui\u00e7\u00e3o \u00c1reas de investiga\u00e7\u00e3o N\u00famero de projectos financiados Dura\u00e7\u00e3o do projeto Montante da subven\u00e7\u00e3o Distribui\u00e7\u00e3o em esp\u00e9cie Conselho Colabora\u00e7\u00e3o com outros conselhos<\/p>\n            <\/div>\n            <div class=\"member-archive__list-links\">\n                <a href=\"https:\/\/sgciafrica.org\/country\/malawi-2\/\" rel=\"tag\">Malawi<\/a><a href=\"https:\/\/sgciafrica.org\/country\/zimbabwe\/\" rel=\"tag\">Zimbabwe<\/a>            <\/div>\n        <\/div>\n    <\/div>\n<\/div><br \/>\n        <div class=\"facetwp-facet facetwp-facet-pagination facetwp-type-pager\" data-name=\"pagination\" data-type=\"pager\"><\/div><br \/>\n        <label for=\"\">Por p\u00e1gina<\/label><br \/>\n        <div class=\"facetwp-facet facetwp-facet-per_page facetwp-type-pager\" data-name=\"per_page\" data-type=\"pager\"><\/div><br \/>\n\t<meta itemscope=\"\" itemprop=\"mainEntityOfPage\" itemtype=\"https:\/\/schema.org\/WebPage\" itemid=\"http:\/\/16800\" content=\"Global call for research concept notes: Climate-smart livestock systems 5\"\/><meta itemprop=\"datePublished\" content=\"2024-03-28\"\/><meta itemprop=\"dateModified\" content=\"2024-03-28\"\/><meta itemprop=\"name\" content=\"Foundation\"\/><meta itemprop=\"url\" content=\"https:\/\/sgciafrica.org\/wp-content\/uploads\/2020\/06\/ButterflyMasthead_Black.png\"\/><meta itemprop=\"url\" content=\"https:\/\/sgciafrica.org\/author\/modular\/\"\/><meta itemprop=\"name\" content=\"modular\"\/><meta itemprop=\"url\" content=\"https:\/\/sgciafrica.org\/wp-content\/uploads\/2021\/04\/14359DEC-1A38-4D18-8ABC-6B9E9FFC2156.jpg\"\/><meta itemprop=\"width\" content=\"544\"\/><meta itemprop=\"height\" content=\"324\"\/><meta itemprop=\"interactionType\" content=\"https:\/\/schema.org\/CommentAction\"\/><meta itemprop=\"userInteractionCount\" content=\"0\"\/><br \/>\n            <img width=\"300\" height=\"300\" src=\"https:\/\/sgciafrica.org\/wp-content\/uploads\/2024\/03\/Icon-LoudSpeaker-FFFFFF-300x300.png\" alt=\"\" decoding=\"async\" loading=\"lazy\" srcset=\"https:\/\/sgciafrica.org\/wp-content\/uploads\/2024\/03\/Icon-LoudSpeaker-FFFFFF-300x300.png 300w, https:\/\/sgciafrica.org\/wp-content\/uploads\/2024\/03\/Icon-LoudSpeaker-FFFFFF-150x150.png 150w, https:\/\/sgciafrica.org\/wp-content\/uploads\/2024\/03\/Icon-LoudSpeaker-FFFFFF.png 600w\" sizes=\"auto, (max-width: 300px) 100vw, 300px\"\/>\n<p>Funding Call : Public sector Engagement<\/p>\n<h2><a href=\"https:\/\/sgciafrica.org\/pt\/funding\/oportunidades-de-financiamento-em-breve\/\" title=\"Global call for research concept notes: Climate-smart livestock systems 5\">Global call for research concept notes: Climate-smart livestock systems 5<\/a><\/h2>\n Deadline: Thursday, January 25, 2024 &#8211; 12: 00<br \/>\n\t<a href=\"https:\/\/sgciafrica.org\/pt\/financiamento\/\" title=\"More Funding Calls link\" aria-lable=\"Click here to find more funding calls\">More Funding Calls <\/a><br \/>\n\t\t<!-- .pp-content-posts -->\n\n","protected":false},"excerpt":{"rendered":"<p>A Science Granting Councils Initiative (SGCI) \u00e9 um esfor\u00e7o multilateral que est\u00e1 a refor\u00e7ar a capacidade das ag\u00eancias de financiamento cient\u00edfico na \u00c1frica subsariana para apoiar a investiga\u00e7\u00e3o e a evid\u00eancia, de modo a informar pol\u00edticas que contribuam para o desenvolvimento econ\u00f3mico e social. A SGCI financia v\u00e1rios projetos, incluindo projetos colaborativos, em todo o continente para refor\u00e7ar os sistemas de investiga\u00e7\u00e3o, capacitar e informar pol\u00edticas. <\/p>\n","protected":false},"author":1,"featured_media":0,"parent":17334,"menu_order":0,"comment_status":"closed","ping_status":"closed","template":"","meta":{"_acf_changed":false,"_uag_custom_page_level_css":"","footnotes":""},"class_list":["post-17722","page","type-page","status-publish","hentry"],"acf":[],"yoast_head":"<!-- This site is optimized with the Yoast SEO Premium plugin v27.3 (Yoast SEO v27.4) - https:\/\/yoast.com\/product\/yoast-seo-premium-wordpress\/ -->\n<title>Projetos - SGCI Africa<\/title>\n<meta name=\"robots\" content=\"index, follow, max-snippet:-1, max-image-preview:large, max-video-preview:-1\" \/>\n<link rel=\"canonical\" href=\"https:\/\/sgciafrica.org\/pt\/nosso-trabalho-e-impacto\/projetos\/\" \/>\n<meta property=\"og:locale\" content=\"pt_BR\" \/>\n<meta property=\"og:type\" content=\"article\" \/>\n<meta property=\"og:title\" content=\"Projetos\" \/>\n<meta property=\"og:description\" content=\"A Science Granting Councils Initiative (SGCI) \u00e9 um esfor\u00e7o multilateral que est\u00e1 a refor\u00e7ar a capacidade das ag\u00eancias de financiamento cient\u00edfico na \u00c1frica subsariana para apoiar a investiga\u00e7\u00e3o e a evid\u00eancia, de modo a informar pol\u00edticas que contribuam para o desenvolvimento econ\u00f3mico e social. A SGCI financia v\u00e1rios projetos, incluindo projetos colaborativos, em todo o continente para refor\u00e7ar os sistemas de investiga\u00e7\u00e3o, capacitar e informar pol\u00edticas.\" \/>\n<meta property=\"og:url\" content=\"https:\/\/sgciafrica.org\/pt\/nosso-trabalho-e-impacto\/projetos\/\" \/>\n<meta property=\"og:site_name\" content=\"SGCI Africa\" \/>\n<meta property=\"article:modified_time\" content=\"2026-02-11T13:39:38+00:00\" \/>\n<meta property=\"og:image\" content=\"https:\/\/sgciafrica.org\/wp-content\/uploads\/2024\/03\/Icon-LoudSpeaker-FFFFFF-300x300.png\" \/>\n<meta name=\"twitter:card\" content=\"summary_large_image\" \/>\n<meta name=\"twitter:site\" content=\"@SGCIAfrica\" \/>\n<script type=\"application\/ld+json\" class=\"yoast-schema-graph\">{\"@context\":\"https:\\\/\\\/schema.org\",\"@graph\":[{\"@type\":\"WebPage\",\"@id\":\"https:\\\/\\\/sgciafrica.org\\\/pt\\\/nosso-trabalho-e-impacto\\\/projetos\\\/\",\"url\":\"https:\\\/\\\/sgciafrica.org\\\/pt\\\/nosso-trabalho-e-impacto\\\/projetos\\\/\",\"name\":\"Projetos - SGCI Africa\",\"isPartOf\":{\"@id\":\"https:\\\/\\\/sgciafrica.org\\\/#website\"},\"primaryImageOfPage\":{\"@id\":\"https:\\\/\\\/sgciafrica.org\\\/pt\\\/nosso-trabalho-e-impacto\\\/projetos\\\/#primaryimage\"},\"image\":{\"@id\":\"https:\\\/\\\/sgciafrica.org\\\/pt\\\/nosso-trabalho-e-impacto\\\/projetos\\\/#primaryimage\"},\"thumbnailUrl\":\"https:\\\/\\\/sgciafrica.org\\\/wp-content\\\/uploads\\\/2024\\\/03\\\/Icon-LoudSpeaker-FFFFFF-300x300.png\",\"datePublished\":\"2024-03-19T07:13:38+00:00\",\"dateModified\":\"2026-02-11T13:39:38+00:00\",\"breadcrumb\":{\"@id\":\"https:\\\/\\\/sgciafrica.org\\\/pt\\\/nosso-trabalho-e-impacto\\\/projetos\\\/#breadcrumb\"},\"inLanguage\":\"pt-BR\",\"potentialAction\":[{\"@type\":\"ReadAction\",\"target\":[\"https:\\\/\\\/sgciafrica.org\\\/pt\\\/nosso-trabalho-e-impacto\\\/projetos\\\/\"]}]},{\"@type\":\"ImageObject\",\"inLanguage\":\"pt-BR\",\"@id\":\"https:\\\/\\\/sgciafrica.org\\\/pt\\\/nosso-trabalho-e-impacto\\\/projetos\\\/#primaryimage\",\"url\":\"https:\\\/\\\/sgciafrica.org\\\/wp-content\\\/uploads\\\/2024\\\/03\\\/Icon-LoudSpeaker-FFFFFF-300x300.png\",\"contentUrl\":\"https:\\\/\\\/sgciafrica.org\\\/wp-content\\\/uploads\\\/2024\\\/03\\\/Icon-LoudSpeaker-FFFFFF-300x300.png\"},{\"@type\":\"BreadcrumbList\",\"@id\":\"https:\\\/\\\/sgciafrica.org\\\/pt\\\/nosso-trabalho-e-impacto\\\/projetos\\\/#breadcrumb\",\"itemListElement\":[{\"@type\":\"ListItem\",\"position\":1,\"name\":\"Home\",\"item\":\"https:\\\/\\\/sgciafrica.org\\\/pt\\\/\"},{\"@type\":\"ListItem\",\"position\":2,\"name\":\"O nosso trabalho e impacto\",\"item\":\"https:\\\/\\\/sgciafrica.org\\\/pt\\\/nosso-trabalho-e-impacto\\\/\"},{\"@type\":\"ListItem\",\"position\":3,\"name\":\"Projetos\"}]},{\"@type\":\"WebSite\",\"@id\":\"https:\\\/\\\/sgciafrica.org\\\/#website\",\"url\":\"https:\\\/\\\/sgciafrica.org\\\/\",\"name\":\"SGCI Africa\",\"description\":\"\",\"publisher\":{\"@id\":\"https:\\\/\\\/sgciafrica.org\\\/#organization\"},\"potentialAction\":[{\"@type\":\"SearchAction\",\"target\":{\"@type\":\"EntryPoint\",\"urlTemplate\":\"https:\\\/\\\/sgciafrica.org\\\/?s={search_term_string}\"},\"query-input\":{\"@type\":\"PropertyValueSpecification\",\"valueRequired\":true,\"valueName\":\"search_term_string\"}}],\"inLanguage\":\"pt-BR\"},{\"@type\":\"Organization\",\"@id\":\"https:\\\/\\\/sgciafrica.org\\\/#organization\",\"name\":\"SGCI Africa\",\"url\":\"https:\\\/\\\/sgciafrica.org\\\/\",\"logo\":{\"@type\":\"ImageObject\",\"inLanguage\":\"pt-BR\",\"@id\":\"https:\\\/\\\/sgciafrica.org\\\/#\\\/schema\\\/logo\\\/image\\\/\",\"url\":\"https:\\\/\\\/sgciafrica.org\\\/wp-content\\\/uploads\\\/2024\\\/12\\\/SGCI_Logo_Secondary_Large.png\",\"contentUrl\":\"https:\\\/\\\/sgciafrica.org\\\/wp-content\\\/uploads\\\/2024\\\/12\\\/SGCI_Logo_Secondary_Large.png\",\"width\":3888,\"height\":1080,\"caption\":\"SGCI Africa\"},\"image\":{\"@id\":\"https:\\\/\\\/sgciafrica.org\\\/#\\\/schema\\\/logo\\\/image\\\/\"},\"sameAs\":[\"https:\\\/\\\/x.com\\\/SGCIAfrica\"]}]}<\/script>\n<!-- \/ Yoast SEO Premium plugin. -->","yoast_head_json":{"title":"Projetos - SGCI Africa","robots":{"index":"index","follow":"follow","max-snippet":"max-snippet:-1","max-image-preview":"max-image-preview:large","max-video-preview":"max-video-preview:-1"},"canonical":"https:\/\/sgciafrica.org\/pt\/nosso-trabalho-e-impacto\/projetos\/","og_locale":"pt_BR","og_type":"article","og_title":"Projetos","og_description":"A Science Granting Councils Initiative (SGCI) \u00e9 um esfor\u00e7o multilateral que est\u00e1 a refor\u00e7ar a capacidade das ag\u00eancias de financiamento cient\u00edfico na \u00c1frica subsariana para apoiar a investiga\u00e7\u00e3o e a evid\u00eancia, de modo a informar pol\u00edticas que contribuam para o desenvolvimento econ\u00f3mico e social. A SGCI financia v\u00e1rios projetos, incluindo projetos colaborativos, em todo o continente para refor\u00e7ar os sistemas de investiga\u00e7\u00e3o, capacitar e informar pol\u00edticas.","og_url":"https:\/\/sgciafrica.org\/pt\/nosso-trabalho-e-impacto\/projetos\/","og_site_name":"SGCI Africa","article_modified_time":"2026-02-11T13:39:38+00:00","og_image":[{"url":"https:\/\/sgciafrica.org\/wp-content\/uploads\/2024\/03\/Icon-LoudSpeaker-FFFFFF-300x300.png","type":"","width":"","height":""}],"twitter_card":"summary_large_image","twitter_site":"@SGCIAfrica","schema":{"@context":"https:\/\/schema.org","@graph":[{"@type":"WebPage","@id":"https:\/\/sgciafrica.org\/pt\/nosso-trabalho-e-impacto\/projetos\/","url":"https:\/\/sgciafrica.org\/pt\/nosso-trabalho-e-impacto\/projetos\/","name":"Projetos - SGCI Africa","isPartOf":{"@id":"https:\/\/sgciafrica.org\/#website"},"primaryImageOfPage":{"@id":"https:\/\/sgciafrica.org\/pt\/nosso-trabalho-e-impacto\/projetos\/#primaryimage"},"image":{"@id":"https:\/\/sgciafrica.org\/pt\/nosso-trabalho-e-impacto\/projetos\/#primaryimage"},"thumbnailUrl":"https:\/\/sgciafrica.org\/wp-content\/uploads\/2024\/03\/Icon-LoudSpeaker-FFFFFF-300x300.png","datePublished":"2024-03-19T07:13:38+00:00","dateModified":"2026-02-11T13:39:38+00:00","breadcrumb":{"@id":"https:\/\/sgciafrica.org\/pt\/nosso-trabalho-e-impacto\/projetos\/#breadcrumb"},"inLanguage":"pt-BR","potentialAction":[{"@type":"ReadAction","target":["https:\/\/sgciafrica.org\/pt\/nosso-trabalho-e-impacto\/projetos\/"]}]},{"@type":"ImageObject","inLanguage":"pt-BR","@id":"https:\/\/sgciafrica.org\/pt\/nosso-trabalho-e-impacto\/projetos\/#primaryimage","url":"https:\/\/sgciafrica.org\/wp-content\/uploads\/2024\/03\/Icon-LoudSpeaker-FFFFFF-300x300.png","contentUrl":"https:\/\/sgciafrica.org\/wp-content\/uploads\/2024\/03\/Icon-LoudSpeaker-FFFFFF-300x300.png"},{"@type":"BreadcrumbList","@id":"https:\/\/sgciafrica.org\/pt\/nosso-trabalho-e-impacto\/projetos\/#breadcrumb","itemListElement":[{"@type":"ListItem","position":1,"name":"Home","item":"https:\/\/sgciafrica.org\/pt\/"},{"@type":"ListItem","position":2,"name":"O nosso trabalho e impacto","item":"https:\/\/sgciafrica.org\/pt\/nosso-trabalho-e-impacto\/"},{"@type":"ListItem","position":3,"name":"Projetos"}]},{"@type":"WebSite","@id":"https:\/\/sgciafrica.org\/#website","url":"https:\/\/sgciafrica.org\/","name":"SGCI Africa","description":"","publisher":{"@id":"https:\/\/sgciafrica.org\/#organization"},"potentialAction":[{"@type":"SearchAction","target":{"@type":"EntryPoint","urlTemplate":"https:\/\/sgciafrica.org\/?s={search_term_string}"},"query-input":{"@type":"PropertyValueSpecification","valueRequired":true,"valueName":"search_term_string"}}],"inLanguage":"pt-BR"},{"@type":"Organization","@id":"https:\/\/sgciafrica.org\/#organization","name":"SGCI Africa","url":"https:\/\/sgciafrica.org\/","logo":{"@type":"ImageObject","inLanguage":"pt-BR","@id":"https:\/\/sgciafrica.org\/#\/schema\/logo\/image\/","url":"https:\/\/sgciafrica.org\/wp-content\/uploads\/2024\/12\/SGCI_Logo_Secondary_Large.png","contentUrl":"https:\/\/sgciafrica.org\/wp-content\/uploads\/2024\/12\/SGCI_Logo_Secondary_Large.png","width":3888,"height":1080,"caption":"SGCI Africa"},"image":{"@id":"https:\/\/sgciafrica.org\/#\/schema\/logo\/image\/"},"sameAs":["https:\/\/x.com\/SGCIAfrica"]}]}},"uagb_featured_image_src":{"full":false,"thumbnail":false,"medium":false,"medium_large":false,"large":false,"1536x1536":false,"2048x2048":false,"sg-full-width":false,"sg-full-content-width":false,"sg-container-half":false,"sg-single-tile":false,"sg-council-user":false},"uagb_author_info":{"display_name":"modular","author_link":"https:\/\/sgciafrica.org\/pt\/author\/modular\/"},"uagb_comment_info":0,"uagb_excerpt":"A Science Granting Councils Initiative (SGCI) \u00e9 um esfor\u00e7o multilateral que est\u00e1 a refor\u00e7ar a capacidade das ag\u00eancias de financiamento cient\u00edfico na \u00c1frica subsariana para apoiar a investiga\u00e7\u00e3o e a evid\u00eancia, de modo a informar pol\u00edticas que contribuam para o desenvolvimento econ\u00f3mico e social. A SGCI financia v\u00e1rios projetos, incluindo projetos colaborativos, em todo o&hellip;","_links":{"self":[{"href":"https:\/\/sgciafrica.org\/pt\/wp-json\/wp\/v2\/pages\/17722","targetHints":{"allow":["GET"]}}],"collection":[{"href":"https:\/\/sgciafrica.org\/pt\/wp-json\/wp\/v2\/pages"}],"about":[{"href":"https:\/\/sgciafrica.org\/pt\/wp-json\/wp\/v2\/types\/page"}],"author":[{"embeddable":true,"href":"https:\/\/sgciafrica.org\/pt\/wp-json\/wp\/v2\/users\/1"}],"replies":[{"embeddable":true,"href":"https:\/\/sgciafrica.org\/pt\/wp-json\/wp\/v2\/comments?post=17722"}],"version-history":[{"count":0,"href":"https:\/\/sgciafrica.org\/pt\/wp-json\/wp\/v2\/pages\/17722\/revisions"}],"up":[{"embeddable":true,"href":"https:\/\/sgciafrica.org\/pt\/wp-json\/wp\/v2\/pages\/17334"}],"wp:attachment":[{"href":"https:\/\/sgciafrica.org\/pt\/wp-json\/wp\/v2\/media?parent=17722"}],"curies":[{"name":"wp","href":"https:\/\/api.w.org\/{rel}","templated":true}]}}