{"id":17328,"date":"2024-03-18T10:54:31","date_gmt":"2024-03-18T10:54:31","guid":{"rendered":"https:\/\/sgciafrica.org\/historias-de-mudanca\/"},"modified":"2026-02-11T13:39:52","modified_gmt":"2026-02-11T13:39:52","slug":"historias-de-mudanca","status":"publish","type":"page","link":"https:\/\/sgciafrica.org\/pt\/nosso-trabalho-e-impacto\/historias-de-mudanca\/","title":{"rendered":"Hist\u00f3rias de Mudan\u00e7a"},"content":{"rendered":"\n\n\t        <label for=\"\">Pa\u00eds<\/label><br \/>\n        <div class=\"facetwp-facet facetwp-facet-countries facetwp-type-dropdown\" data-name=\"countries\" data-type=\"dropdown\"><\/div><br \/>\n        <label for=\"\">Temas<\/label><br \/>\n        <div class=\"facetwp-facet facetwp-facet-themes facetwp-type-dropdown\" data-name=\"themes\" data-type=\"dropdown\"><\/div><br \/>\n        <label for=\"\">Objetivos do Conselho<\/label><br \/>\n        <div class=\"facetwp-facet facetwp-facet-council_objectives facetwp-type-dropdown\" data-name=\"council_objectives\" data-type=\"dropdown\"><\/div><br \/>\n        <button onclick=\"FWP.refresh()\">Pesquisa<\/button><br \/>\n        <label for=\"\">ordem<\/label><br \/>\n        <div class=\"facetwp-facet facetwp-facet-order_by facetwp-type-sort\" data-name=\"order_by\" data-type=\"sort\"><\/div><br \/>\n        <div class=\"facetwp-facet facetwp-facet-result_count facetwp-type-pager\" data-name=\"result_count\" data-type=\"pager\"><\/div><br \/>\n    <div class=\"facetwp-template\" data-name=\"blog_posts\">        <div class=\"member-archive__list-item\">\n        <div class=\"member-archive__list-img\">\n            <figure class=\"featured-image\">\n                <img loading=\"lazy\" decoding=\"async\" width=\"1279\" height=\"852\" src=\"https:\/\/sgciafrica.org\/wp-content\/uploads\/2024\/03\/Image-Country-Uganda.jpg\" class=\"attachment-sg-single-tile size-sg-single-tile wp-post-image\" alt=\"\" srcset=\"https:\/\/sgciafrica.org\/wp-content\/uploads\/2024\/03\/Image-Country-Uganda.jpg 2100w, https:\/\/sgciafrica.org\/wp-content\/uploads\/2024\/03\/Image-Country-Uganda-300x200.jpg 300w, https:\/\/sgciafrica.org\/wp-content\/uploads\/2024\/03\/Image-Country-Uganda-768x512.jpg 768w, https:\/\/sgciafrica.org\/wp-content\/uploads\/2024\/03\/Image-Country-Uganda-1024x682.jpg 1024w, https:\/\/sgciafrica.org\/wp-content\/uploads\/2024\/03\/Image-Country-Uganda-1536x1023.jpg 1536w, https:\/\/sgciafrica.org\/wp-content\/uploads\/2024\/03\/Image-Country-Uganda-2048x1364.jpg 2048w\" sizes=\"auto, (max-width: 1279px) 100vw, 1279px\" \/>            <\/figure>\n        <\/div>\n        <div class=\"member-archive__list-content\">\n            <div class=\"member-archive__list-meta\">\n                <div class=\"category-country\"><a href=\"https:\/\/sgciafrica.org\/pt\/country\/mozambique-pt\/\" rel=\"tag\">Mozambique<\/a><\/div>\n                <div class=\"category-objective\"><\/div>\n            <\/div>\n            <h2><a class=\"post-item\" data-id=\"20973\" href=\"https:\/\/sgciafrica.org\/pt\/story\/aplicativo-de-saude-de-baixa-tecnologia-envolve\/\">Aplica\u00e7\u00e3o de sa\u00fade de baixa tecnologia envolve comunidades<\/a><\/h2>\n            <div class=\"member-archive__list-excerpt\">\n                <p>Cinco anos ap\u00f3s o seu lan\u00e7amento, a PENSA \u2014 uma aplica\u00e7\u00e3o m\u00f3vel desenvolvida em Mo\u00e7ambique \u2014 foi acedida por mais de quatro milh\u00f5es de pessoas, tornando-se a principal plataforma de sa\u00fade digital do pa\u00eds. A aplica\u00e7\u00e3o m\u00f3vel est\u00e1 a permitir que comunidades remotas e carenciadas do pa\u00eds recebam informa\u00e7\u00f5es e servi\u00e7os de sa\u00fade essenciais, utilizando&hellip;<\/p>\n            <\/div>\n            <div class=\"member-archive__list-links\">\n                \n                                                                        <a class=\"\" href=\"https:\/\/sgciafrica.org\/pt\/council\/fundo-nacional-de-investigacao-mocambique\/\">Fundo Nacional de Investiga\u00e7\u00e3o (Mo\u00e7ambique)<\/a>\n                            \n                                            \n                            <\/div>\n        <\/div>\n    <\/div>\n<\/div><br \/>\n        <div class=\"facetwp-facet facetwp-facet-pagination facetwp-type-pager\" data-name=\"pagination\" data-type=\"pager\"><\/div><br \/>\n        <label for=\"\">Por p\u00e1gina<\/label><br \/>\n        <div class=\"facetwp-facet facetwp-facet-per_page facetwp-type-pager\" data-name=\"per_page\" data-type=\"pager\"><\/div>\n<h2>\n Research and Resources<br \/>\n\t<\/h2>\n\t<meta itemscope=\"\" itemprop=\"mainEntityOfPage\" itemtype=\"https:\/\/schema.org\/WebPage\" itemid=\"http:\/\/16042\" content=\"Monitoring, evaluation and learning for more effective African science granting councils\"\/><meta itemprop=\"datePublished\" content=\"2024-03-19\"\/><meta itemprop=\"dateModified\" content=\"2024-03-28\"\/><meta itemprop=\"name\" content=\"Foundation\"\/><meta itemprop=\"url\" content=\"https:\/\/sgciafrica.org\/wp-content\/uploads\/2020\/06\/ButterflyMasthead_Black.png\"\/><meta itemprop=\"url\" content=\"https:\/\/sgciafrica.org\/author\/modular\/\"\/><meta itemprop=\"name\" content=\"modular\"\/><meta itemprop=\"url\" content=\"https:\/\/sgciafrica.org\/wp-content\/uploads\/2024\/03\/Image-Article-1.jpg\"\/><meta itemprop=\"width\" content=\"2100\"\/><meta itemprop=\"height\" content=\"1399\"\/><meta itemprop=\"interactionType\" content=\"https:\/\/schema.org\/CommentAction\"\/><meta itemprop=\"userInteractionCount\" content=\"0\"\/><br \/>\n<img decoding=\"async\" src=\"https:\/\/sgciafrica.org\/wp-content\/uploads\/2024\/03\/Resource-Working-paper5486C6-296x300.png\" alt=\"logo\"\/><br \/>\n        <a href=\"https:\/\/sgciafrica.org\/pt\/sg_type\/guidelines-pt\/\">Guidelines<\/a><br \/>\n            <a href=\"https:\/\/sgciafrica.org\/pt\/theme\/cooperation-projects-pt\/\" rel=\"tag\">Cooperation Projects<\/a> | <a href=\"https:\/\/sgciafrica.org\/pt\/theme\/gender-and-inclusivity-pt\/\" rel=\"tag\">Gender and Inclusivity<\/a>\n<h3><a href=\"https:\/\/sgciafrica.org\/pt\/resource\/monitoring-evaluation-and-learning-for-more-effective-african-science-granting-councils-2\/\" title=\"Monitoring, evaluation and learning for more effective African science granting councils\">Monitoring, evaluation and learning for more effective African science granting councils<\/a><\/h3>\n        <a href=\"https:\/\/sgciafrica.org\/pt\/country\/ethiopia-pt\/\" rel=\"tag\">Ethiopia<\/a> | <a href=\"https:\/\/sgciafrica.org\/pt\/country\/ghana-pt\/\" rel=\"tag\">Ghana<\/a><br \/>\n\t<meta itemscope=\"\" itemprop=\"mainEntityOfPage\" itemtype=\"https:\/\/schema.org\/WebPage\" itemid=\"http:\/\/16040\" content=\"Monitoring, evaluation and learning for more effective African science granting councils - 3\"\/><meta itemprop=\"datePublished\" content=\"2024-03-19\"\/><meta itemprop=\"dateModified\" content=\"2024-03-27\"\/><meta itemprop=\"name\" content=\"Foundation\"\/><meta itemprop=\"url\" content=\"https:\/\/sgciafrica.org\/wp-content\/uploads\/2020\/06\/ButterflyMasthead_Black.png\"\/><meta itemprop=\"url\" content=\"https:\/\/sgciafrica.org\/author\/modular\/\"\/><meta itemprop=\"name\" content=\"modular\"\/><meta itemprop=\"url\" content=\"https:\/\/sgciafrica.org\/wp-content\/uploads\/2024\/03\/Image-Article-2.jpg\"\/><meta itemprop=\"width\" content=\"2100\"\/><meta itemprop=\"height\" content=\"1399\"\/><meta itemprop=\"interactionType\" content=\"https:\/\/schema.org\/CommentAction\"\/><meta itemprop=\"userInteractionCount\" content=\"0\"\/><br \/>\n<img decoding=\"async\" src=\"https:\/\/sgciafrica.org\/wp-content\/uploads\/2024\/03\/Resource-Research5486C6-296x300.png\" alt=\"logo\"\/><br \/>\n        <a href=\"https:\/\/sgciafrica.org\/pt\/sg_type\/pesquisar\/\">Research<\/a><br \/>\n            <a href=\"https:\/\/sgciafrica.org\/pt\/theme\/gender-and-inclusivity-pt\/\" rel=\"tag\">Gender and Inclusivity<\/a>\n<h3><a href=\"https:\/\/sgciafrica.org\/?post_type=resource&#038;p=16040\" title=\"Monitoring, evaluation and learning for more effective African science granting councils - 3\">Monitoring, evaluation and learning for more effective African science granting councils &#8211; 3<\/a><\/h3>\n        <a href=\"https:\/\/sgciafrica.org\/pt\/country\/kenya-pt\/\" rel=\"tag\">kenya<\/a><br \/>\n\t<meta itemscope=\"\" itemprop=\"mainEntityOfPage\" itemtype=\"https:\/\/schema.org\/WebPage\" itemid=\"http:\/\/16039\" content=\"Monitoring, evaluation and learning for more effective African science granting councils - 2\"\/><meta itemprop=\"datePublished\" content=\"2024-03-19\"\/><meta itemprop=\"dateModified\" content=\"2024-03-27\"\/><meta itemprop=\"name\" content=\"Foundation\"\/><meta itemprop=\"url\" content=\"https:\/\/sgciafrica.org\/wp-content\/uploads\/2020\/06\/ButterflyMasthead_Black.png\"\/><meta itemprop=\"url\" content=\"https:\/\/sgciafrica.org\/author\/modular\/\"\/><meta itemprop=\"name\" content=\"modular\"\/><meta itemprop=\"url\" content=\"https:\/\/sgciafrica.org\/wp-content\/uploads\/2024\/03\/Image-Article-3.jpg\"\/><meta itemprop=\"width\" content=\"2100\"\/><meta itemprop=\"height\" content=\"1401\"\/><meta itemprop=\"interactionType\" content=\"https:\/\/schema.org\/CommentAction\"\/><meta itemprop=\"userInteractionCount\" content=\"0\"\/><br \/>\n<img decoding=\"async\" src=\"https:\/\/sgciafrica.org\/wp-content\/uploads\/2024\/03\/Resource-Research5486C6-296x300.png\" alt=\"logo\"\/><br \/>\n        <a href=\"https:\/\/sgciafrica.org\/pt\/sg_type\/pesquisar\/\">Research<\/a><br \/>\n            <a href=\"https:\/\/sgciafrica.org\/pt\/theme\/gender-and-inclusivity-pt\/\" rel=\"tag\">Gender and Inclusivity<\/a>\n<h3><a href=\"https:\/\/sgciafrica.org\/?post_type=resource&#038;p=16039\" title=\"Monitoring, evaluation and learning for more effective African science granting councils - 2\">Monitoring, evaluation and learning for more effective African science granting councils &#8211; 2<\/a><\/h3>\n        <a href=\"https:\/\/sgciafrica.org\/pt\/country\/mozambique-pt\/\" rel=\"tag\">Mozambique<\/a><br \/>\n\t<meta itemscope=\"\" itemprop=\"mainEntityOfPage\" itemtype=\"https:\/\/schema.org\/WebPage\" itemid=\"http:\/\/16035\" content=\"Monitoring, evaluation and learning for more effective African science granting councils - 1\"\/><meta itemprop=\"datePublished\" content=\"2024-03-19\"\/><meta itemprop=\"dateModified\" content=\"2024-03-27\"\/><meta itemprop=\"name\" content=\"Foundation\"\/><meta itemprop=\"url\" content=\"https:\/\/sgciafrica.org\/wp-content\/uploads\/2020\/06\/ButterflyMasthead_Black.png\"\/><meta itemprop=\"url\" content=\"https:\/\/sgciafrica.org\/author\/modular\/\"\/><meta itemprop=\"name\" content=\"modular\"\/><meta itemprop=\"url\" content=\"https:\/\/sgciafrica.org\/wp-content\/uploads\/2024\/03\/Image-Article-4.jpg\"\/><meta itemprop=\"width\" content=\"2100\"\/><meta itemprop=\"height\" content=\"1399\"\/><meta itemprop=\"interactionType\" content=\"https:\/\/schema.org\/CommentAction\"\/><meta itemprop=\"userInteractionCount\" content=\"0\"\/><br \/>\n<img decoding=\"async\" src=\"https:\/\/sgciafrica.org\/wp-content\/uploads\/2024\/03\/Resource-Research5486C6-296x300.png\" alt=\"logo\"\/><br \/>\n        <a href=\"https:\/\/sgciafrica.org\/pt\/sg_type\/pesquisar\/\">Research<\/a><br \/>\n            <a href=\"https:\/\/sgciafrica.org\/pt\/theme\/gender-and-inclusivity-pt\/\" rel=\"tag\">Gender and Inclusivity<\/a>\n<h3><a href=\"https:\/\/sgciafrica.org\/?post_type=resource&#038;p=16035\" title=\"Monitoring, evaluation and learning for more effective African science granting councils - 1\">Monitoring, evaluation and learning for more effective African science granting councils &#8211; 1<\/a><\/h3>\n        <a href=\"https:\/\/sgciafrica.org\/pt\/country\/ghana-pt\/\" rel=\"tag\">Ghana<\/a><br \/>\n\t\t<!-- .pp-content-posts --><br \/>\n\t\t\t<a href=\"#\" target=\"_self\" rel=\"noopener\"><br \/>\n Resource library<br \/>\n\t\t\t\t\t<\/a>\n\n","protected":false},"excerpt":{"rendered":"<p>Apresenta\u00e7\u00e3o do impacto real da investiga\u00e7\u00e3o e inova\u00e7\u00e3o apoiadas pela SGCI \u2013 destacando pol\u00edticas, interven\u00e7\u00f5es e descobertas que est\u00e3o a transformar vidas em toda a \u00c1frica.<\/p>\n","protected":false},"author":1,"featured_media":0,"parent":17334,"menu_order":0,"comment_status":"closed","ping_status":"closed","template":"","meta":{"_acf_changed":false,"_uag_custom_page_level_css":"","footnotes":""},"class_list":["post-17328","page","type-page","status-publish","hentry"],"acf":[],"yoast_head":"<!-- This site is optimized with the Yoast SEO Premium plugin v27.3 (Yoast SEO v27.4) - https:\/\/yoast.com\/product\/yoast-seo-premium-wordpress\/ -->\n<title>Hist\u00f3rias de Mudan\u00e7a - SGCI Africa<\/title>\n<meta name=\"robots\" content=\"index, follow, max-snippet:-1, max-image-preview:large, max-video-preview:-1\" \/>\n<link rel=\"canonical\" href=\"https:\/\/sgciafrica.org\/pt\/nosso-trabalho-e-impacto\/historias-de-mudanca\/\" \/>\n<meta property=\"og:locale\" content=\"pt_BR\" \/>\n<meta property=\"og:type\" content=\"article\" \/>\n<meta property=\"og:title\" content=\"Hist\u00f3rias de Mudan\u00e7a\" \/>\n<meta property=\"og:description\" content=\"Apresenta\u00e7\u00e3o do impacto real da investiga\u00e7\u00e3o e inova\u00e7\u00e3o apoiadas pela SGCI \u2013 destacando pol\u00edticas, interven\u00e7\u00f5es e descobertas que est\u00e3o a transformar vidas em toda a \u00c1frica.\" \/>\n<meta property=\"og:url\" content=\"https:\/\/sgciafrica.org\/pt\/nosso-trabalho-e-impacto\/historias-de-mudanca\/\" \/>\n<meta property=\"og:site_name\" content=\"SGCI Africa\" \/>\n<meta property=\"article:modified_time\" content=\"2026-02-11T13:39:52+00:00\" \/>\n<meta property=\"og:image\" content=\"https:\/\/sgciafrica.org\/wp-content\/uploads\/2024\/03\/Resource-Working-paper5486C6-296x300.png\" \/>\n<meta name=\"twitter:card\" content=\"summary_large_image\" \/>\n<meta name=\"twitter:site\" content=\"@SGCIAfrica\" \/>\n<meta name=\"twitter:label1\" content=\"Est. tempo de leitura\" \/>\n\t<meta name=\"twitter:data1\" content=\"1 minuto\" \/>\n<script type=\"application\/ld+json\" class=\"yoast-schema-graph\">{\"@context\":\"https:\\\/\\\/schema.org\",\"@graph\":[{\"@type\":\"WebPage\",\"@id\":\"https:\\\/\\\/sgciafrica.org\\\/pt\\\/nosso-trabalho-e-impacto\\\/historias-de-mudanca\\\/\",\"url\":\"https:\\\/\\\/sgciafrica.org\\\/pt\\\/nosso-trabalho-e-impacto\\\/historias-de-mudanca\\\/\",\"name\":\"Hist\u00f3rias de Mudan\u00e7a - SGCI Africa\",\"isPartOf\":{\"@id\":\"https:\\\/\\\/sgciafrica.org\\\/#website\"},\"primaryImageOfPage\":{\"@id\":\"https:\\\/\\\/sgciafrica.org\\\/pt\\\/nosso-trabalho-e-impacto\\\/historias-de-mudanca\\\/#primaryimage\"},\"image\":{\"@id\":\"https:\\\/\\\/sgciafrica.org\\\/pt\\\/nosso-trabalho-e-impacto\\\/historias-de-mudanca\\\/#primaryimage\"},\"thumbnailUrl\":\"https:\\\/\\\/sgciafrica.org\\\/wp-content\\\/uploads\\\/2024\\\/03\\\/Resource-Working-paper5486C6-296x300.png\",\"datePublished\":\"2024-03-18T10:54:31+00:00\",\"dateModified\":\"2026-02-11T13:39:52+00:00\",\"breadcrumb\":{\"@id\":\"https:\\\/\\\/sgciafrica.org\\\/pt\\\/nosso-trabalho-e-impacto\\\/historias-de-mudanca\\\/#breadcrumb\"},\"inLanguage\":\"pt-BR\",\"potentialAction\":[{\"@type\":\"ReadAction\",\"target\":[\"https:\\\/\\\/sgciafrica.org\\\/pt\\\/nosso-trabalho-e-impacto\\\/historias-de-mudanca\\\/\"]}]},{\"@type\":\"ImageObject\",\"inLanguage\":\"pt-BR\",\"@id\":\"https:\\\/\\\/sgciafrica.org\\\/pt\\\/nosso-trabalho-e-impacto\\\/historias-de-mudanca\\\/#primaryimage\",\"url\":\"https:\\\/\\\/sgciafrica.org\\\/wp-content\\\/uploads\\\/2024\\\/03\\\/Resource-Working-paper5486C6-296x300.png\",\"contentUrl\":\"https:\\\/\\\/sgciafrica.org\\\/wp-content\\\/uploads\\\/2024\\\/03\\\/Resource-Working-paper5486C6-296x300.png\"},{\"@type\":\"BreadcrumbList\",\"@id\":\"https:\\\/\\\/sgciafrica.org\\\/pt\\\/nosso-trabalho-e-impacto\\\/historias-de-mudanca\\\/#breadcrumb\",\"itemListElement\":[{\"@type\":\"ListItem\",\"position\":1,\"name\":\"Home\",\"item\":\"https:\\\/\\\/sgciafrica.org\\\/pt\\\/\"},{\"@type\":\"ListItem\",\"position\":2,\"name\":\"O nosso trabalho e impacto\",\"item\":\"https:\\\/\\\/sgciafrica.org\\\/pt\\\/nosso-trabalho-e-impacto\\\/\"},{\"@type\":\"ListItem\",\"position\":3,\"name\":\"Hist\u00f3rias de Mudan\u00e7a\"}]},{\"@type\":\"WebSite\",\"@id\":\"https:\\\/\\\/sgciafrica.org\\\/#website\",\"url\":\"https:\\\/\\\/sgciafrica.org\\\/\",\"name\":\"SGCI Africa\",\"description\":\"\",\"publisher\":{\"@id\":\"https:\\\/\\\/sgciafrica.org\\\/#organization\"},\"potentialAction\":[{\"@type\":\"SearchAction\",\"target\":{\"@type\":\"EntryPoint\",\"urlTemplate\":\"https:\\\/\\\/sgciafrica.org\\\/?s={search_term_string}\"},\"query-input\":{\"@type\":\"PropertyValueSpecification\",\"valueRequired\":true,\"valueName\":\"search_term_string\"}}],\"inLanguage\":\"pt-BR\"},{\"@type\":\"Organization\",\"@id\":\"https:\\\/\\\/sgciafrica.org\\\/#organization\",\"name\":\"SGCI Africa\",\"url\":\"https:\\\/\\\/sgciafrica.org\\\/\",\"logo\":{\"@type\":\"ImageObject\",\"inLanguage\":\"pt-BR\",\"@id\":\"https:\\\/\\\/sgciafrica.org\\\/#\\\/schema\\\/logo\\\/image\\\/\",\"url\":\"https:\\\/\\\/sgciafrica.org\\\/wp-content\\\/uploads\\\/2024\\\/12\\\/SGCI_Logo_Secondary_Large.png\",\"contentUrl\":\"https:\\\/\\\/sgciafrica.org\\\/wp-content\\\/uploads\\\/2024\\\/12\\\/SGCI_Logo_Secondary_Large.png\",\"width\":3888,\"height\":1080,\"caption\":\"SGCI Africa\"},\"image\":{\"@id\":\"https:\\\/\\\/sgciafrica.org\\\/#\\\/schema\\\/logo\\\/image\\\/\"},\"sameAs\":[\"https:\\\/\\\/x.com\\\/SGCIAfrica\"]}]}<\/script>\n<!-- \/ Yoast SEO Premium plugin. -->","yoast_head_json":{"title":"Hist\u00f3rias de Mudan\u00e7a - SGCI Africa","robots":{"index":"index","follow":"follow","max-snippet":"max-snippet:-1","max-image-preview":"max-image-preview:large","max-video-preview":"max-video-preview:-1"},"canonical":"https:\/\/sgciafrica.org\/pt\/nosso-trabalho-e-impacto\/historias-de-mudanca\/","og_locale":"pt_BR","og_type":"article","og_title":"Hist\u00f3rias de Mudan\u00e7a","og_description":"Apresenta\u00e7\u00e3o do impacto real da investiga\u00e7\u00e3o e inova\u00e7\u00e3o apoiadas pela SGCI \u2013 destacando pol\u00edticas, interven\u00e7\u00f5es e descobertas que est\u00e3o a transformar vidas em toda a \u00c1frica.","og_url":"https:\/\/sgciafrica.org\/pt\/nosso-trabalho-e-impacto\/historias-de-mudanca\/","og_site_name":"SGCI Africa","article_modified_time":"2026-02-11T13:39:52+00:00","og_image":[{"url":"https:\/\/sgciafrica.org\/wp-content\/uploads\/2024\/03\/Resource-Working-paper5486C6-296x300.png","type":"","width":"","height":""}],"twitter_card":"summary_large_image","twitter_site":"@SGCIAfrica","twitter_misc":{"Est. tempo de leitura":"1 minuto"},"schema":{"@context":"https:\/\/schema.org","@graph":[{"@type":"WebPage","@id":"https:\/\/sgciafrica.org\/pt\/nosso-trabalho-e-impacto\/historias-de-mudanca\/","url":"https:\/\/sgciafrica.org\/pt\/nosso-trabalho-e-impacto\/historias-de-mudanca\/","name":"Hist\u00f3rias de Mudan\u00e7a - SGCI Africa","isPartOf":{"@id":"https:\/\/sgciafrica.org\/#website"},"primaryImageOfPage":{"@id":"https:\/\/sgciafrica.org\/pt\/nosso-trabalho-e-impacto\/historias-de-mudanca\/#primaryimage"},"image":{"@id":"https:\/\/sgciafrica.org\/pt\/nosso-trabalho-e-impacto\/historias-de-mudanca\/#primaryimage"},"thumbnailUrl":"https:\/\/sgciafrica.org\/wp-content\/uploads\/2024\/03\/Resource-Working-paper5486C6-296x300.png","datePublished":"2024-03-18T10:54:31+00:00","dateModified":"2026-02-11T13:39:52+00:00","breadcrumb":{"@id":"https:\/\/sgciafrica.org\/pt\/nosso-trabalho-e-impacto\/historias-de-mudanca\/#breadcrumb"},"inLanguage":"pt-BR","potentialAction":[{"@type":"ReadAction","target":["https:\/\/sgciafrica.org\/pt\/nosso-trabalho-e-impacto\/historias-de-mudanca\/"]}]},{"@type":"ImageObject","inLanguage":"pt-BR","@id":"https:\/\/sgciafrica.org\/pt\/nosso-trabalho-e-impacto\/historias-de-mudanca\/#primaryimage","url":"https:\/\/sgciafrica.org\/wp-content\/uploads\/2024\/03\/Resource-Working-paper5486C6-296x300.png","contentUrl":"https:\/\/sgciafrica.org\/wp-content\/uploads\/2024\/03\/Resource-Working-paper5486C6-296x300.png"},{"@type":"BreadcrumbList","@id":"https:\/\/sgciafrica.org\/pt\/nosso-trabalho-e-impacto\/historias-de-mudanca\/#breadcrumb","itemListElement":[{"@type":"ListItem","position":1,"name":"Home","item":"https:\/\/sgciafrica.org\/pt\/"},{"@type":"ListItem","position":2,"name":"O nosso trabalho e impacto","item":"https:\/\/sgciafrica.org\/pt\/nosso-trabalho-e-impacto\/"},{"@type":"ListItem","position":3,"name":"Hist\u00f3rias de Mudan\u00e7a"}]},{"@type":"WebSite","@id":"https:\/\/sgciafrica.org\/#website","url":"https:\/\/sgciafrica.org\/","name":"SGCI Africa","description":"","publisher":{"@id":"https:\/\/sgciafrica.org\/#organization"},"potentialAction":[{"@type":"SearchAction","target":{"@type":"EntryPoint","urlTemplate":"https:\/\/sgciafrica.org\/?s={search_term_string}"},"query-input":{"@type":"PropertyValueSpecification","valueRequired":true,"valueName":"search_term_string"}}],"inLanguage":"pt-BR"},{"@type":"Organization","@id":"https:\/\/sgciafrica.org\/#organization","name":"SGCI Africa","url":"https:\/\/sgciafrica.org\/","logo":{"@type":"ImageObject","inLanguage":"pt-BR","@id":"https:\/\/sgciafrica.org\/#\/schema\/logo\/image\/","url":"https:\/\/sgciafrica.org\/wp-content\/uploads\/2024\/12\/SGCI_Logo_Secondary_Large.png","contentUrl":"https:\/\/sgciafrica.org\/wp-content\/uploads\/2024\/12\/SGCI_Logo_Secondary_Large.png","width":3888,"height":1080,"caption":"SGCI Africa"},"image":{"@id":"https:\/\/sgciafrica.org\/#\/schema\/logo\/image\/"},"sameAs":["https:\/\/x.com\/SGCIAfrica"]}]}},"uagb_featured_image_src":{"full":false,"thumbnail":false,"medium":false,"medium_large":false,"large":false,"1536x1536":false,"2048x2048":false,"sg-full-width":false,"sg-full-content-width":false,"sg-container-half":false,"sg-single-tile":false,"sg-council-user":false},"uagb_author_info":{"display_name":"modular","author_link":"https:\/\/sgciafrica.org\/pt\/author\/modular\/"},"uagb_comment_info":0,"uagb_excerpt":"Apresenta\u00e7\u00e3o do impacto real da investiga\u00e7\u00e3o e inova\u00e7\u00e3o apoiadas pela SGCI \u2013 destacando pol\u00edticas, interven\u00e7\u00f5es e descobertas que est\u00e3o a transformar vidas em toda a \u00c1frica.","_links":{"self":[{"href":"https:\/\/sgciafrica.org\/pt\/wp-json\/wp\/v2\/pages\/17328","targetHints":{"allow":["GET"]}}],"collection":[{"href":"https:\/\/sgciafrica.org\/pt\/wp-json\/wp\/v2\/pages"}],"about":[{"href":"https:\/\/sgciafrica.org\/pt\/wp-json\/wp\/v2\/types\/page"}],"author":[{"embeddable":true,"href":"https:\/\/sgciafrica.org\/pt\/wp-json\/wp\/v2\/users\/1"}],"replies":[{"embeddable":true,"href":"https:\/\/sgciafrica.org\/pt\/wp-json\/wp\/v2\/comments?post=17328"}],"version-history":[{"count":0,"href":"https:\/\/sgciafrica.org\/pt\/wp-json\/wp\/v2\/pages\/17328\/revisions"}],"up":[{"embeddable":true,"href":"https:\/\/sgciafrica.org\/pt\/wp-json\/wp\/v2\/pages\/17334"}],"wp:attachment":[{"href":"https:\/\/sgciafrica.org\/pt\/wp-json\/wp\/v2\/media?parent=17328"}],"curies":[{"name":"wp","href":"https:\/\/api.w.org\/{rel}","templated":true}]}}