{"id":17316,"date":"2021-05-18T12:17:47","date_gmt":"2021-05-18T11:17:47","guid":{"rendered":"https:\/\/sgciafrica.org\/politica-de-cookies\/"},"modified":"2024-06-10T10:46:40","modified_gmt":"2024-06-10T09:46:40","slug":"politica-de-cookies","status":"publish","type":"page","link":"https:\/\/sgciafrica.org\/pt\/politica-de-cookies\/","title":{"rendered":"Pol\u00edtica de cookies"},"content":{"rendered":"\n<h2 class=\"wp-block-heading\">O que s\u00e3o cookies<\/h2>\n\n\n\n<p>Cookies s\u00e3o pequenos arquivos de texto que s\u00e3o colocados no seu computador para ajudar o site a proporcionar uma melhor experi\u00eancia ao usu\u00e1rio. Em geral, os cookies s\u00e3o usados para reter as prefer\u00eancias do usu\u00e1rio, armazenar informa\u00e7\u00f5es para coisas como carrinhos de compras e fornecer dados de rastreamento an\u00f4nimos para aplicativos de terceiros, como o Google Analytics. Como regra geral, os cookies tornar\u00e3o sua experi\u00eancia de navega\u00e7\u00e3o melhor. No entanto, voc\u00ea pode preferir desativar os cookies neste site e em outros.<\/p>\n\n\n\n<p>A maneira mais eficaz de fazer isso \u00e9 desativar os cookies em seu navegador. Sugerimos que voc\u00ea consulte a se\u00e7\u00e3o de Ajuda do seu navegador ou d\u00ea uma olhada no <a href=\"http:\/\/www.aboutcookies.org\">site Sobre cookies<\/a>, que oferece orienta\u00e7\u00e3o para todos os navegadores modernos<\/p>\n\n\n\n<h3 class=\"wp-block-heading\">Como usamos cookies<\/h3>\n\n\n\n<p>Usamos os cookies necess\u00e1rios para que nosso site funcione. Tamb\u00e9m gostar\u00edamos de definir cookies anal\u00edticos que nos ajudam a fazer melhorias, medindo como voc\u00ea usa nosso site. Elas ser\u00e3o definidas somente se voc\u00ea as aceitar. N\u00e3o usamos cookies para coletar ou transmitir qualquer informa\u00e7\u00e3o pessoal identific\u00e1vel ou sens\u00edvel a anunciantes ou terceiros.<\/p>\n\n\n\n<h3 class=\"wp-block-heading\">Saiba mais sobre os cookies?<\/h3>\n\n\n\n<p>Voc\u00ea pode saber mais sobre cookies, inclusive como ver quais cookies foram definidos, visite&nbsp;<a href=\"http:\/\/www.aboutcookies.org\/\">www.aboutcookies.org<\/a>&nbsp;ou&nbsp;<a href=\"http:\/\/www.allaboutcookies.org\/\">www.allaboutcookies.org.<\/a><\/p>\n\n\n\n<h2 class=\"wp-block-heading\">Tipos de cookies que usamos<\/h2>\n\n\n\n<h3 class=\"wp-block-heading\">Cookies necess\u00e1rios ou funcionais<\/h3>\n\n\n\n<p>Os cookies necess\u00e1rios s\u00e3o exigidos para habilitar os recursos b\u00e1sicos deste site, como fornecer login seguro ou ajustar suas prefer\u00eancias de consentimento. Esses cookies n\u00e3o armazenam nenhum dado de identifica\u00e7\u00e3o pessoal.<\/p>\n\n\n\n<figure class=\"wp-block-table\"><table><thead><tr><th>Biscoito<\/th><th>Dura\u00e7\u00e3o<\/th><th>Descri\u00e7\u00e3o<\/th><\/tr><\/thead><tbody><tr><td>cookie_alert<\/td><td>1 ano<\/td><td>Permite que voc\u00ea use o pop-up de aceita\u00e7\u00e3o de cookies no site e que as configura\u00e7\u00f5es sejam lembradas. Ele n\u00e3o coleta nem armazena nenhuma informa\u00e7\u00e3o pessoal sobre os visitantes do site.<\/td><\/tr><tr><td>cookie de teste do wordpress<\/td><td>Sess\u00e3o<\/td><td>O WordPress define um cookie chamado wordpress_test_cookie para verificar se os cookies est\u00e3o ativados no navegador, a fim de proporcionar uma experi\u00eancia adequada ao usu\u00e1rio. Esse cookie \u00e9 usado no front-end, mesmo que voc\u00ea n\u00e3o esteja conectado.<\/td><\/tr><\/tbody><\/table><\/figure>\n\n\n\n<h3 class=\"wp-block-heading\">Cookies de desempenho\/anal\u00edticos<\/h3>\n\n\n\n<p>Os cookies anal\u00edticos s\u00e3o usados para entender como os visitantes interagem com o site. Esses cookies ajudam a fornecer informa\u00e7\u00f5es sobre m\u00e9tricas, como o n\u00famero de visitantes, a taxa de rejei\u00e7\u00e3o, a origem do tr\u00e1fego, etc.<\/p>\n\n\n\n<figure class=\"wp-block-table\"><table><thead><tr><th>Biscoito<\/th><th>Dura\u00e7\u00e3o<\/th><th>Descri\u00e7\u00e3o<\/th><\/tr><\/thead><tbody><tr><td>_ga<\/td><td>2 anos<\/td><td>O cookie _ga, instalado pelo Google Analytics, calcula os dados do visitante, da sess\u00e3o e da campanha, e tamb\u00e9m mant\u00e9m o controle do uso do site para o relat\u00f3rio de an\u00e1lise do site. O cookie armazena informa\u00e7\u00f5es de forma an\u00f4nima e atribui um n\u00famero gerado aleatoriamente para reconhecer visitantes \u00fanicos. Para obter mais informa\u00e7\u00f5es sobre como o Google usa os dados, consulte&nbsp;<a href=\"https:\/\/policies.google.com\/technologies\/partner-sites\">Privacidade e termos do Google<\/a>.<\/td><\/tr><tr><td>_ga_*<\/td><td>2 anos<\/td><td>O Google Analytics define esse cookie para armazenar e contar as visualiza\u00e7\u00f5es de p\u00e1gina.<\/td><\/tr><tr><td>_gid<\/td><td>24 horas<\/td><td>Usado pelo Google Analytics para distinguir usu\u00e1rios individuais em nosso site.&nbsp;  O cookie \u00e9 usado para armazenar informa\u00e7\u00f5es sobre como os visitantes usam um site e ajuda a criar um relat\u00f3rio anal\u00edtico sobre o desempenho do site. Os dados coletados incluem o n\u00famero de visitantes, a fonte de onde eles vieram e as p\u00e1ginas visitadas de forma an\u00f4nima. Para optar por n\u00e3o ser rastreado pelo Google Analytics em todos os sites, visite:&nbsp;<a href=\"http:\/\/tools.google.com\/dlpage\/gaoptout\">Add-on do navegador para desativa\u00e7\u00e3o do Google Analytics<\/a><\/td><\/tr><\/tbody><\/table><\/figure>\n\n\n\n<h2 class=\"wp-block-heading\">Cookies de terceiros<\/h2>\n\n\n\n<p>Os cookies de terceiros s\u00e3o gerados e colocados no dispositivo do usu\u00e1rio por um site diferente daquele que o usu\u00e1rio est\u00e1 visitando. Eles s\u00e3o criados quando um usu\u00e1rio visita um site que inclui elementos de outros sites, como imagens ou an\u00fancios de terceiros. Se um servidor que hospeda um desses elementos responder \u00e0 solicita\u00e7\u00e3o definindo um cookie, esse cookie ser\u00e1 armazenado no navegador do usu\u00e1rio.<\/p>\n\n\n\n<h3 class=\"wp-block-heading\">YouTube<\/h3>\n\n\n\n<p>Incorporamos v\u00eddeos de nosso canal oficial do YouTube usando o modo de privacidade aprimorada do YouTube. Esse modo pode definir cookies no seu computador quando voc\u00ea chega a uma p\u00e1gina que cont\u00e9m um v\u00eddeo do YouTube. Os cookies n\u00e3o identificam diretamente usu\u00e1rios individuais e o YouTube n\u00e3o armazenar\u00e1 informa\u00e7\u00f5es para personalizar sua experi\u00eancia, a menos que voc\u00ea esteja conectado a uma conta do Google.<\/p>\n\n\n\n<p>Se voc\u00ea tiver uma conta do Google e estiver conectado, o YouTube poder\u00e1 definir cookies para fins de an\u00e1lise e publicidade e coletar dados vinculados \u00e0 sua conta do Google. Para obter mais informa\u00e7\u00f5es, consulte&nbsp;<a href=\"https:\/\/policies.google.com\/privacy?gl=GB&amp;hl=en-GB#intro\">Pol\u00edtica de privacidade do Google.<\/a><\/p>\n\n\n\n<h2 class=\"wp-block-heading\">Gerenciar prefer\u00eancias de cookies<\/h2>\n\n\n\n<p>Diferentes navegadores oferecem diferentes m\u00e9todos para bloquear e excluir cookies usados por sites. Voc\u00ea pode alterar as configura\u00e7\u00f5es do seu navegador para bloquear\/excluir os cookies. Abaixo voc\u00ea encontrar\u00e1 os links para os documentos de suporte sobre como gerenciar e excluir cookies dos principais navegadores da Web.<\/p>\n\n\n\n<p><a href=\"https:\/\/support.google.com\/accounts\/answer\/32050\">Google Chrome<\/a><\/p>\n\n\n\n<p><a href=\"https:\/\/support.apple.com\/en-in\/guide\/safari\/sfri11471\/mac\">Saf\u00e1ri<\/a><\/p>\n\n\n\n<p><a href=\"https:\/\/support.mozilla.org\/en-US\/kb\/clear-cookies-and-site-data-firefox?redirectslug=delete-cookies-remove-info-websites-stored&amp;redirectlocale=en-US\">Firefox<\/a><\/p>\n\n\n\n<p><a href=\"https:\/\/support.microsoft.com\/en-us\/topic\/how-to-delete-cookie-files-in-internet-explorer-bca9446f-d873-78de-77ba-d42645fa52fc\">Internet Explorer<\/a>:&nbsp;<\/p>\n\n\n\n<p>Se voc\u00ea estiver usando qualquer outro navegador da Web, consulte os documentos oficiais de suporte do seu navegador.<\/p>\n","protected":false},"excerpt":{"rendered":"<p>O que s\u00e3o cookies Cookies s\u00e3o pequenos arquivos de texto que s\u00e3o colocados no seu computador para ajudar o site a proporcionar uma melhor experi\u00eancia ao usu\u00e1rio. Em geral, os cookies s\u00e3o usados para reter as prefer\u00eancias do usu\u00e1rio, armazenar informa\u00e7\u00f5es para coisas como carrinhos de compras e fornecer dados de rastreamento an\u00f4nimos para aplicativos&hellip;<\/p>\n","protected":false},"author":1,"featured_media":0,"parent":0,"menu_order":0,"comment_status":"closed","ping_status":"closed","template":"","meta":{"_acf_changed":false,"_uag_custom_page_level_css":"","footnotes":""},"class_list":["post-17316","page","type-page","status-publish","hentry"],"acf":[],"yoast_head":"<!-- This site is optimized with the Yoast SEO Premium plugin v27.3 (Yoast SEO v27.5) - https:\/\/yoast.com\/product\/yoast-seo-premium-wordpress\/ -->\n<title>Pol\u00edtica de cookies - SGCI Africa<\/title>\n<meta name=\"robots\" content=\"index, follow, max-snippet:-1, max-image-preview:large, max-video-preview:-1\" \/>\n<link rel=\"canonical\" href=\"https:\/\/sgciafrica.org\/cookie-policy\/\" \/>\n<meta property=\"og:locale\" content=\"pt_BR\" \/>\n<meta property=\"og:type\" content=\"article\" \/>\n<meta property=\"og:title\" content=\"Pol\u00edtica de cookies\" \/>\n<meta property=\"og:description\" content=\"O que s\u00e3o cookies Cookies s\u00e3o pequenos arquivos de texto que s\u00e3o colocados no seu computador para ajudar o site a proporcionar uma melhor experi\u00eancia ao usu\u00e1rio. Em geral, os cookies s\u00e3o usados para reter as prefer\u00eancias do usu\u00e1rio, armazenar informa\u00e7\u00f5es para coisas como carrinhos de compras e fornecer dados de rastreamento an\u00f4nimos para aplicativos&hellip;\" \/>\n<meta property=\"og:url\" content=\"https:\/\/sgciafrica.org\/cookie-policy\/\" \/>\n<meta property=\"og:site_name\" content=\"SGCI Africa\" \/>\n<meta property=\"article:modified_time\" content=\"2024-06-10T09:46:40+00:00\" \/>\n<meta name=\"twitter:card\" content=\"summary_large_image\" \/>\n<meta name=\"twitter:site\" content=\"@SGCIAfrica\" \/>\n<meta name=\"twitter:label1\" content=\"Est. tempo de leitura\" \/>\n\t<meta name=\"twitter:data1\" content=\"4 minutos\" \/>\n<script type=\"application\/ld+json\" class=\"yoast-schema-graph\">{\"@context\":\"https:\\\/\\\/schema.org\",\"@graph\":[{\"@type\":\"WebPage\",\"@id\":\"https:\\\/\\\/sgciafrica.org\\\/cookie-policy\\\/\",\"url\":\"https:\\\/\\\/sgciafrica.org\\\/cookie-policy\\\/\",\"name\":\"Pol\u00edtica de cookies - SGCI Africa\",\"isPartOf\":{\"@id\":\"https:\\\/\\\/sgciafrica.org\\\/#website\"},\"datePublished\":\"2021-05-18T11:17:47+00:00\",\"dateModified\":\"2024-06-10T09:46:40+00:00\",\"breadcrumb\":{\"@id\":\"https:\\\/\\\/sgciafrica.org\\\/cookie-policy\\\/#breadcrumb\"},\"inLanguage\":\"pt-BR\",\"potentialAction\":[{\"@type\":\"ReadAction\",\"target\":[\"https:\\\/\\\/sgciafrica.org\\\/cookie-policy\\\/\"]}]},{\"@type\":\"BreadcrumbList\",\"@id\":\"https:\\\/\\\/sgciafrica.org\\\/cookie-policy\\\/#breadcrumb\",\"itemListElement\":[{\"@type\":\"ListItem\",\"position\":1,\"name\":\"Home\",\"item\":\"https:\\\/\\\/sgciafrica.org\\\/pt\\\/\"},{\"@type\":\"ListItem\",\"position\":2,\"name\":\"Pol\u00edtica de cookies\"}]},{\"@type\":\"WebSite\",\"@id\":\"https:\\\/\\\/sgciafrica.org\\\/#website\",\"url\":\"https:\\\/\\\/sgciafrica.org\\\/\",\"name\":\"SGCI Africa\",\"description\":\"\",\"publisher\":{\"@id\":\"https:\\\/\\\/sgciafrica.org\\\/#organization\"},\"potentialAction\":[{\"@type\":\"SearchAction\",\"target\":{\"@type\":\"EntryPoint\",\"urlTemplate\":\"https:\\\/\\\/sgciafrica.org\\\/?s={search_term_string}\"},\"query-input\":{\"@type\":\"PropertyValueSpecification\",\"valueRequired\":true,\"valueName\":\"search_term_string\"}}],\"inLanguage\":\"pt-BR\"},{\"@type\":\"Organization\",\"@id\":\"https:\\\/\\\/sgciafrica.org\\\/#organization\",\"name\":\"SGCI Africa\",\"url\":\"https:\\\/\\\/sgciafrica.org\\\/\",\"logo\":{\"@type\":\"ImageObject\",\"inLanguage\":\"pt-BR\",\"@id\":\"https:\\\/\\\/sgciafrica.org\\\/#\\\/schema\\\/logo\\\/image\\\/\",\"url\":\"https:\\\/\\\/sgciafrica.org\\\/wp-content\\\/uploads\\\/2024\\\/12\\\/SGCI_Logo_Secondary_Large.png\",\"contentUrl\":\"https:\\\/\\\/sgciafrica.org\\\/wp-content\\\/uploads\\\/2024\\\/12\\\/SGCI_Logo_Secondary_Large.png\",\"width\":3888,\"height\":1080,\"caption\":\"SGCI Africa\"},\"image\":{\"@id\":\"https:\\\/\\\/sgciafrica.org\\\/#\\\/schema\\\/logo\\\/image\\\/\"},\"sameAs\":[\"https:\\\/\\\/x.com\\\/SGCIAfrica\"]}]}<\/script>\n<!-- \/ Yoast SEO Premium plugin. -->","yoast_head_json":{"title":"Pol\u00edtica de cookies - SGCI Africa","robots":{"index":"index","follow":"follow","max-snippet":"max-snippet:-1","max-image-preview":"max-image-preview:large","max-video-preview":"max-video-preview:-1"},"canonical":"https:\/\/sgciafrica.org\/cookie-policy\/","og_locale":"pt_BR","og_type":"article","og_title":"Pol\u00edtica de cookies","og_description":"O que s\u00e3o cookies Cookies s\u00e3o pequenos arquivos de texto que s\u00e3o colocados no seu computador para ajudar o site a proporcionar uma melhor experi\u00eancia ao usu\u00e1rio. Em geral, os cookies s\u00e3o usados para reter as prefer\u00eancias do usu\u00e1rio, armazenar informa\u00e7\u00f5es para coisas como carrinhos de compras e fornecer dados de rastreamento an\u00f4nimos para aplicativos&hellip;","og_url":"https:\/\/sgciafrica.org\/cookie-policy\/","og_site_name":"SGCI Africa","article_modified_time":"2024-06-10T09:46:40+00:00","twitter_card":"summary_large_image","twitter_site":"@SGCIAfrica","twitter_misc":{"Est. tempo de leitura":"4 minutos"},"schema":{"@context":"https:\/\/schema.org","@graph":[{"@type":"WebPage","@id":"https:\/\/sgciafrica.org\/cookie-policy\/","url":"https:\/\/sgciafrica.org\/cookie-policy\/","name":"Pol\u00edtica de cookies - SGCI Africa","isPartOf":{"@id":"https:\/\/sgciafrica.org\/#website"},"datePublished":"2021-05-18T11:17:47+00:00","dateModified":"2024-06-10T09:46:40+00:00","breadcrumb":{"@id":"https:\/\/sgciafrica.org\/cookie-policy\/#breadcrumb"},"inLanguage":"pt-BR","potentialAction":[{"@type":"ReadAction","target":["https:\/\/sgciafrica.org\/cookie-policy\/"]}]},{"@type":"BreadcrumbList","@id":"https:\/\/sgciafrica.org\/cookie-policy\/#breadcrumb","itemListElement":[{"@type":"ListItem","position":1,"name":"Home","item":"https:\/\/sgciafrica.org\/pt\/"},{"@type":"ListItem","position":2,"name":"Pol\u00edtica de cookies"}]},{"@type":"WebSite","@id":"https:\/\/sgciafrica.org\/#website","url":"https:\/\/sgciafrica.org\/","name":"SGCI Africa","description":"","publisher":{"@id":"https:\/\/sgciafrica.org\/#organization"},"potentialAction":[{"@type":"SearchAction","target":{"@type":"EntryPoint","urlTemplate":"https:\/\/sgciafrica.org\/?s={search_term_string}"},"query-input":{"@type":"PropertyValueSpecification","valueRequired":true,"valueName":"search_term_string"}}],"inLanguage":"pt-BR"},{"@type":"Organization","@id":"https:\/\/sgciafrica.org\/#organization","name":"SGCI Africa","url":"https:\/\/sgciafrica.org\/","logo":{"@type":"ImageObject","inLanguage":"pt-BR","@id":"https:\/\/sgciafrica.org\/#\/schema\/logo\/image\/","url":"https:\/\/sgciafrica.org\/wp-content\/uploads\/2024\/12\/SGCI_Logo_Secondary_Large.png","contentUrl":"https:\/\/sgciafrica.org\/wp-content\/uploads\/2024\/12\/SGCI_Logo_Secondary_Large.png","width":3888,"height":1080,"caption":"SGCI Africa"},"image":{"@id":"https:\/\/sgciafrica.org\/#\/schema\/logo\/image\/"},"sameAs":["https:\/\/x.com\/SGCIAfrica"]}]}},"uagb_featured_image_src":{"full":false,"thumbnail":false,"medium":false,"medium_large":false,"large":false,"1536x1536":false,"2048x2048":false,"sg-full-width":false,"sg-full-content-width":false,"sg-container-half":false,"sg-single-tile":false,"sg-council-user":false},"uagb_author_info":{"display_name":"modular","author_link":"https:\/\/sgciafrica.org\/pt\/author\/modular\/"},"uagb_comment_info":0,"uagb_excerpt":"O que s\u00e3o cookies Cookies s\u00e3o pequenos arquivos de texto que s\u00e3o colocados no seu computador para ajudar o site a proporcionar uma melhor experi\u00eancia ao usu\u00e1rio. Em geral, os cookies s\u00e3o usados para reter as prefer\u00eancias do usu\u00e1rio, armazenar informa\u00e7\u00f5es para coisas como carrinhos de compras e fornecer dados de rastreamento an\u00f4nimos para aplicativos&hellip;","_links":{"self":[{"href":"https:\/\/sgciafrica.org\/pt\/wp-json\/wp\/v2\/pages\/17316","targetHints":{"allow":["GET"]}}],"collection":[{"href":"https:\/\/sgciafrica.org\/pt\/wp-json\/wp\/v2\/pages"}],"about":[{"href":"https:\/\/sgciafrica.org\/pt\/wp-json\/wp\/v2\/types\/page"}],"author":[{"embeddable":true,"href":"https:\/\/sgciafrica.org\/pt\/wp-json\/wp\/v2\/users\/1"}],"replies":[{"embeddable":true,"href":"https:\/\/sgciafrica.org\/pt\/wp-json\/wp\/v2\/comments?post=17316"}],"version-history":[{"count":0,"href":"https:\/\/sgciafrica.org\/pt\/wp-json\/wp\/v2\/pages\/17316\/revisions"}],"wp:attachment":[{"href":"https:\/\/sgciafrica.org\/pt\/wp-json\/wp\/v2\/media?parent=17316"}],"curies":[{"name":"wp","href":"https:\/\/api.w.org\/{rel}","templated":true}]}}