{"id":17311,"date":"2024-03-15T06:48:59","date_gmt":"2024-03-15T06:48:59","guid":{"rendered":"https:\/\/sgciafrica.org\/enviar-conteudo\/"},"modified":"2024-07-10T11:59:50","modified_gmt":"2024-07-10T10:59:50","slug":"enviar-conteudo","status":"publish","type":"page","link":"https:\/\/sgciafrica.org\/pt\/enviar-conteudo\/","title":{"rendered":"Enviar conte\u00fado"},"content":{"rendered":"\n<h3 class=\"wp-block-heading\">Como nos enviar seu conte\u00fado<\/h3>\n\n\n\n<p>Se voc\u00ea faz parte de um SGC ou CTA, envie conte\u00fado para ser considerado para publica\u00e7\u00e3o no site do SGCI usando o formul\u00e1rio abaixo.<\/p>\n\n\n\n<h3 class=\"wp-block-heading\">Conte\u00fado que podemos publicar<\/h3>\n\n\n\n<p><\/p>\n\n\n\n<ol class=\"wp-block-list\">\n<li>Chamadas de financiamento<\/li>\n\n\n\n<li>Not\u00edcias<\/li>\n\n\n\n<li>Resumos e atualiza\u00e7\u00f5es de projetos<\/li>\n<\/ol>\n\n\n<p><div class=\"forminator-ui forminator-custom-form forminator-custom-form-14704 forminator-design--default  forminator_ajax\" data-forminator-render=\"0\" data-form=\"forminator-module-14704\" data-uid=\"69e07c0759aea\"><br\/><\/div><form\r\n\t\t\t\tid=\"forminator-module-14704\"\r\n\t\t\t\tclass=\"forminator-ui forminator-custom-form forminator-custom-form-14704 forminator-design--default  forminator_ajax\"\r\n\t\t\t\tmethod=\"post\"\r\n\t\t\t\tdata-forminator-render=\"0\"\r\n\t\t\t\tdata-form-id=\"14704\"\r\n\t\t\t\tenctype=\"multipart\/form-data\" data-color-option=\"default\" data-design=\"default\" data-grid=\"open\" style=\"display: none;\"\r\n\t\t\t\tdata-uid=\"69e07c0759aea\"\r\n\t\t\t><div role=\"alert\" aria-live=\"polite\" class=\"forminator-response-message forminator-error\" aria-hidden=\"true\"><\/div><div class=\"forminator-row\"><div id=\"html-1\" class=\"forminator-field-html forminator-col forminator-col-12  form-intro\"><div class=\"forminator-field forminator-merge-tags\" data-field=\"html-1\"><h3>Content Submission Form<\/h3>\n<p>All fields are required unless stated as being optional. Please complete all fields where possible.<\/p><\/div><\/div><\/div><div class=\"forminator-row\"><div id=\"email-1\" class=\"forminator-field-email forminator-col forminator-col-12 \"><div class=\"forminator-field\"><label for=\"forminator-field-email-1_69e07c0759aea\" id=\"forminator-field-email-1_69e07c0759aea-label\" class=\"forminator-label\">Contact Address <span class=\"forminator-required\">*<\/span><\/label><input type=\"email\" name=\"email-1\" value=\"\" placeholder=\"name@council.com\" id=\"forminator-field-email-1_69e07c0759aea\" class=\"forminator-input forminator-email--field\" data-required=\"1\" aria-required=\"true\" autocomplete=\"email\" aria-describedby=\"forminator-field-email-1_69e07c0759aea-description\" \/><span id=\"forminator-field-email-1_69e07c0759aea-description\" class=\"forminator-description\">Please provide your contact email address so we can contact you about your article<\/span><\/div><\/div><\/div><div class=\"forminator-row\"><div id=\"radio-1\" class=\"forminator-field-radio forminator-col forminator-col-12 \"><div role=\"radiogroup\" class=\"forminator-field\" aria-labelledby=\"forminator-radiogroup-radio-1-69e07c0759aea-label\"><span id=\"forminator-radiogroup-radio-1-69e07c0759aea-label\" class=\"forminator-label\">Type Of Content <span class=\"forminator-required\">*<\/span><\/span><label id=\"forminator-field-radio-1-label-1\" for=\"forminator-field-radio-1-1-69e07c0759aea\" class=\"forminator-radio forminator-radio-inline\" title=\"Council news\"><input type=\"radio\" name=\"radio-1\" value=\"council_news\" id=\"forminator-field-radio-1-1-69e07c0759aea\" aria-labelledby=\"forminator-field-radio-1-label-1\" data-calculation=\"0\" checked=\"checked\"  data-hidden-behavior=\"zero\"\/><span class=\"forminator-radio-bullet\" aria-hidden=\"true\"><\/span><span class=\"forminator-radio-label\">Council news<\/span><\/label><label id=\"forminator-field-radio-1-label-2\" for=\"forminator-field-radio-1-2-69e07c0759aea\" class=\"forminator-radio forminator-radio-inline\" title=\"Funding Call\"><input type=\"radio\" name=\"radio-1\" value=\"funding_call\" id=\"forminator-field-radio-1-2-69e07c0759aea\" aria-labelledby=\"forminator-field-radio-1-label-2\" data-calculation=\"0\"   data-hidden-behavior=\"zero\"\/><span class=\"forminator-radio-bullet\" aria-hidden=\"true\"><\/span><span class=\"forminator-radio-label\">Funding Call<\/span><\/label><\/div><\/div><\/div><div class=\"forminator-row\"><div id=\"postdata-2\" class=\"forminator-field-postdata forminator-col forminator-col-12 \"><div class=\"forminator-row\"><div class=\"forminator-col forminator-col-12\"><div class=\"forminator-field\"><label for=\"forminator-field-post-title-postdata-2_69e07c0759aea\" id=\"forminator-field-post-title-postdata-2_69e07c0759aea-label\" class=\"forminator-label\">Post Title <span class=\"forminator-required\">*<\/span><\/label><input type=\"text\" name=\"postdata-2-post-title\" placeholder=\"\" id=\"forminator-field-post-title-postdata-2_69e07c0759aea\" class=\"forminator-input\" required=\"1\" value=\"\" \/><\/div><\/div><\/div><div class=\"forminator-row\"><div class=\"forminator-col forminator-col-12\"><div class=\"forminator-field\"><label for=\"forminator-field-country-postdata-2_69e07c0759aea\" id=\"forminator-field-country-postdata-2_69e07c0759aea-label\" class=\"forminator-label\">Country <span class=\"forminator-required\">*<\/span><\/label><select type=\"select\" name=\"postdata-2-country\" placeholder=\"\" id=\"forminator-field-country-postdata-2_69e07c0759aea\" class=\"forminator-select2\" required=\"1\" aria-labelledby=\"forminator-field-country-postdata-2_69e07c0759aea-label\" data-default-value=\"\"><option value=\"383\" >\u00c1frica do Sul<\/option><option value=\"248\" >Botswana<\/option><option value=\"257\" >Burkina Faso<\/option><option value=\"259\" >C\u00f4te d&#8217;Ivoire<\/option><option value=\"237\" >Ethiopia<\/option><option value=\"233\" >Ghana<\/option><option value=\"235\" >Kenya<\/option><option value=\"251\" >Malawi<\/option><option value=\"238\" >Mozambique<\/option><option value=\"252\" >Namibia<\/option><option value=\"261\" >Nigeria<\/option><option value=\"243\" >Rwanda<\/option><option value=\"263\" >Senegal<\/option><option value=\"265\" >Sierra Leone<\/option><option value=\"245\" >Tanzania<\/option><option value=\"246\" >Uganda<\/option><option value=\"241\" >Zambia<\/option><option value=\"254\" >Zimbabwe<\/option><\/select><\/div><\/div><\/div><div class=\"forminator-row\"><div class=\"forminator-col forminator-col-12\"><div class=\"forminator-field\"><label for=\"forminator-field-objective-postdata-2_69e07c0759aea\" id=\"forminator-field-objective-postdata-2_69e07c0759aea-label\" class=\"forminator-label\">Council Objective <span class=\"forminator-required\">*<\/span><\/label><select type=\"select\" name=\"postdata-2-objective\" placeholder=\"\" id=\"forminator-field-objective-postdata-2_69e07c0759aea\" class=\"forminator-select2\" required=\"1\" aria-labelledby=\"forminator-field-objective-postdata-2_69e07c0759aea-label\" data-default-value=\"\"><option value=\"270\" >Climate Change Mitigation<\/option><option value=\"273\" >Develop Industry<\/option><option value=\"275\" >Evidence-Based Policies<\/option><option value=\"271\" >National Science and Technology Council<\/option><option value=\"267\" >Objective 1<\/option><option value=\"269\" >Objective 2<\/option><\/select><\/div><\/div><\/div><div class=\"forminator-row\"><div class=\"forminator-col forminator-col-12\"><div class=\"forminator-field\"><label for=\"forminator-field-sg_theme-postdata-2_69e07c0759aea\" id=\"forminator-field-sg_theme-postdata-2_69e07c0759aea-label\" class=\"forminator-label\">Theme <span class=\"forminator-required\">*<\/span><\/label><select type=\"select\" name=\"postdata-2-sg_theme\" placeholder=\"\" id=\"forminator-field-sg_theme-postdata-2_69e07c0759aea\" class=\"forminator-select2\" required=\"1\" aria-labelledby=\"forminator-field-sg_theme-postdata-2_69e07c0759aea-label\" data-default-value=\"\"><option value=\"285\" >Apoiar as comunica\u00e7\u00f5es estrat\u00e9gicas e a aceita\u00e7\u00e3o do conhecimento<\/option><option value=\"372\" >Cria\u00e7\u00e3o de Ag\u00eancias de Financiamento<\/option><option value=\"289\" >Envolvimento com o setor privado<\/option><option value=\"283\" >Financiamento da Investiga\u00e7\u00e3o e Inova\u00e7\u00e3o<\/option><option value=\"286\" >Integra\u00e7\u00e3o da igualdade de g\u00e9nero e da inclus\u00e3o<\/option><option value=\"279\" >Refor\u00e7o da capacidade de gest\u00e3o da investiga\u00e7\u00e3o<\/option><option value=\"281\" >Utiliza\u00e7\u00e3o de dados concretos na elabora\u00e7\u00e3o de pol\u00edticas<\/option><\/select><\/div><\/div><\/div><\/div><\/div><div class=\"forminator-row\"><div id=\"date-1\" class=\"forminator-field-date forminator-col forminator-col-12 \"><div class=\"forminator-field\"><label for=\"forminator-field-date-1-picker_69e07c0759aea\" id=\"forminator-field-date-1-picker_69e07c0759aea-label\" class=\"forminator-label\">Publish Date <span class=\"forminator-required\">*<\/span><\/label><input autocomplete=\"off\" type=\"text\" size=\"1\" name=\"date-1\" value=\"\" placeholder=\"DD | MM | YYYY\" id=\"forminator-field-date-1-picker_69e07c0759aea\" class=\"forminator-input forminator-datepicker\" data-required=\"1\" data-format=\"dd-mm-yy\" data-restrict-type=\"\" data-restrict=\"\" data-start-year=\"1926\" data-end-year=\"2126\" data-past-dates=\"enable\" data-start-of-week=\"1\" data-start-date=\"\" data-end-date=\"\" data-start-field=\"\" data-end-field=\"\" data-start-offset=\"\" data-end-offset=\"\" data-disable-date=\"\" data-disable-range=\"\" \/><\/div><\/div><\/div><div class=\"forminator-row\"><div id=\"radio-2\" class=\"forminator-field-radio forminator-col forminator-col-12 \"><div role=\"radiogroup\" class=\"forminator-field\" aria-labelledby=\"forminator-radiogroup-radio-2-69e07c0759aea-label\"><span id=\"forminator-radiogroup-radio-2-69e07c0759aea-label\" class=\"forminator-label\">Status <span class=\"forminator-required\">*<\/span><\/span><label id=\"forminator-field-radio-2-label-1\" for=\"forminator-field-radio-2-1-69e07c0759aea\" class=\"forminator-radio forminator-radio-inline\" title=\"Open\"><input type=\"radio\" name=\"radio-2\" value=\"open\" id=\"forminator-field-radio-2-1-69e07c0759aea\" aria-labelledby=\"forminator-field-radio-2-label-1\" data-calculation=\"0\" checked=\"checked\"  data-hidden-behavior=\"zero\"\/><span class=\"forminator-radio-bullet\" aria-hidden=\"true\"><\/span><span class=\"forminator-radio-label\">Open<\/span><\/label><label id=\"forminator-field-radio-2-label-2\" for=\"forminator-field-radio-2-2-69e07c0759aea\" class=\"forminator-radio forminator-radio-inline\" title=\"Closed\"><input type=\"radio\" name=\"radio-2\" value=\"closed\" id=\"forminator-field-radio-2-2-69e07c0759aea\" aria-labelledby=\"forminator-field-radio-2-label-2\" data-calculation=\"0\"   data-hidden-behavior=\"zero\"\/><span class=\"forminator-radio-bullet\" aria-hidden=\"true\"><\/span><span class=\"forminator-radio-label\">Closed<\/span><\/label><\/div><\/div><\/div><div class=\"forminator-row\"><div id=\"url-1\" class=\"forminator-field-url forminator-col forminator-col-12 \"><div class=\"forminator-field\"><label for=\"forminator-field-url-1_69e07c0759aea\" id=\"forminator-field-url-1_69e07c0759aea-label\" class=\"forminator-label\">Link to article on your council website (optional)<\/label><input type=\"url\" name=\"url-1\" value=\"\" placeholder=\"http:\/\/\" id=\"forminator-field-url-1_69e07c0759aea\" class=\"forminator-input forminator-website--field\" data-required=\"\" aria-required=\"false\" \/><\/div><\/div><\/div><div class=\"forminator-row\"><div id=\"upload-1\" class=\"forminator-field-upload forminator-col forminator-col-12 \"><div class=\"forminator-field\"><label for=\"forminator-field-upload-1_69e07c0759aea\" id=\"forminator-field-upload-1_69e07c0759aea-label\" class=\"forminator-label\">Upload Attachment or Article file (Optional)<\/label><div class=\"forminator-file-upload \" data-element=\"upload-1_69e07c0759aea\" aria-describedby=\"forminator-field-upload-1_69e07c0759aea-description\"><input type=\"file\" name=\"upload-1\" id=\"forminator-field-upload-1_69e07c0759aea\" class=\"forminator-input-file\" accept=\".jpg,.jpeg,.jpe,.gif,.png,.bmp,.tiff,.tif,.webp,.ico,.heic,.asf,.asx,.wmv,.wmx,.wm,.avi,.divx,.flv,.mov,.qt,.mpeg,.mpg,.mpe,.mp4,.m4v,.ogv,.webm,.mkv,.3gp,.3gpp,.3g2,.3gp2,.txt,.asc,.c,.cc,.h,.srt,.csv,.tsv,.ics,.rtx,.vtt,.mp3,.m4a,.m4b,.aac,.ra,.ram,.wav,.ogg,.oga,.flac,.mid,.midi,.wma,.wax,.mka,.rtf,.pdf,.class,.tar,.zip,.gz,.gzip,.7z,.psd,.xcf,.doc,.pot,.pps,.ppt,.wri,.xla,.xls,.xlt,.xlw,.mdb,.mpp,.docx,.docm,.dotx,.dotm,.xlsx,.xlsm,.xlsb,.xltx,.xltm,.xlam,.pptx,.pptm,.ppsx,.ppsm,.potx,.potm,.ppam,.sldx,.sldm,.onetoc,.onetoc2,.onetmp,.onepkg,.oxps,.xps,.odt,.odp,.ods,.odg,.odc,.odb,.odf,.wp,.wpd,.key,.numbers,.pages,.m4a,.mp4,.woff,.woff2,.ttf,.eot,.otf,.json\" tabindex=\"-1\"><button id=\"forminator-field-upload-1_69e07c0759aea_button\" class=\"forminator-button forminator-button-upload\" data-id=\"forminator-field-upload-1_69e07c0759aea\">Selecione Arquivo<\/button><span data-empty-text=\"Nenhum arquivo selecionado ainda\">Nenhum arquivo selecionado ainda<\/span><button class=\"forminator-button-delete\" style=\"display: none;\"><i class=\"forminator-icon-close\" aria-hidden=\"true\"><\/i><span class=\"forminator-screen-reader-only\">Deletar arquivo enviado<\/span><\/button><\/div><span id=\"forminator-field-upload-1_69e07c0759aea-description\" class=\"forminator-description\">If you would prefer to add your content as a Microsoft Word document then please upload it here and we will use this to publish your article on the SGCI website.<\/span><\/div><\/div><\/div><div class=\"forminator-row\"><div id=\"textarea-1\" class=\"forminator-field-textarea forminator-col forminator-col-12 \"><div class=\"forminator-field\"><label for=\"forminator-field-textarea-1_69e07c0759aea\" id=\"forminator-field-textarea-1_69e07c0759aea-label\" class=\"forminator-label\">Content (Optional)<\/label><textarea name=\"textarea-1\" placeholder=\"Article Content...\" id=\"forminator-field-textarea-1_69e07c0759aea\" class=\"forminator-textarea\" rows=\"6\" style=\"--forminator-textarea-min-height:140px;\" ><\/textarea><\/div><\/div><\/div><div class=\"forminator-row\" style=\"margin: 0;\"><div id=\"captcha-1\" class=\"forminator-field-captcha  forminator-col-12 \"><div class=\"forminator-captcha-left forminator-g-recaptcha recaptcha-invisible\" data-theme=\"light\" data-badge=\"bottomright\" data-sitekey=\"6LecuAsqAAAAAPGqc164-KUcrSAVC591P-ECgpVz\" data-size=\"invisible\"><\/div> <\/div><\/div><input type=\"hidden\" name=\"referer_url\" value=\"\" \/><div class=\"forminator-row forminator-row-last\"><div class=\"forminator-col\"><div class=\"forminator-field\"><button class=\"forminator-button forminator-button-submit\">Submit Content<\/button><\/div><\/div><\/div><input type=\"hidden\" id=\"forminator_nonce\" name=\"forminator_nonce\" value=\"832a3b3ecb\" \/><input type=\"hidden\" name=\"_wp_http_referer\" value=\"\/pt\/wp-json\/wp\/v2\/pages\/17311\" \/><input type=\"hidden\" name=\"form_id\" value=\"14704\"><input type=\"hidden\" name=\"page_id\" value=\"17311\"><input type=\"hidden\" name=\"form_type\" value=\"default\"><input type=\"hidden\" name=\"current_url\" value=\"https:\/\/sgciafrica.org\/pt\/enviar-conteudo\/\"><input type=\"hidden\" name=\"render_id\" value=\"0\"><input type=\"hidden\" name=\"action\" value=\"forminator_submit_form_custom-forms\"><label for=\"input_9\" class=\"forminator-hidden\" aria-hidden=\"true\">Por favor, n\u00e3o preencha este campo. <input id=\"input_9\" type=\"text\" name=\"input_9\" value=\"\" autocomplete=\"off\"><\/label><\/form><\/p>\n","protected":false},"excerpt":{"rendered":"<p>Se voc\u00ea faz parte de um SGC ou CTA, envie conte\u00fado para ser considerado para publica\u00e7\u00e3o no site do SGCI usando o formul\u00e1rio abaixo.<\/p>\n","protected":false},"author":1,"featured_media":0,"parent":0,"menu_order":0,"comment_status":"closed","ping_status":"closed","template":"","meta":{"_acf_changed":false,"_uag_custom_page_level_css":"","footnotes":""},"class_list":["post-17311","page","type-page","status-publish","hentry"],"acf":[],"yoast_head":"<!-- This site is optimized with the Yoast SEO Premium plugin v27.3 (Yoast SEO v27.4) - https:\/\/yoast.com\/product\/yoast-seo-premium-wordpress\/ -->\n<title>Enviar conte\u00fado - SGCI Africa<\/title>\n<meta name=\"robots\" content=\"index, follow, max-snippet:-1, max-image-preview:large, max-video-preview:-1\" \/>\n<link rel=\"canonical\" href=\"https:\/\/sgciafrica.org\/submit-content\/\" \/>\n<meta property=\"og:locale\" content=\"pt_BR\" \/>\n<meta property=\"og:type\" content=\"article\" \/>\n<meta property=\"og:title\" content=\"Enviar conte\u00fado\" \/>\n<meta property=\"og:description\" content=\"Se voc\u00ea faz parte de um SGC ou CTA, envie conte\u00fado para ser considerado para publica\u00e7\u00e3o no site do SGCI usando o formul\u00e1rio abaixo.\" \/>\n<meta property=\"og:url\" content=\"https:\/\/sgciafrica.org\/submit-content\/\" \/>\n<meta property=\"og:site_name\" content=\"SGCI Africa\" \/>\n<meta property=\"article:modified_time\" content=\"2024-07-10T10:59:50+00:00\" \/>\n<meta name=\"twitter:card\" content=\"summary_large_image\" \/>\n<meta name=\"twitter:site\" content=\"@SGCIAfrica\" \/>\n<script type=\"application\/ld+json\" class=\"yoast-schema-graph\">{\"@context\":\"https:\\\/\\\/schema.org\",\"@graph\":[{\"@type\":\"WebPage\",\"@id\":\"https:\\\/\\\/sgciafrica.org\\\/submit-content\\\/\",\"url\":\"https:\\\/\\\/sgciafrica.org\\\/submit-content\\\/\",\"name\":\"Enviar conte\u00fado - SGCI Africa\",\"isPartOf\":{\"@id\":\"https:\\\/\\\/sgciafrica.org\\\/#website\"},\"datePublished\":\"2024-03-15T06:48:59+00:00\",\"dateModified\":\"2024-07-10T10:59:50+00:00\",\"breadcrumb\":{\"@id\":\"https:\\\/\\\/sgciafrica.org\\\/submit-content\\\/#breadcrumb\"},\"inLanguage\":\"pt-BR\",\"potentialAction\":[{\"@type\":\"ReadAction\",\"target\":[\"https:\\\/\\\/sgciafrica.org\\\/submit-content\\\/\"]}]},{\"@type\":\"BreadcrumbList\",\"@id\":\"https:\\\/\\\/sgciafrica.org\\\/submit-content\\\/#breadcrumb\",\"itemListElement\":[{\"@type\":\"ListItem\",\"position\":1,\"name\":\"Home\",\"item\":\"https:\\\/\\\/sgciafrica.org\\\/pt\\\/\"},{\"@type\":\"ListItem\",\"position\":2,\"name\":\"Enviar conte\u00fado\"}]},{\"@type\":\"WebSite\",\"@id\":\"https:\\\/\\\/sgciafrica.org\\\/#website\",\"url\":\"https:\\\/\\\/sgciafrica.org\\\/\",\"name\":\"SGCI Africa\",\"description\":\"\",\"publisher\":{\"@id\":\"https:\\\/\\\/sgciafrica.org\\\/#organization\"},\"potentialAction\":[{\"@type\":\"SearchAction\",\"target\":{\"@type\":\"EntryPoint\",\"urlTemplate\":\"https:\\\/\\\/sgciafrica.org\\\/?s={search_term_string}\"},\"query-input\":{\"@type\":\"PropertyValueSpecification\",\"valueRequired\":true,\"valueName\":\"search_term_string\"}}],\"inLanguage\":\"pt-BR\"},{\"@type\":\"Organization\",\"@id\":\"https:\\\/\\\/sgciafrica.org\\\/#organization\",\"name\":\"SGCI Africa\",\"url\":\"https:\\\/\\\/sgciafrica.org\\\/\",\"logo\":{\"@type\":\"ImageObject\",\"inLanguage\":\"pt-BR\",\"@id\":\"https:\\\/\\\/sgciafrica.org\\\/#\\\/schema\\\/logo\\\/image\\\/\",\"url\":\"https:\\\/\\\/sgciafrica.org\\\/wp-content\\\/uploads\\\/2024\\\/12\\\/SGCI_Logo_Secondary_Large.png\",\"contentUrl\":\"https:\\\/\\\/sgciafrica.org\\\/wp-content\\\/uploads\\\/2024\\\/12\\\/SGCI_Logo_Secondary_Large.png\",\"width\":3888,\"height\":1080,\"caption\":\"SGCI Africa\"},\"image\":{\"@id\":\"https:\\\/\\\/sgciafrica.org\\\/#\\\/schema\\\/logo\\\/image\\\/\"},\"sameAs\":[\"https:\\\/\\\/x.com\\\/SGCIAfrica\"]}]}<\/script>\n<!-- \/ Yoast SEO Premium plugin. -->","yoast_head_json":{"title":"Enviar conte\u00fado - SGCI Africa","robots":{"index":"index","follow":"follow","max-snippet":"max-snippet:-1","max-image-preview":"max-image-preview:large","max-video-preview":"max-video-preview:-1"},"canonical":"https:\/\/sgciafrica.org\/submit-content\/","og_locale":"pt_BR","og_type":"article","og_title":"Enviar conte\u00fado","og_description":"Se voc\u00ea faz parte de um SGC ou CTA, envie conte\u00fado para ser considerado para publica\u00e7\u00e3o no site do SGCI usando o formul\u00e1rio abaixo.","og_url":"https:\/\/sgciafrica.org\/submit-content\/","og_site_name":"SGCI Africa","article_modified_time":"2024-07-10T10:59:50+00:00","twitter_card":"summary_large_image","twitter_site":"@SGCIAfrica","schema":{"@context":"https:\/\/schema.org","@graph":[{"@type":"WebPage","@id":"https:\/\/sgciafrica.org\/submit-content\/","url":"https:\/\/sgciafrica.org\/submit-content\/","name":"Enviar conte\u00fado - SGCI Africa","isPartOf":{"@id":"https:\/\/sgciafrica.org\/#website"},"datePublished":"2024-03-15T06:48:59+00:00","dateModified":"2024-07-10T10:59:50+00:00","breadcrumb":{"@id":"https:\/\/sgciafrica.org\/submit-content\/#breadcrumb"},"inLanguage":"pt-BR","potentialAction":[{"@type":"ReadAction","target":["https:\/\/sgciafrica.org\/submit-content\/"]}]},{"@type":"BreadcrumbList","@id":"https:\/\/sgciafrica.org\/submit-content\/#breadcrumb","itemListElement":[{"@type":"ListItem","position":1,"name":"Home","item":"https:\/\/sgciafrica.org\/pt\/"},{"@type":"ListItem","position":2,"name":"Enviar conte\u00fado"}]},{"@type":"WebSite","@id":"https:\/\/sgciafrica.org\/#website","url":"https:\/\/sgciafrica.org\/","name":"SGCI Africa","description":"","publisher":{"@id":"https:\/\/sgciafrica.org\/#organization"},"potentialAction":[{"@type":"SearchAction","target":{"@type":"EntryPoint","urlTemplate":"https:\/\/sgciafrica.org\/?s={search_term_string}"},"query-input":{"@type":"PropertyValueSpecification","valueRequired":true,"valueName":"search_term_string"}}],"inLanguage":"pt-BR"},{"@type":"Organization","@id":"https:\/\/sgciafrica.org\/#organization","name":"SGCI Africa","url":"https:\/\/sgciafrica.org\/","logo":{"@type":"ImageObject","inLanguage":"pt-BR","@id":"https:\/\/sgciafrica.org\/#\/schema\/logo\/image\/","url":"https:\/\/sgciafrica.org\/wp-content\/uploads\/2024\/12\/SGCI_Logo_Secondary_Large.png","contentUrl":"https:\/\/sgciafrica.org\/wp-content\/uploads\/2024\/12\/SGCI_Logo_Secondary_Large.png","width":3888,"height":1080,"caption":"SGCI Africa"},"image":{"@id":"https:\/\/sgciafrica.org\/#\/schema\/logo\/image\/"},"sameAs":["https:\/\/x.com\/SGCIAfrica"]}]}},"uagb_featured_image_src":{"full":false,"thumbnail":false,"medium":false,"medium_large":false,"large":false,"1536x1536":false,"2048x2048":false,"sg-full-width":false,"sg-full-content-width":false,"sg-container-half":false,"sg-single-tile":false,"sg-council-user":false},"uagb_author_info":{"display_name":"modular","author_link":"https:\/\/sgciafrica.org\/pt\/author\/modular\/"},"uagb_comment_info":0,"uagb_excerpt":"Se voc\u00ea faz parte de um SGC ou CTA, envie conte\u00fado para ser considerado para publica\u00e7\u00e3o no site do SGCI usando o formul\u00e1rio abaixo.","_links":{"self":[{"href":"https:\/\/sgciafrica.org\/pt\/wp-json\/wp\/v2\/pages\/17311","targetHints":{"allow":["GET"]}}],"collection":[{"href":"https:\/\/sgciafrica.org\/pt\/wp-json\/wp\/v2\/pages"}],"about":[{"href":"https:\/\/sgciafrica.org\/pt\/wp-json\/wp\/v2\/types\/page"}],"author":[{"embeddable":true,"href":"https:\/\/sgciafrica.org\/pt\/wp-json\/wp\/v2\/users\/1"}],"replies":[{"embeddable":true,"href":"https:\/\/sgciafrica.org\/pt\/wp-json\/wp\/v2\/comments?post=17311"}],"version-history":[{"count":0,"href":"https:\/\/sgciafrica.org\/pt\/wp-json\/wp\/v2\/pages\/17311\/revisions"}],"wp:attachment":[{"href":"https:\/\/sgciafrica.org\/pt\/wp-json\/wp\/v2\/media?parent=17311"}],"curies":[{"name":"wp","href":"https:\/\/api.w.org\/{rel}","templated":true}]}}