{"id":25536,"date":"2025-07-15T11:53:35","date_gmt":"2025-07-15T10:53:35","guid":{"rendered":"https:\/\/sgciafrica.org\/restez-a-jour\/"},"modified":"2026-02-11T13:39:39","modified_gmt":"2026-02-11T13:39:39","slug":"restez-a-jour","status":"publish","type":"page","link":"https:\/\/sgciafrica.org\/fr\/restez-a-jour\/","title":{"rendered":"Restez \u00e0 jour"},"content":{"rendered":"\n<iframe loading=\"lazy\" src=\"https:\/\/marketing.cabi.org\/l\/732633\/2025-03-27\/49dk3j\" width=\"100%\" height=\"500\" type=\"text\/html\" frameborder=\"0\" allowtransparency=\"true\" style=\"border: 0\"><\/iframe>\n","protected":false},"excerpt":{"rendered":"","protected":false},"author":13,"featured_media":0,"parent":0,"menu_order":0,"comment_status":"closed","ping_status":"closed","template":"","meta":{"_acf_changed":false,"_uag_custom_page_level_css":"","footnotes":""},"class_list":["post-25536","page","type-page","status-publish","hentry"],"acf":[],"yoast_head":"<!-- This site is optimized with the Yoast SEO Premium plugin v27.3 (Yoast SEO v27.5) - https:\/\/yoast.com\/product\/yoast-seo-premium-wordpress\/ -->\n<title>Restez \u00e0 jour - SGCI Africa<\/title>\n<meta name=\"description\" content=\"Abonnez-vous \u00e0 notre newsletter r\u00e9guli\u00e8re pour des mises \u00e0 jour r\u00e9guli\u00e8res : derni\u00e8res recherches et ressources scientifiques, \u00e9v\u00e9nements \u00e0 venir, appels \u00e0 financement et actualit\u00e9s du SGCI.\" \/>\n<meta name=\"robots\" content=\"index, follow, max-snippet:-1, max-image-preview:large, max-video-preview:-1\" \/>\n<link rel=\"canonical\" href=\"https:\/\/sgciafrica.org\/fr\/restez-a-jour\/\" \/>\n<meta property=\"og:locale\" content=\"fr_FR\" \/>\n<meta property=\"og:type\" content=\"article\" \/>\n<meta property=\"og:title\" content=\"Restez \u00e0 jour\" \/>\n<meta property=\"og:description\" content=\"Abonnez-vous \u00e0 notre newsletter r\u00e9guli\u00e8re pour des mises \u00e0 jour r\u00e9guli\u00e8res : derni\u00e8res recherches et ressources scientifiques, \u00e9v\u00e9nements \u00e0 venir, appels \u00e0 financement et actualit\u00e9s du SGCI.\" \/>\n<meta property=\"og:url\" content=\"https:\/\/sgciafrica.org\/fr\/restez-a-jour\/\" \/>\n<meta property=\"og:site_name\" content=\"SGCI Africa\" \/>\n<meta property=\"article:modified_time\" content=\"2026-02-11T13:39:39+00:00\" \/>\n<meta name=\"twitter:card\" content=\"summary_large_image\" \/>\n<meta name=\"twitter:site\" content=\"@SGCIAfrica\" \/>\n<script type=\"application\/ld+json\" class=\"yoast-schema-graph\">{\"@context\":\"https:\\\/\\\/schema.org\",\"@graph\":[{\"@type\":\"WebPage\",\"@id\":\"https:\\\/\\\/sgciafrica.org\\\/fr\\\/restez-a-jour\\\/\",\"url\":\"https:\\\/\\\/sgciafrica.org\\\/fr\\\/restez-a-jour\\\/\",\"name\":\"Restez \u00e0 jour - SGCI Africa\",\"isPartOf\":{\"@id\":\"https:\\\/\\\/sgciafrica.org\\\/#website\"},\"datePublished\":\"2025-07-15T10:53:35+00:00\",\"dateModified\":\"2026-02-11T13:39:39+00:00\",\"description\":\"Abonnez-vous \u00e0 notre newsletter r\u00e9guli\u00e8re pour des mises \u00e0 jour r\u00e9guli\u00e8res : derni\u00e8res recherches et ressources scientifiques, \u00e9v\u00e9nements \u00e0 venir, appels \u00e0 financement et actualit\u00e9s du SGCI.\",\"breadcrumb\":{\"@id\":\"https:\\\/\\\/sgciafrica.org\\\/fr\\\/restez-a-jour\\\/#breadcrumb\"},\"inLanguage\":\"fr-FR\",\"potentialAction\":[{\"@type\":\"ReadAction\",\"target\":[\"https:\\\/\\\/sgciafrica.org\\\/fr\\\/restez-a-jour\\\/\"]}]},{\"@type\":\"BreadcrumbList\",\"@id\":\"https:\\\/\\\/sgciafrica.org\\\/fr\\\/restez-a-jour\\\/#breadcrumb\",\"itemListElement\":[{\"@type\":\"ListItem\",\"position\":1,\"name\":\"Home\",\"item\":\"https:\\\/\\\/sgciafrica.org\\\/fr\\\/\"},{\"@type\":\"ListItem\",\"position\":2,\"name\":\"Restez \u00e0 jour\"}]},{\"@type\":\"WebSite\",\"@id\":\"https:\\\/\\\/sgciafrica.org\\\/#website\",\"url\":\"https:\\\/\\\/sgciafrica.org\\\/\",\"name\":\"SGCI Africa\",\"description\":\"\",\"publisher\":{\"@id\":\"https:\\\/\\\/sgciafrica.org\\\/#organization\"},\"potentialAction\":[{\"@type\":\"SearchAction\",\"target\":{\"@type\":\"EntryPoint\",\"urlTemplate\":\"https:\\\/\\\/sgciafrica.org\\\/?s={search_term_string}\"},\"query-input\":{\"@type\":\"PropertyValueSpecification\",\"valueRequired\":true,\"valueName\":\"search_term_string\"}}],\"inLanguage\":\"fr-FR\"},{\"@type\":\"Organization\",\"@id\":\"https:\\\/\\\/sgciafrica.org\\\/#organization\",\"name\":\"SGCI Africa\",\"url\":\"https:\\\/\\\/sgciafrica.org\\\/\",\"logo\":{\"@type\":\"ImageObject\",\"inLanguage\":\"fr-FR\",\"@id\":\"https:\\\/\\\/sgciafrica.org\\\/#\\\/schema\\\/logo\\\/image\\\/\",\"url\":\"https:\\\/\\\/sgciafrica.org\\\/wp-content\\\/uploads\\\/2024\\\/12\\\/SGCI_Logo_Secondary_Large.png\",\"contentUrl\":\"https:\\\/\\\/sgciafrica.org\\\/wp-content\\\/uploads\\\/2024\\\/12\\\/SGCI_Logo_Secondary_Large.png\",\"width\":3888,\"height\":1080,\"caption\":\"SGCI Africa\"},\"image\":{\"@id\":\"https:\\\/\\\/sgciafrica.org\\\/#\\\/schema\\\/logo\\\/image\\\/\"},\"sameAs\":[\"https:\\\/\\\/x.com\\\/SGCIAfrica\"]}]}<\/script>\n<!-- \/ Yoast SEO Premium plugin. -->","yoast_head_json":{"title":"Restez \u00e0 jour - SGCI Africa","description":"Abonnez-vous \u00e0 notre newsletter r\u00e9guli\u00e8re pour des mises \u00e0 jour r\u00e9guli\u00e8res : derni\u00e8res recherches et ressources scientifiques, \u00e9v\u00e9nements \u00e0 venir, appels \u00e0 financement et actualit\u00e9s du SGCI.","robots":{"index":"index","follow":"follow","max-snippet":"max-snippet:-1","max-image-preview":"max-image-preview:large","max-video-preview":"max-video-preview:-1"},"canonical":"https:\/\/sgciafrica.org\/fr\/restez-a-jour\/","og_locale":"fr_FR","og_type":"article","og_title":"Restez \u00e0 jour","og_description":"Abonnez-vous \u00e0 notre newsletter r\u00e9guli\u00e8re pour des mises \u00e0 jour r\u00e9guli\u00e8res : derni\u00e8res recherches et ressources scientifiques, \u00e9v\u00e9nements \u00e0 venir, appels \u00e0 financement et actualit\u00e9s du SGCI.","og_url":"https:\/\/sgciafrica.org\/fr\/restez-a-jour\/","og_site_name":"SGCI Africa","article_modified_time":"2026-02-11T13:39:39+00:00","twitter_card":"summary_large_image","twitter_site":"@SGCIAfrica","schema":{"@context":"https:\/\/schema.org","@graph":[{"@type":"WebPage","@id":"https:\/\/sgciafrica.org\/fr\/restez-a-jour\/","url":"https:\/\/sgciafrica.org\/fr\/restez-a-jour\/","name":"Restez \u00e0 jour - SGCI Africa","isPartOf":{"@id":"https:\/\/sgciafrica.org\/#website"},"datePublished":"2025-07-15T10:53:35+00:00","dateModified":"2026-02-11T13:39:39+00:00","description":"Abonnez-vous \u00e0 notre newsletter r\u00e9guli\u00e8re pour des mises \u00e0 jour r\u00e9guli\u00e8res : derni\u00e8res recherches et ressources scientifiques, \u00e9v\u00e9nements \u00e0 venir, appels \u00e0 financement et actualit\u00e9s du SGCI.","breadcrumb":{"@id":"https:\/\/sgciafrica.org\/fr\/restez-a-jour\/#breadcrumb"},"inLanguage":"fr-FR","potentialAction":[{"@type":"ReadAction","target":["https:\/\/sgciafrica.org\/fr\/restez-a-jour\/"]}]},{"@type":"BreadcrumbList","@id":"https:\/\/sgciafrica.org\/fr\/restez-a-jour\/#breadcrumb","itemListElement":[{"@type":"ListItem","position":1,"name":"Home","item":"https:\/\/sgciafrica.org\/fr\/"},{"@type":"ListItem","position":2,"name":"Restez \u00e0 jour"}]},{"@type":"WebSite","@id":"https:\/\/sgciafrica.org\/#website","url":"https:\/\/sgciafrica.org\/","name":"SGCI Africa","description":"","publisher":{"@id":"https:\/\/sgciafrica.org\/#organization"},"potentialAction":[{"@type":"SearchAction","target":{"@type":"EntryPoint","urlTemplate":"https:\/\/sgciafrica.org\/?s={search_term_string}"},"query-input":{"@type":"PropertyValueSpecification","valueRequired":true,"valueName":"search_term_string"}}],"inLanguage":"fr-FR"},{"@type":"Organization","@id":"https:\/\/sgciafrica.org\/#organization","name":"SGCI Africa","url":"https:\/\/sgciafrica.org\/","logo":{"@type":"ImageObject","inLanguage":"fr-FR","@id":"https:\/\/sgciafrica.org\/#\/schema\/logo\/image\/","url":"https:\/\/sgciafrica.org\/wp-content\/uploads\/2024\/12\/SGCI_Logo_Secondary_Large.png","contentUrl":"https:\/\/sgciafrica.org\/wp-content\/uploads\/2024\/12\/SGCI_Logo_Secondary_Large.png","width":3888,"height":1080,"caption":"SGCI Africa"},"image":{"@id":"https:\/\/sgciafrica.org\/#\/schema\/logo\/image\/"},"sameAs":["https:\/\/x.com\/SGCIAfrica"]}]}},"uagb_featured_image_src":{"full":false,"thumbnail":false,"medium":false,"medium_large":false,"large":false,"1536x1536":false,"2048x2048":false,"sg-full-width":false,"sg-full-content-width":false,"sg-container-half":false,"sg-single-tile":false,"sg-council-user":false},"uagb_author_info":{"display_name":"Davis Weddi","author_link":"https:\/\/sgciafrica.org\/fr\/author\/davisweddi\/"},"uagb_comment_info":0,"uagb_excerpt":null,"_links":{"self":[{"href":"https:\/\/sgciafrica.org\/fr\/wp-json\/wp\/v2\/pages\/25536","targetHints":{"allow":["GET"]}}],"collection":[{"href":"https:\/\/sgciafrica.org\/fr\/wp-json\/wp\/v2\/pages"}],"about":[{"href":"https:\/\/sgciafrica.org\/fr\/wp-json\/wp\/v2\/types\/page"}],"author":[{"embeddable":true,"href":"https:\/\/sgciafrica.org\/fr\/wp-json\/wp\/v2\/users\/13"}],"replies":[{"embeddable":true,"href":"https:\/\/sgciafrica.org\/fr\/wp-json\/wp\/v2\/comments?post=25536"}],"version-history":[{"count":0,"href":"https:\/\/sgciafrica.org\/fr\/wp-json\/wp\/v2\/pages\/25536\/revisions"}],"wp:attachment":[{"href":"https:\/\/sgciafrica.org\/fr\/wp-json\/wp\/v2\/media?parent=25536"}],"curies":[{"name":"wp","href":"https:\/\/api.w.org\/{rel}","templated":true}]}}