{"id":19355,"date":"2024-03-21T05:29:00","date_gmt":"2024-03-21T05:29:00","guid":{"rendered":"https:\/\/sgciafrica.org\/financement\/"},"modified":"2024-07-10T13:00:12","modified_gmt":"2024-07-10T12:00:12","slug":"financement","status":"publish","type":"page","link":"https:\/\/sgciafrica.org\/fr\/financement\/","title":{"rendered":"Financement"},"content":{"rendered":"\n\n\t<div class=\"facetwp-facet facetwp-facet-funding_calls facetwp-type-radio\" data-name=\"funding_calls\" data-type=\"radio\"><\/div>\n\t<meta itemscope=\"\" itemprop=\"mainEntityOfPage\" itemtype=\"https:\/\/schema.org\/WebPage\" itemid=\"http:\/\/16800\" content=\"Global call for research concept notes: Climate-smart livestock systems 5\"><meta itemprop=\"datePublished\" content=\"2024-03-28\"><meta itemprop=\"dateModified\" content=\"2024-04-02\"><meta itemprop=\"name\" content=\"SGCI Africa\"><meta itemprop=\"url\" content=\"https:\/\/sgciafrica.org\/wp-content\/uploads\/2020\/06\/ButterflyMasthead_Black.png\"><meta itemprop=\"url\" content=\"https:\/\/sgciafrica.org\/author\/modular\/\"><meta itemprop=\"name\" content=\"modular\"><meta itemprop=\"url\" content=\"https:\/\/sgciafrica.org\/wp-content\/uploads\/2021\/04\/14359DEC-1A38-4D18-8ABC-6B9E9FFC2156.jpg\"><meta itemprop=\"width\" content=\"544\"><meta itemprop=\"height\" content=\"324\"><meta itemprop=\"interactionType\" content=\"https:\/\/schema.org\/CommentAction\"><meta itemprop=\"userInteractionCount\" content=\"0\">\n                <img width=\"150\" height=\"150\" src=\"https:\/\/sgciafrica.org\/wp-content\/uploads\/2024\/03\/Icon-LoudSpeaker-FFFFFF-150x150.png\" alt=\"\" decoding=\"async\" loading=\"lazy\" srcset=\"https:\/\/sgciafrica.org\/wp-content\/uploads\/2024\/03\/Icon-LoudSpeaker-FFFFFF-150x150.png 150w, https:\/\/sgciafrica.org\/wp-content\/uploads\/2024\/03\/Icon-LoudSpeaker-FFFFFF-300x300.png 300w, https:\/\/sgciafrica.org\/wp-content\/uploads\/2024\/03\/Icon-LoudSpeaker-FFFFFF.png 600w\" sizes=\"auto, (max-width: 150px) 100vw, 150px\">\n                <p>Appel \u00e0 financement ouvert :<\/p>\n                <p><a href=\"https:\/\/sgciafrica.org\/fr\/theme\/gender-and-inclusivity-fr\/\" rel=\"tag\">Gender and Inclusivity<\/a><\/p>\n Pays :\n            <a href=\"https:\/\/sgciafrica.org\/fr\/country\/ghana-fr\/\" rel=\"tag\">Ghana<\/a> | <a href=\"https:\/\/sgciafrica.org\/fr\/country\/zambia-fr\/\" rel=\"tag\">Zambie<\/a>\n    <h2><a href=\"https:\/\/sgciafrica.org\/fr\/funding\/opportunites-de-financement-a-venir\/\" title=\"Global call for research concept notes: Climate-smart livestock systems 5\">Global call for research concept notes: Climate-smart livestock systems 5<\/a><\/h2>\n            <p>Date limite : Jeudi 25 janvier 2024 &#8211; 12:00<\/p>\n\t<meta itemscope=\"\" itemprop=\"mainEntityOfPage\" itemtype=\"https:\/\/schema.org\/WebPage\" itemid=\"http:\/\/16788\" content=\"Appel mondial \u00e0 notes conceptuelles de recherche : Syst\u00e8mes d'\u00e9levage intelligents face au climat 4\"><meta itemprop=\"datePublished\" content=\"2024-03-28\"><meta itemprop=\"dateModified\" content=\"2024-03-29\"><meta itemprop=\"name\" content=\"SGCI Africa\"><meta itemprop=\"url\" content=\"https:\/\/sgciafrica.org\/wp-content\/uploads\/2020\/06\/ButterflyMasthead_Black.png\"><meta itemprop=\"url\" content=\"https:\/\/sgciafrica.org\/author\/modular\/\"><meta itemprop=\"name\" content=\"modular\"><meta itemprop=\"url\" content=\"https:\/\/sgciafrica.org\/wp-content\/uploads\/2021\/04\/14359DEC-1A38-4D18-8ABC-6B9E9FFC2156.jpg\"><meta itemprop=\"width\" content=\"544\"><meta itemprop=\"height\" content=\"324\"><meta itemprop=\"interactionType\" content=\"https:\/\/schema.org\/CommentAction\"><meta itemprop=\"userInteractionCount\" content=\"0\">\n                <img width=\"150\" height=\"150\" src=\"https:\/\/sgciafrica.org\/wp-content\/uploads\/2024\/03\/Icon-LoudSpeaker-FFFFFF-150x150.png\" alt=\"\" decoding=\"async\" loading=\"lazy\" srcset=\"https:\/\/sgciafrica.org\/wp-content\/uploads\/2024\/03\/Icon-LoudSpeaker-FFFFFF-150x150.png 150w, https:\/\/sgciafrica.org\/wp-content\/uploads\/2024\/03\/Icon-LoudSpeaker-FFFFFF-300x300.png 300w, https:\/\/sgciafrica.org\/wp-content\/uploads\/2024\/03\/Icon-LoudSpeaker-FFFFFF.png 600w\" sizes=\"auto, (max-width: 150px) 100vw, 150px\">\n                <p>Appel \u00e0 financement ouvert :<\/p>\n                <p><a href=\"https:\/\/sgciafrica.org\/fr\/theme\/gender-and-inclusivity-fr\/\" rel=\"tag\">Gender and Inclusivity<\/a><\/p>\n Pays :\n            <a href=\"https:\/\/sgciafrica.org\/fr\/country\/ghana-fr\/\" rel=\"tag\">Ghana<\/a> | <a href=\"https:\/\/sgciafrica.org\/fr\/country\/zambia-fr\/\" rel=\"tag\">Zambie<\/a>\n    <h2><a href=\"https:\/\/sgciafrica.org\/funding\/global-call-for-research-concept-notes-climate-smart-livestock-systems-4\/\" title=\"Appel mondial \u00e0 notes conceptuelles de recherche : Syst\u00e8mes d'\u00e9levage intelligents face au climat 4\">Appel mondial \u00e0 notes conceptuelles de recherche : Syst\u00e8mes d&rsquo;\u00e9levage intelligents face au climat 4<\/a><\/h2>\n            <p>Date limite : Jeudi 25 janvier 2024 &#8211; 12 : 00<\/p>\n\t<meta itemscope=\"\" itemprop=\"mainEntityOfPage\" itemtype=\"https:\/\/schema.org\/WebPage\" itemid=\"http:\/\/16787\" content=\"Appel mondial \u00e0 notes conceptuelles de recherche : Syst\u00e8mes d'\u00e9levage intelligents face au climat 3\"><meta itemprop=\"datePublished\" content=\"2024-03-28\"><meta itemprop=\"dateModified\" content=\"2024-03-29\"><meta itemprop=\"name\" content=\"SGCI Africa\"><meta itemprop=\"url\" content=\"https:\/\/sgciafrica.org\/wp-content\/uploads\/2020\/06\/ButterflyMasthead_Black.png\"><meta itemprop=\"url\" content=\"https:\/\/sgciafrica.org\/author\/modular\/\"><meta itemprop=\"name\" content=\"modular\"><meta itemprop=\"url\" content=\"https:\/\/sgciafrica.org\/wp-content\/uploads\/2021\/04\/14359DEC-1A38-4D18-8ABC-6B9E9FFC2156.jpg\"><meta itemprop=\"width\" content=\"544\"><meta itemprop=\"height\" content=\"324\"><meta itemprop=\"interactionType\" content=\"https:\/\/schema.org\/CommentAction\"><meta itemprop=\"userInteractionCount\" content=\"0\">\n                <img width=\"150\" height=\"150\" src=\"https:\/\/sgciafrica.org\/wp-content\/uploads\/2024\/03\/Icon-LoudSpeaker-FFFFFF-150x150.png\" alt=\"\" decoding=\"async\" loading=\"lazy\" srcset=\"https:\/\/sgciafrica.org\/wp-content\/uploads\/2024\/03\/Icon-LoudSpeaker-FFFFFF-150x150.png 150w, https:\/\/sgciafrica.org\/wp-content\/uploads\/2024\/03\/Icon-LoudSpeaker-FFFFFF-300x300.png 300w, https:\/\/sgciafrica.org\/wp-content\/uploads\/2024\/03\/Icon-LoudSpeaker-FFFFFF.png 600w\" sizes=\"auto, (max-width: 150px) 100vw, 150px\">\n                <p>Appel \u00e0 financement ouvert :<\/p>\n                <p><a href=\"https:\/\/sgciafrica.org\/fr\/theme\/gender-and-inclusivity-fr\/\" rel=\"tag\">Gender and Inclusivity<\/a><\/p>\n Pays :\n            <a href=\"https:\/\/sgciafrica.org\/fr\/country\/ghana-fr\/\" rel=\"tag\">Ghana<\/a> | <a href=\"https:\/\/sgciafrica.org\/fr\/country\/zambia-fr\/\" rel=\"tag\">Zambie<\/a>\n    <h2><a href=\"https:\/\/sgciafrica.org\/funding\/global-call-for-research-concept-notes-climate-smart-livestock-systems-3\/\" title=\"Appel mondial \u00e0 notes conceptuelles de recherche : Syst\u00e8mes d'\u00e9levage intelligents face au climat 3\">Appel mondial \u00e0 notes conceptuelles de recherche : Syst\u00e8mes d&rsquo;\u00e9levage intelligents face au climat 3<\/a><\/h2>\n            <p>Date limite : Jeudi 25 janvier 2024 &#8211; 12 : 00<\/p>\n\t<meta itemscope=\"\" itemprop=\"mainEntityOfPage\" itemtype=\"https:\/\/schema.org\/WebPage\" itemid=\"http:\/\/14333\" content=\"Appel mondial \u00e0 notes conceptuelles de recherche : Syst\u00e8mes d'\u00e9levage intelligents face au climat 2\"><meta itemprop=\"datePublished\" content=\"2024-03-14\"><meta itemprop=\"dateModified\" content=\"2024-03-28\"><meta itemprop=\"name\" content=\"SGCI Africa\"><meta itemprop=\"url\" content=\"https:\/\/sgciafrica.org\/wp-content\/uploads\/2020\/06\/ButterflyMasthead_Black.png\"><meta itemprop=\"url\" content=\"https:\/\/sgciafrica.org\/author\/modular\/\"><meta itemprop=\"name\" content=\"modular\"><meta itemprop=\"url\" content=\"https:\/\/sgciafrica.org\/wp-content\/uploads\/2021\/04\/FD919691-F72D-4665-9411-23D9E5A7CD96.jpg\"><meta itemprop=\"width\" content=\"544\"><meta itemprop=\"height\" content=\"324\"><meta itemprop=\"interactionType\" content=\"https:\/\/schema.org\/CommentAction\"><meta itemprop=\"userInteractionCount\" content=\"0\">\n                <img width=\"150\" height=\"150\" src=\"https:\/\/sgciafrica.org\/wp-content\/uploads\/2024\/03\/Icon-LoudSpeaker-FFFFFF-150x150.png\" alt=\"\" decoding=\"async\" loading=\"lazy\" srcset=\"https:\/\/sgciafrica.org\/wp-content\/uploads\/2024\/03\/Icon-LoudSpeaker-FFFFFF-150x150.png 150w, https:\/\/sgciafrica.org\/wp-content\/uploads\/2024\/03\/Icon-LoudSpeaker-FFFFFF-300x300.png 300w, https:\/\/sgciafrica.org\/wp-content\/uploads\/2024\/03\/Icon-LoudSpeaker-FFFFFF.png 600w\" sizes=\"auto, (max-width: 150px) 100vw, 150px\">\n                <p>fermer Appel \u00e0 financement :<\/p>\n                <p><a href=\"https:\/\/sgciafrica.org\/fr\/theme\/cooperation-projects\/\" rel=\"tag\">Projets de coop\u00e9ration<\/a><\/p>\n Pays :\n            <a href=\"https:\/\/sgciafrica.org\/fr\/country\/ghana-fr\/\" rel=\"tag\">Ghana<\/a> | <a href=\"https:\/\/sgciafrica.org\/fr\/country\/kenya-fr\/\" rel=\"tag\">Kenya<\/a>\n    <h2><a href=\"https:\/\/sgciafrica.org\/funding\/global-call-for-research-concept-notes-climate-smart-livestock-systems-2\/\" title=\"Appel mondial \u00e0 notes conceptuelles de recherche : Syst\u00e8mes d'\u00e9levage intelligents face au climat 2\">Appel mondial \u00e0 notes conceptuelles de recherche : Syst\u00e8mes d&rsquo;\u00e9levage intelligents face au climat 2<\/a><\/h2>\n            <p>Date limite : Jeudi 25 janvier 2024 &#8211; 12 : 00<\/p>\n\t\t\t\t<ul class=\"page-numbers\">\n\t<li>1<\/li>\n\t<li><a href=\"https:\/\/sgciafrica.org\/page\/2\/?page_id=16324&amp;fl_builder\">2<\/a><\/li>\n<\/ul>\n\t\t\t\t\t<a href=\"#\">\n  Afficher plus d&rsquo;appels de fonds\n\t\t\t\t\t<img decoding=\"async\" src=\"https:\/\/sgciafrica.org\/wp-content\/plugins\/bbpowerpack\/assets\/images\/spinner.gif\" alt=\"chargeur\"><\/a>\n\t\t<!-- .pp-content-posts -->\n<h2>\n Th\u00e8mes\n\t<\/h2>\n\t<p>Le SGCI vise \u00e0 renforcer les capacit\u00e9s de ces SGC \u00e0 soutenir la recherche et les politiques fond\u00e9es sur des donn\u00e9es probantes qui contribueront au d\u00e9veloppement \u00e9conomique et social.<\/p>\n\t\t\t<a href=\"#\" target=\"_self\" rel=\"noopener\">\n  Vision et valeurs\n\t\t\t<\/a>\n\t<a href=\"https:\/\/sgciafrica.org\/fr\/theme\/research-management\/\" title=\"Cat\u00e9gorie Gestion de la recherche\">Gestion de la recherche<\/a>\n    <img width=\"2100\" height=\"1399\" src=\"https:\/\/sgciafrica.org\/wp-content\/uploads\/2024\/03\/Image-Article-1.jpg\" alt=\"\" decoding=\"async\" loading=\"lazy\" srcset=\"https:\/\/sgciafrica.org\/wp-content\/uploads\/2024\/03\/Image-Article-1.jpg 2100w, https:\/\/sgciafrica.org\/wp-content\/uploads\/2024\/03\/Image-Article-1-300x200.jpg 300w, https:\/\/sgciafrica.org\/wp-content\/uploads\/2024\/03\/Image-Article-1-1024x682.jpg 1024w, https:\/\/sgciafrica.org\/wp-content\/uploads\/2024\/03\/Image-Article-1-768x512.jpg 768w, https:\/\/sgciafrica.org\/wp-content\/uploads\/2024\/03\/Image-Article-1-1536x1023.jpg 1536w, https:\/\/sgciafrica.org\/wp-content\/uploads\/2024\/03\/Image-Article-1-2048x1364.jpg 2048w\" sizes=\"auto, (max-width: 2100px) 100vw, 2100px\">\n        <h3>Gestion de la recherche<\/h3>\n\t<a href=\"https:\/\/sgciafrica.org\/fr\/theme\/evidence-in-policymaking\/\" title=\"Cat\u00e9gorie Les \u00e9l\u00e9ments probants dans l'\u00e9laboration des politiques\">Les donn\u00e9es probantes dans l&rsquo;\u00e9laboration des politiques<\/a>\n    <img width=\"2100\" height=\"1399\" src=\"https:\/\/sgciafrica.org\/wp-content\/uploads\/2024\/03\/Image-Article-2.jpg\" alt=\"\" decoding=\"async\" loading=\"lazy\" srcset=\"https:\/\/sgciafrica.org\/wp-content\/uploads\/2024\/03\/Image-Article-2.jpg 2100w, https:\/\/sgciafrica.org\/wp-content\/uploads\/2024\/03\/Image-Article-2-300x200.jpg 300w, https:\/\/sgciafrica.org\/wp-content\/uploads\/2024\/03\/Image-Article-2-1024x682.jpg 1024w, https:\/\/sgciafrica.org\/wp-content\/uploads\/2024\/03\/Image-Article-2-768x512.jpg 768w, https:\/\/sgciafrica.org\/wp-content\/uploads\/2024\/03\/Image-Article-2-1536x1023.jpg 1536w, https:\/\/sgciafrica.org\/wp-content\/uploads\/2024\/03\/Image-Article-2-2048x1364.jpg 2048w\" sizes=\"auto, (max-width: 2100px) 100vw, 2100px\">\n        <h3>Les donn\u00e9es probantes dans l&rsquo;\u00e9laboration des politiques<\/h3>\n\t<a href=\"https:\/\/sgciafrica.org\/fr\/theme\/cooperation-projects\/\" title=\"Cat\u00e9gorie Projets de coop\u00e9ration\">Projets de coop\u00e9ration<\/a>\n    <img width=\"2100\" height=\"1399\" src=\"https:\/\/sgciafrica.org\/wp-content\/uploads\/2024\/03\/Image-Article-1.jpg\" alt=\"\" decoding=\"async\" loading=\"lazy\" srcset=\"https:\/\/sgciafrica.org\/wp-content\/uploads\/2024\/03\/Image-Article-1.jpg 2100w, https:\/\/sgciafrica.org\/wp-content\/uploads\/2024\/03\/Image-Article-1-300x200.jpg 300w, https:\/\/sgciafrica.org\/wp-content\/uploads\/2024\/03\/Image-Article-1-1024x682.jpg 1024w, https:\/\/sgciafrica.org\/wp-content\/uploads\/2024\/03\/Image-Article-1-768x512.jpg 768w, https:\/\/sgciafrica.org\/wp-content\/uploads\/2024\/03\/Image-Article-1-1536x1023.jpg 1536w, https:\/\/sgciafrica.org\/wp-content\/uploads\/2024\/03\/Image-Article-1-2048x1364.jpg 2048w\" sizes=\"auto, (max-width: 2100px) 100vw, 2100px\">\n        <h3>Projets de coop\u00e9ration<\/h3>\n\t<a href=\"https:\/\/sgciafrica.org\/fr\/theme\/strategic-communications-and-knowledge-uptake-fr\/\" title=\"Cat\u00e9gorie Communications strat\u00e9giques et assimilation des connaissances\">Communications strat\u00e9giques et assimilation des connaissances<\/a>\n    <img width=\"2100\" height=\"1399\" src=\"https:\/\/sgciafrica.org\/wp-content\/uploads\/2024\/03\/Image-Article-6.jpg\" alt=\"\" decoding=\"async\" loading=\"lazy\" srcset=\"https:\/\/sgciafrica.org\/wp-content\/uploads\/2024\/03\/Image-Article-6.jpg 2100w, https:\/\/sgciafrica.org\/wp-content\/uploads\/2024\/03\/Image-Article-6-300x200.jpg 300w, https:\/\/sgciafrica.org\/wp-content\/uploads\/2024\/03\/Image-Article-6-1024x682.jpg 1024w, https:\/\/sgciafrica.org\/wp-content\/uploads\/2024\/03\/Image-Article-6-768x512.jpg 768w, https:\/\/sgciafrica.org\/wp-content\/uploads\/2024\/03\/Image-Article-6-1536x1023.jpg 1536w, https:\/\/sgciafrica.org\/wp-content\/uploads\/2024\/03\/Image-Article-6-2048x1364.jpg 2048w\" sizes=\"auto, (max-width: 2100px) 100vw, 2100px\">\n        <h3>Communications strat\u00e9giques et assimilation des connaissances<\/h3>\n\t<a href=\"https:\/\/sgciafrica.org\/fr\/theme\/gender-and-inclusivity-fr\/\" title=\"Cat\u00e9gorie : Genre et inclusion\">Gender and Inclusivity<\/a>\n    <img width=\"2100\" height=\"1399\" src=\"https:\/\/sgciafrica.org\/wp-content\/uploads\/2024\/03\/Image-Article-5.jpg\" alt=\"\" decoding=\"async\" loading=\"lazy\" srcset=\"https:\/\/sgciafrica.org\/wp-content\/uploads\/2024\/03\/Image-Article-5.jpg 2100w, https:\/\/sgciafrica.org\/wp-content\/uploads\/2024\/03\/Image-Article-5-300x200.jpg 300w, https:\/\/sgciafrica.org\/wp-content\/uploads\/2024\/03\/Image-Article-5-1024x682.jpg 1024w, https:\/\/sgciafrica.org\/wp-content\/uploads\/2024\/03\/Image-Article-5-768x512.jpg 768w, https:\/\/sgciafrica.org\/wp-content\/uploads\/2024\/03\/Image-Article-5-1536x1023.jpg 1536w, https:\/\/sgciafrica.org\/wp-content\/uploads\/2024\/03\/Image-Article-5-2048x1364.jpg 2048w\" sizes=\"auto, (max-width: 2100px) 100vw, 2100px\">\n        <h3>Gender and Inclusivity<\/h3>\n\t<a href=\"https:\/\/sgciafrica.org\/fr\/theme\/private-sector-engagement-fr\/\" title=\"Cat\u00e9gorie Engagement du secteur priv\u00e9\">Engagement du secteur priv\u00e9<\/a>\n    <img width=\"2100\" height=\"1399\" src=\"https:\/\/sgciafrica.org\/wp-content\/uploads\/2024\/03\/Image-Article-4.jpg\" alt=\"\" decoding=\"async\" loading=\"lazy\" srcset=\"https:\/\/sgciafrica.org\/wp-content\/uploads\/2024\/03\/Image-Article-4.jpg 2100w, https:\/\/sgciafrica.org\/wp-content\/uploads\/2024\/03\/Image-Article-4-300x200.jpg 300w, https:\/\/sgciafrica.org\/wp-content\/uploads\/2024\/03\/Image-Article-4-1024x682.jpg 1024w, https:\/\/sgciafrica.org\/wp-content\/uploads\/2024\/03\/Image-Article-4-768x512.jpg 768w, https:\/\/sgciafrica.org\/wp-content\/uploads\/2024\/03\/Image-Article-4-1536x1023.jpg 1536w, https:\/\/sgciafrica.org\/wp-content\/uploads\/2024\/03\/Image-Article-4-2048x1364.jpg 2048w\" sizes=\"auto, (max-width: 2100px) 100vw, 2100px\">\n        <h3>Engagement du secteur priv\u00e9<\/h3>\n\n","protected":false},"excerpt":{"rendered":"<p>Programmes de financement qui soutiennent des projets de recherche et d&rsquo;innovation en Afrique subsaharienne, avec des liens vers les appels ouverts et \u00e0 venir.<\/p>\n","protected":false},"author":1,"featured_media":0,"parent":0,"menu_order":0,"comment_status":"closed","ping_status":"closed","template":"","meta":{"_acf_changed":false,"_uag_custom_page_level_css":"","footnotes":""},"class_list":["post-19355","page","type-page","status-publish","hentry"],"acf":[],"yoast_head":"<!-- This site is optimized with the Yoast SEO Premium plugin v27.3 (Yoast SEO v27.3) - https:\/\/yoast.com\/product\/yoast-seo-premium-wordpress\/ -->\n<title>Financement - SGCI Africa<\/title>\n<meta name=\"robots\" content=\"index, follow, max-snippet:-1, max-image-preview:large, max-video-preview:-1\" \/>\n<link rel=\"canonical\" href=\"https:\/\/sgciafrica.org\/funding\/\" \/>\n<meta property=\"og:locale\" content=\"fr_FR\" \/>\n<meta property=\"og:type\" content=\"article\" \/>\n<meta property=\"og:title\" content=\"Financement\" \/>\n<meta property=\"og:description\" content=\"Programmes de financement qui soutiennent des projets de recherche et d&#039;innovation en Afrique subsaharienne, avec des liens vers les appels ouverts et \u00e0 venir.\" \/>\n<meta property=\"og:url\" content=\"https:\/\/sgciafrica.org\/funding\/\" \/>\n<meta property=\"og:site_name\" content=\"SGCI Africa\" \/>\n<meta property=\"article:modified_time\" content=\"2024-07-10T12:00:12+00:00\" \/>\n<meta property=\"og:image\" content=\"https:\/\/sgciafrica.org\/wp-content\/uploads\/2024\/03\/Icon-LoudSpeaker-FFFFFF-150x150.png\" \/>\n<meta name=\"twitter:card\" content=\"summary_large_image\" \/>\n<meta name=\"twitter:site\" content=\"@SGCIAfrica\" \/>\n<meta name=\"twitter:label1\" content=\"Dur\u00e9e de lecture estim\u00e9e\" \/>\n\t<meta name=\"twitter:data1\" content=\"1 minute\" \/>\n<script type=\"application\/ld+json\" class=\"yoast-schema-graph\">{\"@context\":\"https:\\\/\\\/schema.org\",\"@graph\":[{\"@type\":\"WebPage\",\"@id\":\"https:\\\/\\\/sgciafrica.org\\\/funding\\\/\",\"url\":\"https:\\\/\\\/sgciafrica.org\\\/funding\\\/\",\"name\":\"Financement - SGCI Africa\",\"isPartOf\":{\"@id\":\"https:\\\/\\\/sgciafrica.org\\\/#website\"},\"primaryImageOfPage\":{\"@id\":\"https:\\\/\\\/sgciafrica.org\\\/funding\\\/#primaryimage\"},\"image\":{\"@id\":\"https:\\\/\\\/sgciafrica.org\\\/funding\\\/#primaryimage\"},\"thumbnailUrl\":\"https:\\\/\\\/sgciafrica.org\\\/wp-content\\\/uploads\\\/2024\\\/03\\\/Icon-LoudSpeaker-FFFFFF-150x150.png\",\"datePublished\":\"2024-03-21T05:29:00+00:00\",\"dateModified\":\"2024-07-10T12:00:12+00:00\",\"breadcrumb\":{\"@id\":\"https:\\\/\\\/sgciafrica.org\\\/funding\\\/#breadcrumb\"},\"inLanguage\":\"fr-FR\",\"potentialAction\":[{\"@type\":\"ReadAction\",\"target\":[\"https:\\\/\\\/sgciafrica.org\\\/funding\\\/\"]}]},{\"@type\":\"ImageObject\",\"inLanguage\":\"fr-FR\",\"@id\":\"https:\\\/\\\/sgciafrica.org\\\/funding\\\/#primaryimage\",\"url\":\"https:\\\/\\\/sgciafrica.org\\\/wp-content\\\/uploads\\\/2024\\\/03\\\/Icon-LoudSpeaker-FFFFFF-150x150.png\",\"contentUrl\":\"https:\\\/\\\/sgciafrica.org\\\/wp-content\\\/uploads\\\/2024\\\/03\\\/Icon-LoudSpeaker-FFFFFF-150x150.png\"},{\"@type\":\"BreadcrumbList\",\"@id\":\"https:\\\/\\\/sgciafrica.org\\\/funding\\\/#breadcrumb\",\"itemListElement\":[{\"@type\":\"ListItem\",\"position\":1,\"name\":\"Home\",\"item\":\"https:\\\/\\\/sgciafrica.org\\\/fr\\\/\"},{\"@type\":\"ListItem\",\"position\":2,\"name\":\"Financement\"}]},{\"@type\":\"WebSite\",\"@id\":\"https:\\\/\\\/sgciafrica.org\\\/#website\",\"url\":\"https:\\\/\\\/sgciafrica.org\\\/\",\"name\":\"SGCI Africa\",\"description\":\"\",\"publisher\":{\"@id\":\"https:\\\/\\\/sgciafrica.org\\\/#organization\"},\"potentialAction\":[{\"@type\":\"SearchAction\",\"target\":{\"@type\":\"EntryPoint\",\"urlTemplate\":\"https:\\\/\\\/sgciafrica.org\\\/?s={search_term_string}\"},\"query-input\":{\"@type\":\"PropertyValueSpecification\",\"valueRequired\":true,\"valueName\":\"search_term_string\"}}],\"inLanguage\":\"fr-FR\"},{\"@type\":\"Organization\",\"@id\":\"https:\\\/\\\/sgciafrica.org\\\/#organization\",\"name\":\"SGCI Africa\",\"url\":\"https:\\\/\\\/sgciafrica.org\\\/\",\"logo\":{\"@type\":\"ImageObject\",\"inLanguage\":\"fr-FR\",\"@id\":\"https:\\\/\\\/sgciafrica.org\\\/#\\\/schema\\\/logo\\\/image\\\/\",\"url\":\"https:\\\/\\\/sgciafrica.org\\\/wp-content\\\/uploads\\\/2024\\\/12\\\/SGCI_Logo_Secondary_Large.png\",\"contentUrl\":\"https:\\\/\\\/sgciafrica.org\\\/wp-content\\\/uploads\\\/2024\\\/12\\\/SGCI_Logo_Secondary_Large.png\",\"width\":3888,\"height\":1080,\"caption\":\"SGCI Africa\"},\"image\":{\"@id\":\"https:\\\/\\\/sgciafrica.org\\\/#\\\/schema\\\/logo\\\/image\\\/\"},\"sameAs\":[\"https:\\\/\\\/x.com\\\/SGCIAfrica\"]}]}<\/script>\n<!-- \/ Yoast SEO Premium plugin. -->","yoast_head_json":{"title":"Financement - SGCI Africa","robots":{"index":"index","follow":"follow","max-snippet":"max-snippet:-1","max-image-preview":"max-image-preview:large","max-video-preview":"max-video-preview:-1"},"canonical":"https:\/\/sgciafrica.org\/funding\/","og_locale":"fr_FR","og_type":"article","og_title":"Financement","og_description":"Programmes de financement qui soutiennent des projets de recherche et d'innovation en Afrique subsaharienne, avec des liens vers les appels ouverts et \u00e0 venir.","og_url":"https:\/\/sgciafrica.org\/funding\/","og_site_name":"SGCI Africa","article_modified_time":"2024-07-10T12:00:12+00:00","og_image":[{"url":"https:\/\/sgciafrica.org\/wp-content\/uploads\/2024\/03\/Icon-LoudSpeaker-FFFFFF-150x150.png","type":"","width":"","height":""}],"twitter_card":"summary_large_image","twitter_site":"@SGCIAfrica","twitter_misc":{"Dur\u00e9e de lecture estim\u00e9e":"1 minute"},"schema":{"@context":"https:\/\/schema.org","@graph":[{"@type":"WebPage","@id":"https:\/\/sgciafrica.org\/funding\/","url":"https:\/\/sgciafrica.org\/funding\/","name":"Financement - SGCI Africa","isPartOf":{"@id":"https:\/\/sgciafrica.org\/#website"},"primaryImageOfPage":{"@id":"https:\/\/sgciafrica.org\/funding\/#primaryimage"},"image":{"@id":"https:\/\/sgciafrica.org\/funding\/#primaryimage"},"thumbnailUrl":"https:\/\/sgciafrica.org\/wp-content\/uploads\/2024\/03\/Icon-LoudSpeaker-FFFFFF-150x150.png","datePublished":"2024-03-21T05:29:00+00:00","dateModified":"2024-07-10T12:00:12+00:00","breadcrumb":{"@id":"https:\/\/sgciafrica.org\/funding\/#breadcrumb"},"inLanguage":"fr-FR","potentialAction":[{"@type":"ReadAction","target":["https:\/\/sgciafrica.org\/funding\/"]}]},{"@type":"ImageObject","inLanguage":"fr-FR","@id":"https:\/\/sgciafrica.org\/funding\/#primaryimage","url":"https:\/\/sgciafrica.org\/wp-content\/uploads\/2024\/03\/Icon-LoudSpeaker-FFFFFF-150x150.png","contentUrl":"https:\/\/sgciafrica.org\/wp-content\/uploads\/2024\/03\/Icon-LoudSpeaker-FFFFFF-150x150.png"},{"@type":"BreadcrumbList","@id":"https:\/\/sgciafrica.org\/funding\/#breadcrumb","itemListElement":[{"@type":"ListItem","position":1,"name":"Home","item":"https:\/\/sgciafrica.org\/fr\/"},{"@type":"ListItem","position":2,"name":"Financement"}]},{"@type":"WebSite","@id":"https:\/\/sgciafrica.org\/#website","url":"https:\/\/sgciafrica.org\/","name":"SGCI Africa","description":"","publisher":{"@id":"https:\/\/sgciafrica.org\/#organization"},"potentialAction":[{"@type":"SearchAction","target":{"@type":"EntryPoint","urlTemplate":"https:\/\/sgciafrica.org\/?s={search_term_string}"},"query-input":{"@type":"PropertyValueSpecification","valueRequired":true,"valueName":"search_term_string"}}],"inLanguage":"fr-FR"},{"@type":"Organization","@id":"https:\/\/sgciafrica.org\/#organization","name":"SGCI Africa","url":"https:\/\/sgciafrica.org\/","logo":{"@type":"ImageObject","inLanguage":"fr-FR","@id":"https:\/\/sgciafrica.org\/#\/schema\/logo\/image\/","url":"https:\/\/sgciafrica.org\/wp-content\/uploads\/2024\/12\/SGCI_Logo_Secondary_Large.png","contentUrl":"https:\/\/sgciafrica.org\/wp-content\/uploads\/2024\/12\/SGCI_Logo_Secondary_Large.png","width":3888,"height":1080,"caption":"SGCI Africa"},"image":{"@id":"https:\/\/sgciafrica.org\/#\/schema\/logo\/image\/"},"sameAs":["https:\/\/x.com\/SGCIAfrica"]}]}},"uagb_featured_image_src":{"full":false,"thumbnail":false,"medium":false,"medium_large":false,"large":false,"1536x1536":false,"2048x2048":false,"sg-full-width":false,"sg-full-content-width":false,"sg-container-half":false,"sg-single-tile":false,"sg-council-user":false},"uagb_author_info":{"display_name":"modular","author_link":"https:\/\/sgciafrica.org\/fr\/author\/modular\/"},"uagb_comment_info":0,"uagb_excerpt":"Programmes de financement qui soutiennent des projets de recherche et d'innovation en Afrique subsaharienne, avec des liens vers les appels ouverts et \u00e0 venir.","_links":{"self":[{"href":"https:\/\/sgciafrica.org\/fr\/wp-json\/wp\/v2\/pages\/19355","targetHints":{"allow":["GET"]}}],"collection":[{"href":"https:\/\/sgciafrica.org\/fr\/wp-json\/wp\/v2\/pages"}],"about":[{"href":"https:\/\/sgciafrica.org\/fr\/wp-json\/wp\/v2\/types\/page"}],"author":[{"embeddable":true,"href":"https:\/\/sgciafrica.org\/fr\/wp-json\/wp\/v2\/users\/1"}],"replies":[{"embeddable":true,"href":"https:\/\/sgciafrica.org\/fr\/wp-json\/wp\/v2\/comments?post=19355"}],"version-history":[{"count":0,"href":"https:\/\/sgciafrica.org\/fr\/wp-json\/wp\/v2\/pages\/19355\/revisions"}],"wp:attachment":[{"href":"https:\/\/sgciafrica.org\/fr\/wp-json\/wp\/v2\/media?parent=19355"}],"curies":[{"name":"wp","href":"https:\/\/api.w.org\/{rel}","templated":true}]}}