{"id":17713,"date":"2024-03-19T07:13:38","date_gmt":"2024-03-19T07:13:38","guid":{"rendered":"https:\/\/sgciafrica.org\/notre-travail-et-notre-impact\/projets\/"},"modified":"2026-02-11T13:39:49","modified_gmt":"2026-02-11T13:39:49","slug":"projets","status":"publish","type":"page","link":"https:\/\/sgciafrica.org\/fr\/notre-travail-et-notre-impact\/projets\/","title":{"rendered":"Projets"},"content":{"rendered":"\n\n\t        <label for=\"\">Pays d&rsquo;Afrique<\/label><br \/>\n        <div class=\"facetwp-facet facetwp-facet-african_country facetwp-type-dropdown\" data-name=\"african_country\" data-type=\"dropdown\"><\/div><br \/>\n        <label for=\"\">Th\u00e8mes<\/label><br \/>\n        <div class=\"facetwp-facet facetwp-facet-themes facetwp-type-dropdown\" data-name=\"themes\" data-type=\"dropdown\"><\/div><br \/>\n        <label for=\"\">Objectifs du Conseil<\/label><br \/>\n        <div class=\"facetwp-facet facetwp-facet-council_objectives facetwp-type-dropdown\" data-name=\"council_objectives\" data-type=\"dropdown\"><\/div><br \/>\n        <label for=\"\">commande<\/label><br \/>\n        <div class=\"facetwp-facet facetwp-facet-order_by facetwp-type-sort\" data-name=\"order_by\" data-type=\"sort\"><\/div><br \/>\n        <div class=\"facetwp-facet facetwp-facet-result_count_project facetwp-type-pager\" data-name=\"result_count_project\" data-type=\"pager\"><\/div><br \/>\n     <div class=\"facetwp-template\" data-name=\"projects\">        <div class=\"member-archive__list-item\">\n        <div class=\"member-archive__list-img\">\n            <figure class=\"featured-image\">\n                <img loading=\"lazy\" decoding=\"async\" width=\"1294\" height=\"852\" src=\"https:\/\/sgciafrica.org\/wp-content\/uploads\/2024\/10\/divaris-shirichena-xZqfw-VXnYE-unsplash-1294x852.jpg\" class=\"attachment-sg-single-tile size-sg-single-tile wp-post-image\" alt=\"agriculture on a farm\" \/>            <\/figure>\n        <\/div>\n        <div class=\"member-archive__list-content\">\n            <div class=\"member-archive__list-meta\">\n                <a href=\"https:\/\/sgciafrica.org\/fr\/theme\/recherche-et-de-linnovation\/\" rel=\"tag\">Financement de la recherche et de l\u2019innovation<\/a>            <\/div>\n            <h2><a class=\"post-item\" data-id=\"24510\" href=\"https:\/\/sgciafrica.org\/fr\/project\/lapproche-integree-du-rwanda-en-matiere-dagriculture-et-de-nutrition-durables-2\/\">L&rsquo;approche int\u00e9gr\u00e9e du Rwanda en mati\u00e8re d&rsquo;agriculture et de nutrition durables<\/a><\/h2>\n            <div class=\"member-archive__list-excerpt\">\n                <p>Titres des projets et institutions Domaines de recherche Nombre de projets financ\u00e9s Dur\u00e9e du projet Montant de la subvention Distribution en nature Le Conseil Collaboration avec d&rsquo;autres conseils<\/p>\n            <\/div>\n            <div class=\"member-archive__list-links\">\n                <a href=\"https:\/\/sgciafrica.org\/fr\/country\/rwanda-fr\/\" rel=\"tag\">Rwanda<\/a>            <\/div>\n        <\/div>\n    <\/div>\n    <div class=\"member-archive__list-item\">\n        <div class=\"member-archive__list-img\">\n            <figure class=\"featured-image\">\n                <img loading=\"lazy\" decoding=\"async\" width=\"1294\" height=\"852\" src=\"https:\/\/sgciafrica.org\/wp-content\/uploads\/2025\/06\/food-3819251_1920-1294x852.jpg\" class=\"attachment-sg-single-tile size-sg-single-tile wp-post-image\" alt=\"Food security in Africa\" \/>            <\/figure>\n        <\/div>\n        <div class=\"member-archive__list-content\">\n            <div class=\"member-archive__list-meta\">\n                <a href=\"https:\/\/sgciafrica.org\/fr\/theme\/recherche-et-de-linnovation\/\" rel=\"tag\">Financement de la recherche et de l\u2019innovation<\/a>            <\/div>\n            <h2><a class=\"post-item\" data-id=\"23901\" href=\"https:\/\/sgciafrica.org\/fr\/project\/les-meilleurs-chercheurs-de-zambie-mettent-au-point-des-solutions-pour-la-resilience-climatique-la-securite-alimentaire-et-la-croissance-economique\/\">Les meilleurs chercheurs de Zambie mettent au point des solutions pour la r\u00e9silience climatique, la s\u00e9curit\u00e9 alimentaire et la croissance \u00e9conomique<\/a><\/h2>\n            <div class=\"member-archive__list-excerpt\">\n                <p>Titres des projets et institutions Domaines de recherche Nombre de projets financ\u00e9s Dur\u00e9e du projet Montant de la subvention Distribution en nature Le Conseil Collaboration avec d&rsquo;autres conseils<\/p>\n            <\/div>\n            <div class=\"member-archive__list-links\">\n                <a href=\"https:\/\/sgciafrica.org\/fr\/country\/mozambique-fr\/\" rel=\"tag\">Mozambique<\/a><a href=\"https:\/\/sgciafrica.org\/fr\/country\/namibia-fr\/\" rel=\"tag\">Namibia<\/a><a href=\"https:\/\/sgciafrica.org\/fr\/country\/zambia-fr\/\" rel=\"tag\">Zambia<\/a>            <\/div>\n        <\/div>\n    <\/div>\n    <div class=\"member-archive__list-item\">\n        <div class=\"member-archive__list-img\">\n            <figure class=\"featured-image\">\n                <img loading=\"lazy\" decoding=\"async\" width=\"1294\" height=\"852\" src=\"https:\/\/sgciafrica.org\/wp-content\/uploads\/2024\/10\/pexels-lagosfoodbank-8061688-1294x852.jpg\" class=\"attachment-sg-single-tile size-sg-single-tile wp-post-image\" alt=\"Young African child being examined by healthcare provider\" \/>            <\/figure>\n        <\/div>\n        <div class=\"member-archive__list-content\">\n            <div class=\"member-archive__list-meta\">\n                <a href=\"https:\/\/sgciafrica.org\/theme\/research-and-innovation\/\" rel=\"tag\">Funding Research and Innovation<\/a>            <\/div>\n            <h2><a class=\"post-item\" data-id=\"23907\" href=\"https:\/\/sgciafrica.org\/fr\/project\/6-projets-pour-ameliorer-les-soins-de-sante-la-durabilite-et-la-croissance-economique-en-ouganda\/\">6 projets pour am\u00e9liorer les soins de sant\u00e9, la durabilit\u00e9 et la croissance \u00e9conomique en Ouganda<\/a><\/h2>\n            <div class=\"member-archive__list-excerpt\">\n                <p>Titres des projets et institutions Domaines de recherche Nombre de projets financ\u00e9s Dur\u00e9e du projet Montant de la subvention Distribution en nature Le Conseil Collaboration avec d&rsquo;autres conseils<\/p>\n            <\/div>\n            <div class=\"member-archive__list-links\">\n                <a href=\"https:\/\/sgciafrica.org\/country\/uganda\/\" rel=\"tag\">Uganda<\/a>            <\/div>\n        <\/div>\n    <\/div>\n    <div class=\"member-archive__list-item\">\n        <div class=\"member-archive__list-img\">\n            <figure class=\"featured-image\">\n                <img loading=\"lazy\" decoding=\"async\" width=\"1294\" height=\"852\" src=\"https:\/\/sgciafrica.org\/wp-content\/uploads\/2024\/10\/tania-malrechauffe-M3H08YwFgBQ-unsplash-1294x852.jpg\" class=\"attachment-sg-single-tile size-sg-single-tile wp-post-image\" alt=\"Photo showing soil microbe and small mushroom\" \/>            <\/figure>\n        <\/div>\n        <div class=\"member-archive__list-content\">\n            <div class=\"member-archive__list-meta\">\n                <a href=\"https:\/\/sgciafrica.org\/theme\/research-and-innovation\/\" rel=\"tag\">Funding Research and Innovation<\/a>            <\/div>\n            <h2><a class=\"post-item\" data-id=\"24301\" href=\"https:\/\/sgciafrica.org\/fr\/project\/la-namibie-explore-la-recherche-sur-les-biofertilisants-a-base-de-microbes-du-sol-pour-une-agriculture-durable\/\">La Namibie explore la recherche sur les biofertilisants \u00e0 base de microbes du sol pour une agriculture durable<\/a><\/h2>\n            <div class=\"member-archive__list-excerpt\">\n                <p>Titres des projets et institutions Domaines de recherche Nombre de projets financ\u00e9s Dur\u00e9e du projet Montant de la subvention Distribution en nature Le Conseil Collaboration avec d&rsquo;autres conseils<\/p>\n            <\/div>\n            <div class=\"member-archive__list-links\">\n                <a href=\"https:\/\/sgciafrica.org\/country\/namibia\/\" rel=\"tag\">Namibia<\/a><a href=\"https:\/\/sgciafrica.org\/country\/zambia\/\" rel=\"tag\">Zambia<\/a><a href=\"https:\/\/sgciafrica.org\/country\/zimbabwe\/\" rel=\"tag\">Zimbabwe<\/a>            <\/div>\n        <\/div>\n    <\/div>\n    <div class=\"member-archive__list-item\">\n        <div class=\"member-archive__list-img\">\n            <figure class=\"featured-image\">\n                            <\/figure>\n        <\/div>\n        <div class=\"member-archive__list-content\">\n            <div class=\"member-archive__list-meta\">\n                <a href=\"https:\/\/sgciafrica.org\/theme\/research-and-innovation\/\" rel=\"tag\">Funding Research and Innovation<\/a>            <\/div>\n            <h2><a class=\"post-item\" data-id=\"24302\" href=\"https:\/\/sgciafrica.org\/fr\/project\/renforcer-les-communautes-rurales-du-malawi-grace-aux-energies-renouvelables-et-a-lagriculture-durable\/\">Renforcer les communaut\u00e9s rurales du Malawi gr\u00e2ce aux \u00e9nergies renouvelables et \u00e0 l&rsquo;agriculture durable<\/a><\/h2>\n            <div class=\"member-archive__list-excerpt\">\n                <p>Titres des projets et institutions Domaines de recherche Nombre de projets financ\u00e9s Dur\u00e9e du projet Montant de la subvention Distribution en nature Le Conseil Collaboration avec d&rsquo;autres conseils<\/p>\n            <\/div>\n            <div class=\"member-archive__list-links\">\n                <a href=\"https:\/\/sgciafrica.org\/country\/malawi-2\/\" rel=\"tag\">Malawi<\/a><a href=\"https:\/\/sgciafrica.org\/country\/zimbabwe\/\" rel=\"tag\">Zimbabwe<\/a>            <\/div>\n        <\/div>\n    <\/div>\n<\/div><br \/>\n        <div class=\"facetwp-facet facetwp-facet-pagination facetwp-type-pager\" data-name=\"pagination\" data-type=\"pager\"><\/div><br \/>\n        <label for=\"\">Par page<\/label><br \/>\n        <div class=\"facetwp-facet facetwp-facet-per_page facetwp-type-pager\" data-name=\"per_page\" data-type=\"pager\"><\/div><br \/>\n\t<meta itemscope=\"\" itemprop=\"mainEntityOfPage\" itemtype=\"https:\/\/schema.org\/WebPage\" itemid=\"http:\/\/16800\" content=\"Global call for research concept notes: Climate-smart livestock systems 5\"\/><meta itemprop=\"datePublished\" content=\"2024-03-28\"\/><meta itemprop=\"dateModified\" content=\"2024-03-28\"\/><meta itemprop=\"name\" content=\"Fondation\"\/><meta itemprop=\"url\" content=\"https:\/\/sgciafrica.org\/wp-content\/uploads\/2020\/06\/ButterflyMasthead_Black.png\"\/><meta itemprop=\"url\" content=\"https:\/\/sgciafrica.org\/author\/modular\/\"\/><meta itemprop=\"name\" content=\"modular\"\/><meta itemprop=\"url\" content=\"https:\/\/sgciafrica.org\/wp-content\/uploads\/2021\/04\/14359DEC-1A38-4D18-8ABC-6B9E9FFC2156.jpg\"\/><meta itemprop=\"width\" content=\"544\"\/><meta itemprop=\"height\" content=\"324\"\/><meta itemprop=\"interactionType\" content=\"https:\/\/schema.org\/CommentAction\"\/><meta itemprop=\"userInteractionCount\" content=\"0\"\/><br \/>\n            <img width=\"300\" height=\"300\" src=\"https:\/\/sgciafrica.org\/wp-content\/uploads\/2024\/03\/Icon-LoudSpeaker-FFFFFF-300x300.png\" alt=\"\" decoding=\"async\" loading=\"lazy\" srcset=\"https:\/\/sgciafrica.org\/wp-content\/uploads\/2024\/03\/Icon-LoudSpeaker-FFFFFF-300x300.png 300w, https:\/\/sgciafrica.org\/wp-content\/uploads\/2024\/03\/Icon-LoudSpeaker-FFFFFF-150x150.png 150w, https:\/\/sgciafrica.org\/wp-content\/uploads\/2024\/03\/Icon-LoudSpeaker-FFFFFF.png 600w\" sizes=\"auto, (max-width: 300px) 100vw, 300px\"\/>\n<p>Funding Call : Public sector Engagement<\/p>\n<h2><a href=\"https:\/\/sgciafrica.org\/fr\/funding\/opportunites-de-financement-a-venir\/\" title=\"Global call for research concept notes: Climate-smart livestock systems 5\">Global call for research concept notes: Climate-smart livestock systems 5<\/a><\/h2>\n  Date limite : Jeudi 25 janvier 2024 &#8211; 12 : 00<br \/>\n\t<a href=\"https:\/\/sgciafrica.org\/fr\/financement\/\" title=\"More Funding Calls link\" aria-lable=\"Click here to find more funding calls\">More Funding Calls <\/a><br \/>\n\t\t<!-- .pp-content-posts -->\n\n","protected":false},"excerpt":{"rendered":"<p>L\u2019Initiative des organismes de financement de la recherche scientifique (SGCI) est un effort multilat\u00e9ral qui renforce les capacit\u00e9s des agences de financement de la science en Afrique subsaharienne afin de soutenir la recherche et les donn\u00e9es probantes pour \u00e9clairer les politiques contribuant au d\u00e9veloppement \u00e9conomique et social. La SGCI finance divers projets, y compris des projets collaboratifs, \u00e0 travers le continent pour renforcer les syst\u00e8mes de recherche, renforcer les capacit\u00e9s et \u00e9clairer les politiques. <\/p>\n","protected":false},"author":1,"featured_media":0,"parent":17351,"menu_order":0,"comment_status":"closed","ping_status":"closed","template":"","meta":{"_acf_changed":false,"_uag_custom_page_level_css":"","footnotes":""},"class_list":["post-17713","page","type-page","status-publish","hentry"],"acf":[],"yoast_head":"<!-- This site is optimized with the Yoast SEO Premium plugin v27.3 (Yoast SEO v27.3) - https:\/\/yoast.com\/product\/yoast-seo-premium-wordpress\/ -->\n<title>Projets - SGCI Africa<\/title>\n<meta name=\"robots\" content=\"index, follow, max-snippet:-1, max-image-preview:large, max-video-preview:-1\" \/>\n<link rel=\"canonical\" href=\"https:\/\/sgciafrica.org\/fr\/notre-travail-et-notre-impact\/projets\/\" \/>\n<meta property=\"og:locale\" content=\"fr_FR\" \/>\n<meta property=\"og:type\" content=\"article\" \/>\n<meta property=\"og:title\" content=\"Projets\" \/>\n<meta property=\"og:description\" content=\"L\u2019Initiative des organismes de financement de la recherche scientifique (SGCI) est un effort multilat\u00e9ral qui renforce les capacit\u00e9s des agences de financement de la science en Afrique subsaharienne afin de soutenir la recherche et les donn\u00e9es probantes pour \u00e9clairer les politiques contribuant au d\u00e9veloppement \u00e9conomique et social. La SGCI finance divers projets, y compris des projets collaboratifs, \u00e0 travers le continent pour renforcer les syst\u00e8mes de recherche, renforcer les capacit\u00e9s et \u00e9clairer les politiques.\" \/>\n<meta property=\"og:url\" content=\"https:\/\/sgciafrica.org\/fr\/notre-travail-et-notre-impact\/projets\/\" \/>\n<meta property=\"og:site_name\" content=\"SGCI Africa\" \/>\n<meta property=\"article:modified_time\" content=\"2026-02-11T13:39:49+00:00\" \/>\n<meta property=\"og:image\" content=\"https:\/\/sgciafrica.org\/wp-content\/uploads\/2024\/03\/Icon-LoudSpeaker-FFFFFF-300x300.png\" \/>\n<meta name=\"twitter:card\" content=\"summary_large_image\" \/>\n<meta name=\"twitter:site\" content=\"@SGCIAfrica\" \/>\n<script type=\"application\/ld+json\" class=\"yoast-schema-graph\">{\"@context\":\"https:\\\/\\\/schema.org\",\"@graph\":[{\"@type\":\"WebPage\",\"@id\":\"https:\\\/\\\/sgciafrica.org\\\/fr\\\/notre-travail-et-notre-impact\\\/projets\\\/\",\"url\":\"https:\\\/\\\/sgciafrica.org\\\/fr\\\/notre-travail-et-notre-impact\\\/projets\\\/\",\"name\":\"Projets - SGCI Africa\",\"isPartOf\":{\"@id\":\"https:\\\/\\\/sgciafrica.org\\\/#website\"},\"primaryImageOfPage\":{\"@id\":\"https:\\\/\\\/sgciafrica.org\\\/fr\\\/notre-travail-et-notre-impact\\\/projets\\\/#primaryimage\"},\"image\":{\"@id\":\"https:\\\/\\\/sgciafrica.org\\\/fr\\\/notre-travail-et-notre-impact\\\/projets\\\/#primaryimage\"},\"thumbnailUrl\":\"https:\\\/\\\/sgciafrica.org\\\/wp-content\\\/uploads\\\/2024\\\/03\\\/Icon-LoudSpeaker-FFFFFF-300x300.png\",\"datePublished\":\"2024-03-19T07:13:38+00:00\",\"dateModified\":\"2026-02-11T13:39:49+00:00\",\"breadcrumb\":{\"@id\":\"https:\\\/\\\/sgciafrica.org\\\/fr\\\/notre-travail-et-notre-impact\\\/projets\\\/#breadcrumb\"},\"inLanguage\":\"fr-FR\",\"potentialAction\":[{\"@type\":\"ReadAction\",\"target\":[\"https:\\\/\\\/sgciafrica.org\\\/fr\\\/notre-travail-et-notre-impact\\\/projets\\\/\"]}]},{\"@type\":\"ImageObject\",\"inLanguage\":\"fr-FR\",\"@id\":\"https:\\\/\\\/sgciafrica.org\\\/fr\\\/notre-travail-et-notre-impact\\\/projets\\\/#primaryimage\",\"url\":\"https:\\\/\\\/sgciafrica.org\\\/wp-content\\\/uploads\\\/2024\\\/03\\\/Icon-LoudSpeaker-FFFFFF-300x300.png\",\"contentUrl\":\"https:\\\/\\\/sgciafrica.org\\\/wp-content\\\/uploads\\\/2024\\\/03\\\/Icon-LoudSpeaker-FFFFFF-300x300.png\"},{\"@type\":\"BreadcrumbList\",\"@id\":\"https:\\\/\\\/sgciafrica.org\\\/fr\\\/notre-travail-et-notre-impact\\\/projets\\\/#breadcrumb\",\"itemListElement\":[{\"@type\":\"ListItem\",\"position\":1,\"name\":\"Home\",\"item\":\"https:\\\/\\\/sgciafrica.org\\\/fr\\\/\"},{\"@type\":\"ListItem\",\"position\":2,\"name\":\"Notre travail et notre impact\",\"item\":\"https:\\\/\\\/sgciafrica.org\\\/our-work-and-impact\\\/\"},{\"@type\":\"ListItem\",\"position\":3,\"name\":\"Projets\"}]},{\"@type\":\"WebSite\",\"@id\":\"https:\\\/\\\/sgciafrica.org\\\/#website\",\"url\":\"https:\\\/\\\/sgciafrica.org\\\/\",\"name\":\"SGCI Africa\",\"description\":\"\",\"publisher\":{\"@id\":\"https:\\\/\\\/sgciafrica.org\\\/#organization\"},\"potentialAction\":[{\"@type\":\"SearchAction\",\"target\":{\"@type\":\"EntryPoint\",\"urlTemplate\":\"https:\\\/\\\/sgciafrica.org\\\/?s={search_term_string}\"},\"query-input\":{\"@type\":\"PropertyValueSpecification\",\"valueRequired\":true,\"valueName\":\"search_term_string\"}}],\"inLanguage\":\"fr-FR\"},{\"@type\":\"Organization\",\"@id\":\"https:\\\/\\\/sgciafrica.org\\\/#organization\",\"name\":\"SGCI Africa\",\"url\":\"https:\\\/\\\/sgciafrica.org\\\/\",\"logo\":{\"@type\":\"ImageObject\",\"inLanguage\":\"fr-FR\",\"@id\":\"https:\\\/\\\/sgciafrica.org\\\/#\\\/schema\\\/logo\\\/image\\\/\",\"url\":\"https:\\\/\\\/sgciafrica.org\\\/wp-content\\\/uploads\\\/2024\\\/12\\\/SGCI_Logo_Secondary_Large.png\",\"contentUrl\":\"https:\\\/\\\/sgciafrica.org\\\/wp-content\\\/uploads\\\/2024\\\/12\\\/SGCI_Logo_Secondary_Large.png\",\"width\":3888,\"height\":1080,\"caption\":\"SGCI Africa\"},\"image\":{\"@id\":\"https:\\\/\\\/sgciafrica.org\\\/#\\\/schema\\\/logo\\\/image\\\/\"},\"sameAs\":[\"https:\\\/\\\/x.com\\\/SGCIAfrica\"]}]}<\/script>\n<!-- \/ Yoast SEO Premium plugin. -->","yoast_head_json":{"title":"Projets - SGCI Africa","robots":{"index":"index","follow":"follow","max-snippet":"max-snippet:-1","max-image-preview":"max-image-preview:large","max-video-preview":"max-video-preview:-1"},"canonical":"https:\/\/sgciafrica.org\/fr\/notre-travail-et-notre-impact\/projets\/","og_locale":"fr_FR","og_type":"article","og_title":"Projets","og_description":"L\u2019Initiative des organismes de financement de la recherche scientifique (SGCI) est un effort multilat\u00e9ral qui renforce les capacit\u00e9s des agences de financement de la science en Afrique subsaharienne afin de soutenir la recherche et les donn\u00e9es probantes pour \u00e9clairer les politiques contribuant au d\u00e9veloppement \u00e9conomique et social. La SGCI finance divers projets, y compris des projets collaboratifs, \u00e0 travers le continent pour renforcer les syst\u00e8mes de recherche, renforcer les capacit\u00e9s et \u00e9clairer les politiques.","og_url":"https:\/\/sgciafrica.org\/fr\/notre-travail-et-notre-impact\/projets\/","og_site_name":"SGCI Africa","article_modified_time":"2026-02-11T13:39:49+00:00","og_image":[{"url":"https:\/\/sgciafrica.org\/wp-content\/uploads\/2024\/03\/Icon-LoudSpeaker-FFFFFF-300x300.png","type":"","width":"","height":""}],"twitter_card":"summary_large_image","twitter_site":"@SGCIAfrica","schema":{"@context":"https:\/\/schema.org","@graph":[{"@type":"WebPage","@id":"https:\/\/sgciafrica.org\/fr\/notre-travail-et-notre-impact\/projets\/","url":"https:\/\/sgciafrica.org\/fr\/notre-travail-et-notre-impact\/projets\/","name":"Projets - SGCI Africa","isPartOf":{"@id":"https:\/\/sgciafrica.org\/#website"},"primaryImageOfPage":{"@id":"https:\/\/sgciafrica.org\/fr\/notre-travail-et-notre-impact\/projets\/#primaryimage"},"image":{"@id":"https:\/\/sgciafrica.org\/fr\/notre-travail-et-notre-impact\/projets\/#primaryimage"},"thumbnailUrl":"https:\/\/sgciafrica.org\/wp-content\/uploads\/2024\/03\/Icon-LoudSpeaker-FFFFFF-300x300.png","datePublished":"2024-03-19T07:13:38+00:00","dateModified":"2026-02-11T13:39:49+00:00","breadcrumb":{"@id":"https:\/\/sgciafrica.org\/fr\/notre-travail-et-notre-impact\/projets\/#breadcrumb"},"inLanguage":"fr-FR","potentialAction":[{"@type":"ReadAction","target":["https:\/\/sgciafrica.org\/fr\/notre-travail-et-notre-impact\/projets\/"]}]},{"@type":"ImageObject","inLanguage":"fr-FR","@id":"https:\/\/sgciafrica.org\/fr\/notre-travail-et-notre-impact\/projets\/#primaryimage","url":"https:\/\/sgciafrica.org\/wp-content\/uploads\/2024\/03\/Icon-LoudSpeaker-FFFFFF-300x300.png","contentUrl":"https:\/\/sgciafrica.org\/wp-content\/uploads\/2024\/03\/Icon-LoudSpeaker-FFFFFF-300x300.png"},{"@type":"BreadcrumbList","@id":"https:\/\/sgciafrica.org\/fr\/notre-travail-et-notre-impact\/projets\/#breadcrumb","itemListElement":[{"@type":"ListItem","position":1,"name":"Home","item":"https:\/\/sgciafrica.org\/fr\/"},{"@type":"ListItem","position":2,"name":"Notre travail et notre impact","item":"https:\/\/sgciafrica.org\/our-work-and-impact\/"},{"@type":"ListItem","position":3,"name":"Projets"}]},{"@type":"WebSite","@id":"https:\/\/sgciafrica.org\/#website","url":"https:\/\/sgciafrica.org\/","name":"SGCI Africa","description":"","publisher":{"@id":"https:\/\/sgciafrica.org\/#organization"},"potentialAction":[{"@type":"SearchAction","target":{"@type":"EntryPoint","urlTemplate":"https:\/\/sgciafrica.org\/?s={search_term_string}"},"query-input":{"@type":"PropertyValueSpecification","valueRequired":true,"valueName":"search_term_string"}}],"inLanguage":"fr-FR"},{"@type":"Organization","@id":"https:\/\/sgciafrica.org\/#organization","name":"SGCI Africa","url":"https:\/\/sgciafrica.org\/","logo":{"@type":"ImageObject","inLanguage":"fr-FR","@id":"https:\/\/sgciafrica.org\/#\/schema\/logo\/image\/","url":"https:\/\/sgciafrica.org\/wp-content\/uploads\/2024\/12\/SGCI_Logo_Secondary_Large.png","contentUrl":"https:\/\/sgciafrica.org\/wp-content\/uploads\/2024\/12\/SGCI_Logo_Secondary_Large.png","width":3888,"height":1080,"caption":"SGCI Africa"},"image":{"@id":"https:\/\/sgciafrica.org\/#\/schema\/logo\/image\/"},"sameAs":["https:\/\/x.com\/SGCIAfrica"]}]}},"uagb_featured_image_src":{"full":false,"thumbnail":false,"medium":false,"medium_large":false,"large":false,"1536x1536":false,"2048x2048":false,"sg-full-width":false,"sg-full-content-width":false,"sg-container-half":false,"sg-single-tile":false,"sg-council-user":false},"uagb_author_info":{"display_name":"modular","author_link":"https:\/\/sgciafrica.org\/fr\/author\/modular\/"},"uagb_comment_info":0,"uagb_excerpt":"L\u2019Initiative des organismes de financement de la recherche scientifique (SGCI) est un effort multilat\u00e9ral qui renforce les capacit\u00e9s des agences de financement de la science en Afrique subsaharienne afin de soutenir la recherche et les donn\u00e9es probantes pour \u00e9clairer les politiques contribuant au d\u00e9veloppement \u00e9conomique et social. La SGCI finance divers projets, y compris des\u2026","_links":{"self":[{"href":"https:\/\/sgciafrica.org\/fr\/wp-json\/wp\/v2\/pages\/17713","targetHints":{"allow":["GET"]}}],"collection":[{"href":"https:\/\/sgciafrica.org\/fr\/wp-json\/wp\/v2\/pages"}],"about":[{"href":"https:\/\/sgciafrica.org\/fr\/wp-json\/wp\/v2\/types\/page"}],"author":[{"embeddable":true,"href":"https:\/\/sgciafrica.org\/fr\/wp-json\/wp\/v2\/users\/1"}],"replies":[{"embeddable":true,"href":"https:\/\/sgciafrica.org\/fr\/wp-json\/wp\/v2\/comments?post=17713"}],"version-history":[{"count":0,"href":"https:\/\/sgciafrica.org\/fr\/wp-json\/wp\/v2\/pages\/17713\/revisions"}],"up":[{"embeddable":true,"href":"https:\/\/sgciafrica.org\/fr\/wp-json\/wp\/v2\/pages\/17351"}],"wp:attachment":[{"href":"https:\/\/sgciafrica.org\/fr\/wp-json\/wp\/v2\/media?parent=17713"}],"curies":[{"name":"wp","href":"https:\/\/api.w.org\/{rel}","templated":true}]}}