{"id":17711,"date":"2024-03-21T09:50:10","date_gmt":"2024-03-21T09:50:10","guid":{"rendered":"https:\/\/sgciafrica.org\/a-propos-de-nous\/gouvernance\/"},"modified":"2024-07-10T12:54:38","modified_gmt":"2024-07-10T11:54:38","slug":"gouvernance","status":"publish","type":"page","link":"https:\/\/sgciafrica.org\/fr\/a-propos-de-nous\/gouvernance\/","title":{"rendered":"Gouvernance"},"content":{"rendered":"\n<h2 class=\"wp-block-heading\"><strong>L&rsquo;\u00e9quipe de gestion de l&rsquo;initiative<\/strong><\/h2>\n\n\n\n<p>L&rsquo;\u00e9quipe de gestion de l&rsquo;initiative (IMT), compos\u00e9e de membres du personnel du CRDI et de la NRF, est responsable de la supervision de la programmation.<\/p>\n\n\n\n<h2 class=\"wp-block-heading\"><strong>Le Comit\u00e9 ex\u00e9cutif<\/strong><\/h2>\n\n\n\n<p>Le comit\u00e9 ex\u00e9cutif (CE), compos\u00e9 de repr\u00e9sentants des partenaires financiers du SGCI, assure la supervision strat\u00e9gique.<\/p>\n","protected":false},"excerpt":{"rendered":"<p>La structure de gouvernance et de gestion de l&rsquo;initiative des conseils scientifiques (SGCI) se compose du comit\u00e9 ex\u00e9cutif, du comit\u00e9 des conseils, du groupe de conseillers et de l&rsquo;\u00e9quipe de gestion de l&rsquo;initiative.<\/p>\n","protected":false},"author":1,"featured_media":0,"parent":17092,"menu_order":0,"comment_status":"closed","ping_status":"closed","template":"","meta":{"_acf_changed":false,"_uag_custom_page_level_css":"","footnotes":""},"class_list":["post-17711","page","type-page","status-publish","hentry"],"acf":[],"yoast_head":"<!-- This site is optimized with the Yoast SEO Premium plugin v27.2 (Yoast SEO v27.3) - https:\/\/yoast.com\/product\/yoast-seo-premium-wordpress\/ -->\n<title>Gouvernance - SGCI Africa<\/title>\n<meta name=\"robots\" content=\"index, follow, max-snippet:-1, max-image-preview:large, max-video-preview:-1\" \/>\n<link rel=\"canonical\" href=\"https:\/\/sgciafrica.org\/fr\/a-propos-de-nous\/gouvernance\/\" \/>\n<meta property=\"og:locale\" content=\"fr_FR\" \/>\n<meta property=\"og:type\" content=\"article\" \/>\n<meta property=\"og:title\" content=\"Gouvernance\" \/>\n<meta property=\"og:description\" content=\"La structure de gouvernance et de gestion de l&#039;initiative des conseils scientifiques (SGCI) se compose du comit\u00e9 ex\u00e9cutif, du comit\u00e9 des conseils, du groupe de conseillers et de l&#039;\u00e9quipe de gestion de l&#039;initiative.\" \/>\n<meta property=\"og:url\" content=\"https:\/\/sgciafrica.org\/fr\/a-propos-de-nous\/gouvernance\/\" \/>\n<meta property=\"og:site_name\" content=\"SGCI Africa\" \/>\n<meta property=\"article:modified_time\" content=\"2024-07-10T11:54:38+00:00\" \/>\n<meta name=\"twitter:card\" content=\"summary_large_image\" \/>\n<meta name=\"twitter:site\" content=\"@SGCIAfrica\" \/>\n<script type=\"application\/ld+json\" class=\"yoast-schema-graph\">{\"@context\":\"https:\\\/\\\/schema.org\",\"@graph\":[{\"@type\":\"WebPage\",\"@id\":\"https:\\\/\\\/sgciafrica.org\\\/fr\\\/a-propos-de-nous\\\/gouvernance\\\/\",\"url\":\"https:\\\/\\\/sgciafrica.org\\\/fr\\\/a-propos-de-nous\\\/gouvernance\\\/\",\"name\":\"Gouvernance - SGCI Africa\",\"isPartOf\":{\"@id\":\"https:\\\/\\\/sgciafrica.org\\\/#website\"},\"datePublished\":\"2024-03-21T09:50:10+00:00\",\"dateModified\":\"2024-07-10T11:54:38+00:00\",\"breadcrumb\":{\"@id\":\"https:\\\/\\\/sgciafrica.org\\\/fr\\\/a-propos-de-nous\\\/gouvernance\\\/#breadcrumb\"},\"inLanguage\":\"fr-FR\",\"potentialAction\":[{\"@type\":\"ReadAction\",\"target\":[\"https:\\\/\\\/sgciafrica.org\\\/fr\\\/a-propos-de-nous\\\/gouvernance\\\/\"]}]},{\"@type\":\"BreadcrumbList\",\"@id\":\"https:\\\/\\\/sgciafrica.org\\\/fr\\\/a-propos-de-nous\\\/gouvernance\\\/#breadcrumb\",\"itemListElement\":[{\"@type\":\"ListItem\",\"position\":1,\"name\":\"Home\",\"item\":\"https:\\\/\\\/sgciafrica.org\\\/fr\\\/\"},{\"@type\":\"ListItem\",\"position\":2,\"name\":\"\u00c0 propos de nous\",\"item\":\"https:\\\/\\\/sgciafrica.org\\\/fr\\\/a-propos-de-nous\\\/\"},{\"@type\":\"ListItem\",\"position\":3,\"name\":\"Gouvernance\"}]},{\"@type\":\"WebSite\",\"@id\":\"https:\\\/\\\/sgciafrica.org\\\/#website\",\"url\":\"https:\\\/\\\/sgciafrica.org\\\/\",\"name\":\"SGCI Africa\",\"description\":\"\",\"publisher\":{\"@id\":\"https:\\\/\\\/sgciafrica.org\\\/#organization\"},\"potentialAction\":[{\"@type\":\"SearchAction\",\"target\":{\"@type\":\"EntryPoint\",\"urlTemplate\":\"https:\\\/\\\/sgciafrica.org\\\/?s={search_term_string}\"},\"query-input\":{\"@type\":\"PropertyValueSpecification\",\"valueRequired\":true,\"valueName\":\"search_term_string\"}}],\"inLanguage\":\"fr-FR\"},{\"@type\":\"Organization\",\"@id\":\"https:\\\/\\\/sgciafrica.org\\\/#organization\",\"name\":\"SGCI Africa\",\"url\":\"https:\\\/\\\/sgciafrica.org\\\/\",\"logo\":{\"@type\":\"ImageObject\",\"inLanguage\":\"fr-FR\",\"@id\":\"https:\\\/\\\/sgciafrica.org\\\/#\\\/schema\\\/logo\\\/image\\\/\",\"url\":\"https:\\\/\\\/sgciafrica.org\\\/wp-content\\\/uploads\\\/2024\\\/12\\\/SGCI_Logo_Secondary_Large.png\",\"contentUrl\":\"https:\\\/\\\/sgciafrica.org\\\/wp-content\\\/uploads\\\/2024\\\/12\\\/SGCI_Logo_Secondary_Large.png\",\"width\":3888,\"height\":1080,\"caption\":\"SGCI Africa\"},\"image\":{\"@id\":\"https:\\\/\\\/sgciafrica.org\\\/#\\\/schema\\\/logo\\\/image\\\/\"},\"sameAs\":[\"https:\\\/\\\/x.com\\\/SGCIAfrica\"]}]}<\/script>\n<!-- \/ Yoast SEO Premium plugin. -->","yoast_head_json":{"title":"Gouvernance - SGCI Africa","robots":{"index":"index","follow":"follow","max-snippet":"max-snippet:-1","max-image-preview":"max-image-preview:large","max-video-preview":"max-video-preview:-1"},"canonical":"https:\/\/sgciafrica.org\/fr\/a-propos-de-nous\/gouvernance\/","og_locale":"fr_FR","og_type":"article","og_title":"Gouvernance","og_description":"La structure de gouvernance et de gestion de l'initiative des conseils scientifiques (SGCI) se compose du comit\u00e9 ex\u00e9cutif, du comit\u00e9 des conseils, du groupe de conseillers et de l'\u00e9quipe de gestion de l'initiative.","og_url":"https:\/\/sgciafrica.org\/fr\/a-propos-de-nous\/gouvernance\/","og_site_name":"SGCI Africa","article_modified_time":"2024-07-10T11:54:38+00:00","twitter_card":"summary_large_image","twitter_site":"@SGCIAfrica","schema":{"@context":"https:\/\/schema.org","@graph":[{"@type":"WebPage","@id":"https:\/\/sgciafrica.org\/fr\/a-propos-de-nous\/gouvernance\/","url":"https:\/\/sgciafrica.org\/fr\/a-propos-de-nous\/gouvernance\/","name":"Gouvernance - SGCI Africa","isPartOf":{"@id":"https:\/\/sgciafrica.org\/#website"},"datePublished":"2024-03-21T09:50:10+00:00","dateModified":"2024-07-10T11:54:38+00:00","breadcrumb":{"@id":"https:\/\/sgciafrica.org\/fr\/a-propos-de-nous\/gouvernance\/#breadcrumb"},"inLanguage":"fr-FR","potentialAction":[{"@type":"ReadAction","target":["https:\/\/sgciafrica.org\/fr\/a-propos-de-nous\/gouvernance\/"]}]},{"@type":"BreadcrumbList","@id":"https:\/\/sgciafrica.org\/fr\/a-propos-de-nous\/gouvernance\/#breadcrumb","itemListElement":[{"@type":"ListItem","position":1,"name":"Home","item":"https:\/\/sgciafrica.org\/fr\/"},{"@type":"ListItem","position":2,"name":"\u00c0 propos de nous","item":"https:\/\/sgciafrica.org\/fr\/a-propos-de-nous\/"},{"@type":"ListItem","position":3,"name":"Gouvernance"}]},{"@type":"WebSite","@id":"https:\/\/sgciafrica.org\/#website","url":"https:\/\/sgciafrica.org\/","name":"SGCI Africa","description":"","publisher":{"@id":"https:\/\/sgciafrica.org\/#organization"},"potentialAction":[{"@type":"SearchAction","target":{"@type":"EntryPoint","urlTemplate":"https:\/\/sgciafrica.org\/?s={search_term_string}"},"query-input":{"@type":"PropertyValueSpecification","valueRequired":true,"valueName":"search_term_string"}}],"inLanguage":"fr-FR"},{"@type":"Organization","@id":"https:\/\/sgciafrica.org\/#organization","name":"SGCI Africa","url":"https:\/\/sgciafrica.org\/","logo":{"@type":"ImageObject","inLanguage":"fr-FR","@id":"https:\/\/sgciafrica.org\/#\/schema\/logo\/image\/","url":"https:\/\/sgciafrica.org\/wp-content\/uploads\/2024\/12\/SGCI_Logo_Secondary_Large.png","contentUrl":"https:\/\/sgciafrica.org\/wp-content\/uploads\/2024\/12\/SGCI_Logo_Secondary_Large.png","width":3888,"height":1080,"caption":"SGCI Africa"},"image":{"@id":"https:\/\/sgciafrica.org\/#\/schema\/logo\/image\/"},"sameAs":["https:\/\/x.com\/SGCIAfrica"]}]}},"uagb_featured_image_src":{"full":false,"thumbnail":false,"medium":false,"medium_large":false,"large":false,"1536x1536":false,"2048x2048":false,"sg-full-width":false,"sg-full-content-width":false,"sg-container-half":false,"sg-single-tile":false,"sg-council-user":false},"uagb_author_info":{"display_name":"modular","author_link":"https:\/\/sgciafrica.org\/fr\/author\/modular\/"},"uagb_comment_info":0,"uagb_excerpt":"La structure de gouvernance et de gestion de l'initiative des conseils scientifiques (SGCI) se compose du comit\u00e9 ex\u00e9cutif, du comit\u00e9 des conseils, du groupe de conseillers et de l'\u00e9quipe de gestion de l'initiative.","_links":{"self":[{"href":"https:\/\/sgciafrica.org\/fr\/wp-json\/wp\/v2\/pages\/17711","targetHints":{"allow":["GET"]}}],"collection":[{"href":"https:\/\/sgciafrica.org\/fr\/wp-json\/wp\/v2\/pages"}],"about":[{"href":"https:\/\/sgciafrica.org\/fr\/wp-json\/wp\/v2\/types\/page"}],"author":[{"embeddable":true,"href":"https:\/\/sgciafrica.org\/fr\/wp-json\/wp\/v2\/users\/1"}],"replies":[{"embeddable":true,"href":"https:\/\/sgciafrica.org\/fr\/wp-json\/wp\/v2\/comments?post=17711"}],"version-history":[{"count":0,"href":"https:\/\/sgciafrica.org\/fr\/wp-json\/wp\/v2\/pages\/17711\/revisions"}],"up":[{"embeddable":true,"href":"https:\/\/sgciafrica.org\/fr\/wp-json\/wp\/v2\/pages\/17092"}],"wp:attachment":[{"href":"https:\/\/sgciafrica.org\/fr\/wp-json\/wp\/v2\/media?parent=17711"}],"curies":[{"name":"wp","href":"https:\/\/api.w.org\/{rel}","templated":true}]}}