{"id":17332,"date":"2024-03-15T06:48:59","date_gmt":"2024-03-15T06:48:59","guid":{"rendered":"https:\/\/sgciafrica.org\/soumettre-un-contenu\/"},"modified":"2024-07-10T12:00:14","modified_gmt":"2024-07-10T11:00:14","slug":"soumettre-un-contenu","status":"publish","type":"page","link":"https:\/\/sgciafrica.org\/fr\/soumettre-un-contenu\/","title":{"rendered":"Soumettre un contenu"},"content":{"rendered":"\n<h3 class=\"wp-block-heading\">Comment nous envoyer votre contenu<\/h3>\n\n\n\n<p>Si vous faites partie d&rsquo;un SGC ou d&rsquo;un CTA, veuillez soumettre votre contenu pour qu&rsquo;il soit publi\u00e9 sur le site web du SGCI en utilisant le formulaire ci-dessous.<\/p>\n\n\n\n<h3 class=\"wp-block-heading\">Contenu que nous pouvons publier<\/h3>\n\n\n\n<p><\/p>\n\n\n\n<ol class=\"wp-block-list\">\n<li>Appels de fonds<\/li>\n\n\n\n<li>Actualit\u00e9s<\/li>\n\n\n\n<li>R\u00e9sum\u00e9s et mises \u00e0 jour des projets<\/li>\n<\/ol>\n\n\n<p><div class=\"forminator-ui forminator-custom-form forminator-custom-form-14704 forminator-design--default  forminator_ajax\" data-forminator-render=\"0\" data-form=\"forminator-module-14704\" data-uid=\"69e737d9ec6c8\"><br\/><\/div><form\r\n\t\t\t\tid=\"forminator-module-14704\"\r\n\t\t\t\tclass=\"forminator-ui forminator-custom-form forminator-custom-form-14704 forminator-design--default  forminator_ajax\"\r\n\t\t\t\tmethod=\"post\"\r\n\t\t\t\tdata-forminator-render=\"0\"\r\n\t\t\t\tdata-form-id=\"14704\"\r\n\t\t\t\tenctype=\"multipart\/form-data\" data-color-option=\"default\" data-design=\"default\" data-grid=\"open\" style=\"display: none;\"\r\n\t\t\t\tdata-uid=\"69e737d9ec6c8\"\r\n\t\t\t><div role=\"alert\" aria-live=\"polite\" class=\"forminator-response-message forminator-error\" aria-hidden=\"true\"><\/div><div class=\"forminator-row\"><div id=\"html-1\" class=\"forminator-field-html forminator-col forminator-col-12  form-intro\"><div class=\"forminator-field forminator-merge-tags\" data-field=\"html-1\"><h3>Content Submission Form<\/h3>\n<p>All fields are required unless stated as being optional. Please complete all fields where possible.<\/p><\/div><\/div><\/div><div class=\"forminator-row\"><div id=\"email-1\" class=\"forminator-field-email forminator-col forminator-col-12 \"><div class=\"forminator-field\"><label for=\"forminator-field-email-1_69e737d9ec6c8\" id=\"forminator-field-email-1_69e737d9ec6c8-label\" class=\"forminator-label\">Contact Address <span class=\"forminator-required\">*<\/span><\/label><input type=\"email\" name=\"email-1\" value=\"\" placeholder=\"name@council.com\" id=\"forminator-field-email-1_69e737d9ec6c8\" class=\"forminator-input forminator-email--field\" data-required=\"1\" aria-required=\"true\" autocomplete=\"email\" aria-describedby=\"forminator-field-email-1_69e737d9ec6c8-description\" \/><span id=\"forminator-field-email-1_69e737d9ec6c8-description\" class=\"forminator-description\">Please provide your contact email address so we can contact you about your article<\/span><\/div><\/div><\/div><div class=\"forminator-row\"><div id=\"radio-1\" class=\"forminator-field-radio forminator-col forminator-col-12 \"><div role=\"radiogroup\" class=\"forminator-field\" aria-labelledby=\"forminator-radiogroup-radio-1-69e737d9ec6c8-label\"><span id=\"forminator-radiogroup-radio-1-69e737d9ec6c8-label\" class=\"forminator-label\">Type Of Content <span class=\"forminator-required\">*<\/span><\/span><label id=\"forminator-field-radio-1-label-1\" for=\"forminator-field-radio-1-1-69e737d9ec6c8\" class=\"forminator-radio forminator-radio-inline\" title=\"Council news\"><input type=\"radio\" name=\"radio-1\" value=\"council_news\" id=\"forminator-field-radio-1-1-69e737d9ec6c8\" aria-labelledby=\"forminator-field-radio-1-label-1\" data-calculation=\"0\" checked=\"checked\"  data-hidden-behavior=\"zero\"\/><span class=\"forminator-radio-bullet\" aria-hidden=\"true\"><\/span><span class=\"forminator-radio-label\">Council news<\/span><\/label><label id=\"forminator-field-radio-1-label-2\" for=\"forminator-field-radio-1-2-69e737d9ec6c8\" class=\"forminator-radio forminator-radio-inline\" title=\"Funding Call\"><input type=\"radio\" name=\"radio-1\" value=\"funding_call\" id=\"forminator-field-radio-1-2-69e737d9ec6c8\" aria-labelledby=\"forminator-field-radio-1-label-2\" data-calculation=\"0\"   data-hidden-behavior=\"zero\"\/><span class=\"forminator-radio-bullet\" aria-hidden=\"true\"><\/span><span class=\"forminator-radio-label\">Funding Call<\/span><\/label><\/div><\/div><\/div><div class=\"forminator-row\"><div id=\"postdata-2\" class=\"forminator-field-postdata forminator-col forminator-col-12 \"><div class=\"forminator-row\"><div class=\"forminator-col forminator-col-12\"><div class=\"forminator-field\"><label for=\"forminator-field-post-title-postdata-2_69e737d9ec6c8\" id=\"forminator-field-post-title-postdata-2_69e737d9ec6c8-label\" class=\"forminator-label\">Post Title <span class=\"forminator-required\">*<\/span><\/label><input type=\"text\" name=\"postdata-2-post-title\" placeholder=\"\" id=\"forminator-field-post-title-postdata-2_69e737d9ec6c8\" class=\"forminator-input\" required=\"1\" value=\"\" \/><\/div><\/div><\/div><div class=\"forminator-row\"><div class=\"forminator-col forminator-col-12\"><div class=\"forminator-field\"><label for=\"forminator-field-country-postdata-2_69e737d9ec6c8\" id=\"forminator-field-country-postdata-2_69e737d9ec6c8-label\" class=\"forminator-label\">Country <span class=\"forminator-required\">*<\/span><\/label><select type=\"select\" name=\"postdata-2-country\" placeholder=\"\" id=\"forminator-field-country-postdata-2_69e737d9ec6c8\" class=\"forminator-select2\" required=\"1\" aria-labelledby=\"forminator-field-country-postdata-2_69e737d9ec6c8-label\" data-default-value=\"\"><option value=\"382\" >Afrique du Sud<\/option><option value=\"249\" >Botswana<\/option><option value=\"169\" >Burkina Faso<\/option><option value=\"258\" >C\u00f4te d&#8217;Ivoire<\/option><option value=\"236\" >Ethiopia<\/option><option value=\"232\" >Ghana<\/option><option value=\"234\" >Kenya<\/option><option value=\"166\" >Malawi<\/option><option value=\"239\" >Mozambique<\/option><option value=\"253\" >Namibia<\/option><option value=\"260\" >Nigeria<\/option><option value=\"242\" >Rwanda<\/option><option value=\"262\" >Senegal<\/option><option value=\"173\" >Sierra Leone<\/option><option value=\"244\" >Tanzania<\/option><option value=\"247\" >Uganda<\/option><option value=\"240\" >Zambia<\/option><option value=\"255\" >Zimbabwe<\/option><\/select><\/div><\/div><\/div><div class=\"forminator-row\"><div class=\"forminator-col forminator-col-12\"><div class=\"forminator-field\"><label for=\"forminator-field-objective-postdata-2_69e737d9ec6c8\" id=\"forminator-field-objective-postdata-2_69e737d9ec6c8-label\" class=\"forminator-label\">Council Objective <span class=\"forminator-required\">*<\/span><\/label><select type=\"select\" name=\"postdata-2-objective\" placeholder=\"\" id=\"forminator-field-objective-postdata-2_69e737d9ec6c8\" class=\"forminator-select2\" required=\"1\" aria-labelledby=\"forminator-field-objective-postdata-2_69e737d9ec6c8-label\" data-default-value=\"\"><option value=\"130\" >Climate Change Mitigation<\/option><option value=\"272\" >Develop Industry<\/option><option value=\"274\" >Evidence-Based Policies<\/option><option value=\"131\" >National Science and Technology Council<\/option><option value=\"266\" >Objective 1<\/option><option value=\"268\" >Objective 2<\/option><\/select><\/div><\/div><\/div><div class=\"forminator-row\"><div class=\"forminator-col forminator-col-12\"><div class=\"forminator-field\"><label for=\"forminator-field-sg_theme-postdata-2_69e737d9ec6c8\" id=\"forminator-field-sg_theme-postdata-2_69e737d9ec6c8-label\" class=\"forminator-label\">Theme <span class=\"forminator-required\">*<\/span><\/label><select type=\"select\" name=\"postdata-2-sg_theme\" placeholder=\"\" id=\"forminator-field-sg_theme-postdata-2_69e737d9ec6c8\" class=\"forminator-select2\" required=\"1\" aria-labelledby=\"forminator-field-sg_theme-postdata-2_69e737d9ec6c8-label\" data-default-value=\"\"><option value=\"148\" >Financement de la recherche et de l\u2019innovation<\/option><option value=\"287\" >Int\u00e9grer l\u2019\u00e9galit\u00e9 des sexes et l\u2019inclusion<\/option><option value=\"369\" >Mise en place d\u2019agences de financement<\/option><option value=\"146\" >Renforcement des capacit\u00e9s en mati\u00e8re de gestion de la recherche<\/option><option value=\"288\" >S\u2019engager avec le secteur priv\u00e9<\/option><option value=\"284\" >Soutenir la communication strat\u00e9gique et l\u2019assimilation des connaissances<\/option><option value=\"147\" >Utiliser les donn\u00e9es probantes dans l\u2019\u00e9laboration des politiques<\/option><\/select><\/div><\/div><\/div><\/div><\/div><div class=\"forminator-row\"><div id=\"date-1\" class=\"forminator-field-date forminator-col forminator-col-12 \"><div class=\"forminator-field\"><label for=\"forminator-field-date-1-picker_69e737d9ec6c8\" id=\"forminator-field-date-1-picker_69e737d9ec6c8-label\" class=\"forminator-label\">Publish Date <span class=\"forminator-required\">*<\/span><\/label><input autocomplete=\"off\" type=\"text\" size=\"1\" name=\"date-1\" value=\"\" placeholder=\"DD | MM | YYYY\" id=\"forminator-field-date-1-picker_69e737d9ec6c8\" class=\"forminator-input forminator-datepicker\" data-required=\"1\" data-format=\"dd-mm-yy\" data-restrict-type=\"\" data-restrict=\"\" data-start-year=\"1926\" data-end-year=\"2126\" data-past-dates=\"enable\" data-start-of-week=\"1\" data-start-date=\"\" data-end-date=\"\" data-start-field=\"\" data-end-field=\"\" data-start-offset=\"\" data-end-offset=\"\" data-disable-date=\"\" data-disable-range=\"\" \/><\/div><\/div><\/div><div class=\"forminator-row\"><div id=\"radio-2\" class=\"forminator-field-radio forminator-col forminator-col-12 \"><div role=\"radiogroup\" class=\"forminator-field\" aria-labelledby=\"forminator-radiogroup-radio-2-69e737d9ec6c8-label\"><span id=\"forminator-radiogroup-radio-2-69e737d9ec6c8-label\" class=\"forminator-label\">Status <span class=\"forminator-required\">*<\/span><\/span><label id=\"forminator-field-radio-2-label-1\" for=\"forminator-field-radio-2-1-69e737d9ec6c8\" class=\"forminator-radio forminator-radio-inline\" title=\"Open\"><input type=\"radio\" name=\"radio-2\" value=\"open\" id=\"forminator-field-radio-2-1-69e737d9ec6c8\" aria-labelledby=\"forminator-field-radio-2-label-1\" data-calculation=\"0\" checked=\"checked\"  data-hidden-behavior=\"zero\"\/><span class=\"forminator-radio-bullet\" aria-hidden=\"true\"><\/span><span class=\"forminator-radio-label\">Open<\/span><\/label><label id=\"forminator-field-radio-2-label-2\" for=\"forminator-field-radio-2-2-69e737d9ec6c8\" class=\"forminator-radio forminator-radio-inline\" title=\"Closed\"><input type=\"radio\" name=\"radio-2\" value=\"closed\" id=\"forminator-field-radio-2-2-69e737d9ec6c8\" aria-labelledby=\"forminator-field-radio-2-label-2\" data-calculation=\"0\"   data-hidden-behavior=\"zero\"\/><span class=\"forminator-radio-bullet\" aria-hidden=\"true\"><\/span><span class=\"forminator-radio-label\">Closed<\/span><\/label><\/div><\/div><\/div><div class=\"forminator-row\"><div id=\"url-1\" class=\"forminator-field-url forminator-col forminator-col-12 \"><div class=\"forminator-field\"><label for=\"forminator-field-url-1_69e737d9ec6c8\" id=\"forminator-field-url-1_69e737d9ec6c8-label\" class=\"forminator-label\">Link to article on your council website (optional)<\/label><input type=\"url\" name=\"url-1\" value=\"\" placeholder=\"http:\/\/\" id=\"forminator-field-url-1_69e737d9ec6c8\" class=\"forminator-input forminator-website--field\" data-required=\"\" aria-required=\"false\" \/><\/div><\/div><\/div><div class=\"forminator-row\"><div id=\"upload-1\" class=\"forminator-field-upload forminator-col forminator-col-12 \"><div class=\"forminator-field\"><label for=\"forminator-field-upload-1_69e737d9ec6c8\" id=\"forminator-field-upload-1_69e737d9ec6c8-label\" class=\"forminator-label\">Upload Attachment or Article file (Optional)<\/label><div class=\"forminator-file-upload \" data-element=\"upload-1_69e737d9ec6c8\" aria-describedby=\"forminator-field-upload-1_69e737d9ec6c8-description\"><input type=\"file\" name=\"upload-1\" id=\"forminator-field-upload-1_69e737d9ec6c8\" class=\"forminator-input-file\" accept=\".jpg,.jpeg,.jpe,.gif,.png,.bmp,.tiff,.tif,.webp,.ico,.heic,.asf,.asx,.wmv,.wmx,.wm,.avi,.divx,.flv,.mov,.qt,.mpeg,.mpg,.mpe,.mp4,.m4v,.ogv,.webm,.mkv,.3gp,.3gpp,.3g2,.3gp2,.txt,.asc,.c,.cc,.h,.srt,.csv,.tsv,.ics,.rtx,.vtt,.mp3,.m4a,.m4b,.aac,.ra,.ram,.wav,.ogg,.oga,.flac,.mid,.midi,.wma,.wax,.mka,.rtf,.pdf,.class,.tar,.zip,.gz,.gzip,.7z,.psd,.xcf,.doc,.pot,.pps,.ppt,.wri,.xla,.xls,.xlt,.xlw,.mdb,.mpp,.docx,.docm,.dotx,.dotm,.xlsx,.xlsm,.xlsb,.xltx,.xltm,.xlam,.pptx,.pptm,.ppsx,.ppsm,.potx,.potm,.ppam,.sldx,.sldm,.onetoc,.onetoc2,.onetmp,.onepkg,.oxps,.xps,.odt,.odp,.ods,.odg,.odc,.odb,.odf,.wp,.wpd,.key,.numbers,.pages,.m4a,.mp4,.woff,.woff2,.ttf,.eot,.otf,.json\" tabindex=\"-1\"><button id=\"forminator-field-upload-1_69e737d9ec6c8_button\" class=\"forminator-button forminator-button-upload\" data-id=\"forminator-field-upload-1_69e737d9ec6c8\">Choisissez un fichier<\/button><span data-empty-text=\"Aucun fichier s\u00e9lectionn\u00e9\">Aucun fichier s\u00e9lectionn\u00e9<\/span><button class=\"forminator-button-delete\" style=\"display: none;\"><i class=\"forminator-icon-close\" aria-hidden=\"true\"><\/i><span class=\"forminator-screen-reader-only\">Supprimer le fichier t\u00e9l\u00e9vers\u00e9<\/span><\/button><\/div><span id=\"forminator-field-upload-1_69e737d9ec6c8-description\" class=\"forminator-description\">If you would prefer to add your content as a Microsoft Word document then please upload it here and we will use this to publish your article on the SGCI website.<\/span><\/div><\/div><\/div><div class=\"forminator-row\"><div id=\"textarea-1\" class=\"forminator-field-textarea forminator-col forminator-col-12 \"><div class=\"forminator-field\"><label for=\"forminator-field-textarea-1_69e737d9ec6c8\" id=\"forminator-field-textarea-1_69e737d9ec6c8-label\" class=\"forminator-label\">Content (Optional)<\/label><textarea name=\"textarea-1\" placeholder=\"Article Content...\" id=\"forminator-field-textarea-1_69e737d9ec6c8\" class=\"forminator-textarea\" rows=\"6\" style=\"--forminator-textarea-min-height:140px;\" ><\/textarea><\/div><\/div><\/div><div class=\"forminator-row\" style=\"margin: 0;\"><div id=\"captcha-1\" class=\"forminator-field-captcha  forminator-col-12 \"><div class=\"forminator-captcha-left forminator-g-recaptcha recaptcha-invisible\" data-theme=\"light\" data-badge=\"bottomright\" data-sitekey=\"6LecuAsqAAAAAPGqc164-KUcrSAVC591P-ECgpVz\" data-size=\"invisible\"><\/div> <\/div><\/div><input type=\"hidden\" name=\"referer_url\" value=\"\" \/><div class=\"forminator-row forminator-row-last\"><div class=\"forminator-col\"><div class=\"forminator-field\"><button class=\"forminator-button forminator-button-submit\">Submit Content<\/button><\/div><\/div><\/div><input type=\"hidden\" id=\"forminator_nonce\" name=\"forminator_nonce\" value=\"29ebd12424\" \/><input type=\"hidden\" name=\"_wp_http_referer\" value=\"\/fr\/wp-json\/wp\/v2\/pages\/17332\" \/><input type=\"hidden\" name=\"form_id\" value=\"14704\"><input type=\"hidden\" name=\"page_id\" value=\"17332\"><input type=\"hidden\" name=\"form_type\" value=\"default\"><input type=\"hidden\" name=\"current_url\" value=\"https:\/\/sgciafrica.org\/fr\/soumettre-un-contenu\/\"><input type=\"hidden\" name=\"render_id\" value=\"0\"><input type=\"hidden\" name=\"action\" value=\"forminator_submit_form_custom-forms\"><label for=\"input_9\" class=\"forminator-hidden\" aria-hidden=\"true\">Veuillez ne pas remplir ce champ. <input id=\"input_9\" type=\"text\" name=\"input_9\" value=\"\" autocomplete=\"off\"><\/label><\/form><\/p>\n","protected":false},"excerpt":{"rendered":"<p>Si vous faites partie d&rsquo;un SGC ou d&rsquo;un CTA, veuillez soumettre votre contenu pour qu&rsquo;il soit publi\u00e9 sur le site web du SGCI en utilisant le formulaire ci-dessous.<\/p>\n","protected":false},"author":1,"featured_media":0,"parent":0,"menu_order":0,"comment_status":"closed","ping_status":"closed","template":"","meta":{"_acf_changed":false,"_uag_custom_page_level_css":"","footnotes":""},"class_list":["post-17332","page","type-page","status-publish","hentry"],"acf":[],"yoast_head":"<!-- This site is optimized with the Yoast SEO Premium plugin v27.3 (Yoast SEO v27.4) - https:\/\/yoast.com\/product\/yoast-seo-premium-wordpress\/ -->\n<title>Soumettre un contenu - SGCI Africa<\/title>\n<meta name=\"robots\" content=\"index, follow, max-snippet:-1, max-image-preview:large, max-video-preview:-1\" \/>\n<link rel=\"canonical\" href=\"https:\/\/sgciafrica.org\/submit-content\/\" \/>\n<meta property=\"og:locale\" content=\"fr_FR\" \/>\n<meta property=\"og:type\" content=\"article\" \/>\n<meta property=\"og:title\" content=\"Soumettre un contenu\" \/>\n<meta property=\"og:description\" content=\"Si vous faites partie d&#039;un SGC ou d&#039;un CTA, veuillez soumettre votre contenu pour qu&#039;il soit publi\u00e9 sur le site web du SGCI en utilisant le formulaire ci-dessous.\" \/>\n<meta property=\"og:url\" content=\"https:\/\/sgciafrica.org\/submit-content\/\" \/>\n<meta property=\"og:site_name\" content=\"SGCI Africa\" \/>\n<meta property=\"article:modified_time\" content=\"2024-07-10T11:00:14+00:00\" \/>\n<meta name=\"twitter:card\" content=\"summary_large_image\" \/>\n<meta name=\"twitter:site\" content=\"@SGCIAfrica\" \/>\n<script type=\"application\/ld+json\" class=\"yoast-schema-graph\">{\"@context\":\"https:\\\/\\\/schema.org\",\"@graph\":[{\"@type\":\"WebPage\",\"@id\":\"https:\\\/\\\/sgciafrica.org\\\/submit-content\\\/\",\"url\":\"https:\\\/\\\/sgciafrica.org\\\/submit-content\\\/\",\"name\":\"Soumettre un contenu - SGCI Africa\",\"isPartOf\":{\"@id\":\"https:\\\/\\\/sgciafrica.org\\\/#website\"},\"datePublished\":\"2024-03-15T06:48:59+00:00\",\"dateModified\":\"2024-07-10T11:00:14+00:00\",\"breadcrumb\":{\"@id\":\"https:\\\/\\\/sgciafrica.org\\\/submit-content\\\/#breadcrumb\"},\"inLanguage\":\"fr-FR\",\"potentialAction\":[{\"@type\":\"ReadAction\",\"target\":[\"https:\\\/\\\/sgciafrica.org\\\/submit-content\\\/\"]}]},{\"@type\":\"BreadcrumbList\",\"@id\":\"https:\\\/\\\/sgciafrica.org\\\/submit-content\\\/#breadcrumb\",\"itemListElement\":[{\"@type\":\"ListItem\",\"position\":1,\"name\":\"Home\",\"item\":\"https:\\\/\\\/sgciafrica.org\\\/fr\\\/\"},{\"@type\":\"ListItem\",\"position\":2,\"name\":\"Soumettre un contenu\"}]},{\"@type\":\"WebSite\",\"@id\":\"https:\\\/\\\/sgciafrica.org\\\/#website\",\"url\":\"https:\\\/\\\/sgciafrica.org\\\/\",\"name\":\"SGCI Africa\",\"description\":\"\",\"publisher\":{\"@id\":\"https:\\\/\\\/sgciafrica.org\\\/#organization\"},\"potentialAction\":[{\"@type\":\"SearchAction\",\"target\":{\"@type\":\"EntryPoint\",\"urlTemplate\":\"https:\\\/\\\/sgciafrica.org\\\/?s={search_term_string}\"},\"query-input\":{\"@type\":\"PropertyValueSpecification\",\"valueRequired\":true,\"valueName\":\"search_term_string\"}}],\"inLanguage\":\"fr-FR\"},{\"@type\":\"Organization\",\"@id\":\"https:\\\/\\\/sgciafrica.org\\\/#organization\",\"name\":\"SGCI Africa\",\"url\":\"https:\\\/\\\/sgciafrica.org\\\/\",\"logo\":{\"@type\":\"ImageObject\",\"inLanguage\":\"fr-FR\",\"@id\":\"https:\\\/\\\/sgciafrica.org\\\/#\\\/schema\\\/logo\\\/image\\\/\",\"url\":\"https:\\\/\\\/sgciafrica.org\\\/wp-content\\\/uploads\\\/2024\\\/12\\\/SGCI_Logo_Secondary_Large.png\",\"contentUrl\":\"https:\\\/\\\/sgciafrica.org\\\/wp-content\\\/uploads\\\/2024\\\/12\\\/SGCI_Logo_Secondary_Large.png\",\"width\":3888,\"height\":1080,\"caption\":\"SGCI Africa\"},\"image\":{\"@id\":\"https:\\\/\\\/sgciafrica.org\\\/#\\\/schema\\\/logo\\\/image\\\/\"},\"sameAs\":[\"https:\\\/\\\/x.com\\\/SGCIAfrica\"]}]}<\/script>\n<!-- \/ Yoast SEO Premium plugin. -->","yoast_head_json":{"title":"Soumettre un contenu - SGCI Africa","robots":{"index":"index","follow":"follow","max-snippet":"max-snippet:-1","max-image-preview":"max-image-preview:large","max-video-preview":"max-video-preview:-1"},"canonical":"https:\/\/sgciafrica.org\/submit-content\/","og_locale":"fr_FR","og_type":"article","og_title":"Soumettre un contenu","og_description":"Si vous faites partie d'un SGC ou d'un CTA, veuillez soumettre votre contenu pour qu'il soit publi\u00e9 sur le site web du SGCI en utilisant le formulaire ci-dessous.","og_url":"https:\/\/sgciafrica.org\/submit-content\/","og_site_name":"SGCI Africa","article_modified_time":"2024-07-10T11:00:14+00:00","twitter_card":"summary_large_image","twitter_site":"@SGCIAfrica","schema":{"@context":"https:\/\/schema.org","@graph":[{"@type":"WebPage","@id":"https:\/\/sgciafrica.org\/submit-content\/","url":"https:\/\/sgciafrica.org\/submit-content\/","name":"Soumettre un contenu - SGCI Africa","isPartOf":{"@id":"https:\/\/sgciafrica.org\/#website"},"datePublished":"2024-03-15T06:48:59+00:00","dateModified":"2024-07-10T11:00:14+00:00","breadcrumb":{"@id":"https:\/\/sgciafrica.org\/submit-content\/#breadcrumb"},"inLanguage":"fr-FR","potentialAction":[{"@type":"ReadAction","target":["https:\/\/sgciafrica.org\/submit-content\/"]}]},{"@type":"BreadcrumbList","@id":"https:\/\/sgciafrica.org\/submit-content\/#breadcrumb","itemListElement":[{"@type":"ListItem","position":1,"name":"Home","item":"https:\/\/sgciafrica.org\/fr\/"},{"@type":"ListItem","position":2,"name":"Soumettre un contenu"}]},{"@type":"WebSite","@id":"https:\/\/sgciafrica.org\/#website","url":"https:\/\/sgciafrica.org\/","name":"SGCI Africa","description":"","publisher":{"@id":"https:\/\/sgciafrica.org\/#organization"},"potentialAction":[{"@type":"SearchAction","target":{"@type":"EntryPoint","urlTemplate":"https:\/\/sgciafrica.org\/?s={search_term_string}"},"query-input":{"@type":"PropertyValueSpecification","valueRequired":true,"valueName":"search_term_string"}}],"inLanguage":"fr-FR"},{"@type":"Organization","@id":"https:\/\/sgciafrica.org\/#organization","name":"SGCI Africa","url":"https:\/\/sgciafrica.org\/","logo":{"@type":"ImageObject","inLanguage":"fr-FR","@id":"https:\/\/sgciafrica.org\/#\/schema\/logo\/image\/","url":"https:\/\/sgciafrica.org\/wp-content\/uploads\/2024\/12\/SGCI_Logo_Secondary_Large.png","contentUrl":"https:\/\/sgciafrica.org\/wp-content\/uploads\/2024\/12\/SGCI_Logo_Secondary_Large.png","width":3888,"height":1080,"caption":"SGCI Africa"},"image":{"@id":"https:\/\/sgciafrica.org\/#\/schema\/logo\/image\/"},"sameAs":["https:\/\/x.com\/SGCIAfrica"]}]}},"uagb_featured_image_src":{"full":false,"thumbnail":false,"medium":false,"medium_large":false,"large":false,"1536x1536":false,"2048x2048":false,"sg-full-width":false,"sg-full-content-width":false,"sg-container-half":false,"sg-single-tile":false,"sg-council-user":false},"uagb_author_info":{"display_name":"modular","author_link":"https:\/\/sgciafrica.org\/fr\/author\/modular\/"},"uagb_comment_info":0,"uagb_excerpt":"Si vous faites partie d'un SGC ou d'un CTA, veuillez soumettre votre contenu pour qu'il soit publi\u00e9 sur le site web du SGCI en utilisant le formulaire ci-dessous.","_links":{"self":[{"href":"https:\/\/sgciafrica.org\/fr\/wp-json\/wp\/v2\/pages\/17332","targetHints":{"allow":["GET"]}}],"collection":[{"href":"https:\/\/sgciafrica.org\/fr\/wp-json\/wp\/v2\/pages"}],"about":[{"href":"https:\/\/sgciafrica.org\/fr\/wp-json\/wp\/v2\/types\/page"}],"author":[{"embeddable":true,"href":"https:\/\/sgciafrica.org\/fr\/wp-json\/wp\/v2\/users\/1"}],"replies":[{"embeddable":true,"href":"https:\/\/sgciafrica.org\/fr\/wp-json\/wp\/v2\/comments?post=17332"}],"version-history":[{"count":0,"href":"https:\/\/sgciafrica.org\/fr\/wp-json\/wp\/v2\/pages\/17332\/revisions"}],"wp:attachment":[{"href":"https:\/\/sgciafrica.org\/fr\/wp-json\/wp\/v2\/media?parent=17332"}],"curies":[{"name":"wp","href":"https:\/\/api.w.org\/{rel}","templated":true}]}}