{"id":17322,"date":"2024-03-18T10:54:31","date_gmt":"2024-03-18T10:54:31","guid":{"rendered":"https:\/\/sgciafrica.org\/histoires-de-changement\/"},"modified":"2026-02-11T13:39:55","modified_gmt":"2026-02-11T13:39:55","slug":"histoires-de-changement","status":"publish","type":"page","link":"https:\/\/sgciafrica.org\/fr\/notre-travail-et-notre-impact\/histoires-de-changement\/","title":{"rendered":"Histoires de changement"},"content":{"rendered":"\n\n\t        <label for=\"\">Pays<\/label><br \/>\n        <div class=\"facetwp-facet facetwp-facet-countries facetwp-type-dropdown\" data-name=\"countries\" data-type=\"dropdown\"><\/div><br \/>\n        <label for=\"\">Th\u00e8mes<\/label><br \/>\n        <div class=\"facetwp-facet facetwp-facet-themes facetwp-type-dropdown\" data-name=\"themes\" data-type=\"dropdown\"><\/div><br \/>\n        <label for=\"\">Objectifs du Conseil<\/label><br \/>\n        <div class=\"facetwp-facet facetwp-facet-council_objectives facetwp-type-dropdown\" data-name=\"council_objectives\" data-type=\"dropdown\"><\/div><br \/>\n        <button onclick=\"FWP.refresh()\">Recherche<\/button><br \/>\n        <label for=\"\">commande<\/label><br \/>\n        <div class=\"facetwp-facet facetwp-facet-order_by facetwp-type-sort\" data-name=\"order_by\" data-type=\"sort\"><\/div><br \/>\n        <div class=\"facetwp-facet facetwp-facet-result_count facetwp-type-pager\" data-name=\"result_count\" data-type=\"pager\"><\/div><br \/>\n    <div class=\"facetwp-template\" data-name=\"blog_posts\">        <div class=\"member-archive__list-item\">\n        <div class=\"member-archive__list-img\">\n            <figure class=\"featured-image\">\n                <img loading=\"lazy\" decoding=\"async\" width=\"1024\" height=\"683\" src=\"https:\/\/sgciafrica.org\/wp-content\/uploads\/2024\/07\/Selon-Gift-Kadzamira.jpg\" class=\"attachment-sg-single-tile size-sg-single-tile wp-post-image\" alt=\"\" srcset=\"https:\/\/sgciafrica.org\/wp-content\/uploads\/2024\/07\/Selon-Gift-Kadzamira.jpg 1024w, https:\/\/sgciafrica.org\/wp-content\/uploads\/2024\/07\/Selon-Gift-Kadzamira-300x200.jpg 300w, https:\/\/sgciafrica.org\/wp-content\/uploads\/2024\/07\/Selon-Gift-Kadzamira-768x512.jpg 768w\" sizes=\"auto, (max-width: 1024px) 100vw, 1024px\" \/>            <\/figure>\n        <\/div>\n        <div class=\"member-archive__list-content\">\n            <div class=\"member-archive__list-meta\">\n                <div class=\"category-country\"><a href=\"https:\/\/sgciafrica.org\/country\/malawi-2\/\" rel=\"tag\">Malawi<\/a><\/div>\n                <div class=\"category-objective\"><\/div>\n            <\/div>\n            <h2><a class=\"post-item\" data-id=\"20949\" href=\"https:\/\/sgciafrica.org\/fr\/story\/des-chercheurs-concluent-des-partenariats-avec-le-secteur-prive-au-malawi\/\">Des chercheurs concluent des partenariats avec le secteur priv\u00e9 au Malawi<\/a><\/h2>\n            <div class=\"member-archive__list-excerpt\">\n                <p>Des partenariats avec les entreprises et le secteur public permettent aux chercheurs du Malawi de s\u2019attaquer \u00e0 des \u00ab probl\u00e8mes concrets \u00bb. L\u2019Initiative des Organismes subventionnaires de la recherche scientifique (IOSRS) utilise l\u2019approche dite de la \u00ab&nbsp;triple h\u00e9lice&nbsp;\u00bb pour permettre aux chercheurs africains de collaborer avec les services publics de leur pays, le secteur priv\u00e9 et d\u2019autres&hellip;<\/p>\n            <\/div>\n            <div class=\"member-archive__list-links\">\n                \n                                                                        <a class=\"\" href=\"https:\/\/sgciafrica.org\/fr\/council\/commission-nationale-pour-la-science-et-la-technologie-malawi\/\">Commission nationale pour la science et la technologie (Malawi)<\/a>\n                            \n                                            \n                            <\/div>\n        <\/div>\n    <\/div>\n    <div class=\"member-archive__list-item\">\n        <div class=\"member-archive__list-img\">\n            <figure class=\"featured-image\">\n                <img loading=\"lazy\" decoding=\"async\" width=\"1279\" height=\"852\" src=\"https:\/\/sgciafrica.org\/wp-content\/uploads\/2024\/03\/Image-Country-Uganda.jpg\" class=\"attachment-sg-single-tile size-sg-single-tile wp-post-image\" alt=\"\" srcset=\"https:\/\/sgciafrica.org\/wp-content\/uploads\/2024\/03\/Image-Country-Uganda.jpg 2100w, https:\/\/sgciafrica.org\/wp-content\/uploads\/2024\/03\/Image-Country-Uganda-300x200.jpg 300w, https:\/\/sgciafrica.org\/wp-content\/uploads\/2024\/03\/Image-Country-Uganda-1024x682.jpg 1024w, https:\/\/sgciafrica.org\/wp-content\/uploads\/2024\/03\/Image-Country-Uganda-768x512.jpg 768w, https:\/\/sgciafrica.org\/wp-content\/uploads\/2024\/03\/Image-Country-Uganda-1536x1023.jpg 1536w, https:\/\/sgciafrica.org\/wp-content\/uploads\/2024\/03\/Image-Country-Uganda-2048x1364.jpg 2048w\" sizes=\"auto, (max-width: 1279px) 100vw, 1279px\" \/>            <\/figure>\n        <\/div>\n        <div class=\"member-archive__list-content\">\n            <div class=\"member-archive__list-meta\">\n                <div class=\"category-country\"><a href=\"https:\/\/sgciafrica.org\/fr\/country\/mozambique-fr\/\" rel=\"tag\">Mozambique<\/a><\/div>\n                <div class=\"category-objective\"><\/div>\n            <\/div>\n            <h2><a class=\"post-item\" data-id=\"20972\" href=\"https:\/\/sgciafrica.org\/fr\/story\/lapplication-de-sante-low-tech-fait-parler-delle\/\">L&rsquo;application de sant\u00e9 low-tech fait parler d&rsquo;elle<\/a><\/h2>\n            <div class=\"member-archive__list-excerpt\">\n                <p>Cinq ans apr\u00e8s son lancement, PENSA &#8211; une application mobile d\u00e9velopp\u00e9e au Mozambique &#8211; a \u00e9t\u00e9 consult\u00e9e par plus de quatre millions de personnes, devenant ainsi la premi\u00e8re plateforme de sant\u00e9 num\u00e9rique du pays. L&rsquo;application mobile permet aux communaut\u00e9s isol\u00e9es et mal desservies du pays de recevoir des informations et des services de sant\u00e9 essentiels,&hellip;<\/p>\n            <\/div>\n            <div class=\"member-archive__list-links\">\n                \n                                                                        <a class=\"\" href=\"https:\/\/sgciafrica.org\/fr\/council\/fundo-nacional-de-investigacao-mozambique\/\">Fundo Nacional de Investiga\u00e7\u00e3o (Mozambique)<\/a>\n                            \n                                            \n                            <\/div>\n        <\/div>\n    <\/div>\n<\/div><br \/>\n        <div class=\"facetwp-facet facetwp-facet-pagination facetwp-type-pager\" data-name=\"pagination\" data-type=\"pager\"><\/div><br \/>\n        <label for=\"\">Par page<\/label><br \/>\n        <div class=\"facetwp-facet facetwp-facet-per_page facetwp-type-pager\" data-name=\"per_page\" data-type=\"pager\"><\/div>\n<h2>\n Research and Resources<br \/>\n\t<\/h2>\n\t<meta itemscope=\"\" itemprop=\"mainEntityOfPage\" itemtype=\"https:\/\/schema.org\/WebPage\" itemid=\"http:\/\/16042\" content=\"Monitoring, evaluation and learning for more effective African science granting councils\"\/><meta itemprop=\"datePublished\" content=\"2024-03-19\"\/><meta itemprop=\"dateModified\" content=\"2024-03-28\"\/><meta itemprop=\"name\" content=\"Fondation\"\/><meta itemprop=\"url\" content=\"https:\/\/sgciafrica.org\/wp-content\/uploads\/2020\/06\/ButterflyMasthead_Black.png\"\/><meta itemprop=\"url\" content=\"https:\/\/sgciafrica.org\/author\/modular\/\"\/><meta itemprop=\"name\" content=\"modular\"\/><meta itemprop=\"url\" content=\"https:\/\/sgciafrica.org\/wp-content\/uploads\/2024\/03\/Image-Article-1.jpg\"\/><meta itemprop=\"width\" content=\"2100\"\/><meta itemprop=\"height\" content=\"1399\"\/><meta itemprop=\"interactionType\" content=\"https:\/\/schema.org\/CommentAction\"\/><meta itemprop=\"userInteractionCount\" content=\"0\"\/><br \/>\n<img decoding=\"async\" src=\"https:\/\/sgciafrica.org\/wp-content\/uploads\/2024\/03\/Resource-Working-paper5486C6-296x300.png\" alt=\"logo\"\/><br \/>\n        <a href=\"https:\/\/sgciafrica.org\/fr\/sg_type\/guidelines-fr\/\">Guidelines<\/a><br \/>\n            <a href=\"\/?sg_theme=cooperation-projects\" rel=\"tag\">Cooperation Projects<\/a> | <a href=\"\/?sg_theme=gender-and-inclusivity-fr\" rel=\"tag\">Gender and Inclusivity<\/a>\n<h3><a href=\"https:\/\/sgciafrica.org\/pt\/resource\/monitoring-evaluation-and-learning-for-more-effective-african-science-granting-councils-2\/\" title=\"Monitoring, evaluation and learning for more effective African science granting councils\">Monitoring, evaluation and learning for more effective African science granting councils<\/a><\/h3>\n        <a href=\"https:\/\/sgciafrica.org\/fr\/country\/ethiopia-fr\/\" rel=\"tag\">Ethiopia<\/a> | <a href=\"https:\/\/sgciafrica.org\/fr\/country\/ghana-fr\/\" rel=\"tag\">Ghana<\/a><br \/>\n\t<meta itemscope=\"\" itemprop=\"mainEntityOfPage\" itemtype=\"https:\/\/schema.org\/WebPage\" itemid=\"http:\/\/16040\" content=\"Suivi, \u00e9valuation et apprentissage pour des conseils scientifiques africains plus efficaces - 3\"\/><meta itemprop=\"datePublished\" content=\"2024-03-19\"\/><meta itemprop=\"dateModified\" content=\"2024-03-27\"\/><meta itemprop=\"name\" content=\"Fondation\"\/><meta itemprop=\"url\" content=\"https:\/\/sgciafrica.org\/wp-content\/uploads\/2020\/06\/ButterflyMasthead_Black.png\"\/><meta itemprop=\"url\" content=\"https:\/\/sgciafrica.org\/author\/modular\/\"\/><meta itemprop=\"name\" content=\"modular\"\/><meta itemprop=\"url\" content=\"https:\/\/sgciafrica.org\/wp-content\/uploads\/2024\/03\/Image-Article-2.jpg\"\/><meta itemprop=\"width\" content=\"2100\"\/><meta itemprop=\"height\" content=\"1399\"\/><meta itemprop=\"interactionType\" content=\"https:\/\/schema.org\/CommentAction\"\/><meta itemprop=\"userInteractionCount\" content=\"0\"\/><br \/>\n<img decoding=\"async\" src=\"https:\/\/sgciafrica.org\/wp-content\/uploads\/2024\/03\/Resource-Research5486C6-296x300.png\" alt=\"logo\"\/><br \/>\n        <a href=\"https:\/\/sgciafrica.org\/fr\/sg_type\/recherche\/\">Research<\/a><br \/>\n            <a href=\"\/?sg_theme=gender-and-inclusivity-fr\" rel=\"tag\">Gender and Inclusivity<\/a>\n<h3><a href=\"https:\/\/sgciafrica.org\/?post_type=resource&#038;p=16040\" title=\"Suivi, \u00e9valuation et apprentissage pour des conseils scientifiques africains plus efficaces - 3\">Suivi, \u00e9valuation et apprentissage pour des conseils scientifiques africains plus efficaces &#8211; 3<\/a><\/h3>\n        <a href=\"https:\/\/sgciafrica.org\/fr\/country\/kenya-fr\/\" rel=\"tag\">kenya<\/a><br \/>\n\t<meta itemscope=\"\" itemprop=\"mainEntityOfPage\" itemtype=\"https:\/\/schema.org\/WebPage\" itemid=\"http:\/\/16039\" content=\"Monitoring, evaluation and learning for more effective African science granting councils - 2\"\/><meta itemprop=\"datePublished\" content=\"2024-03-19\"\/><meta itemprop=\"dateModified\" content=\"2024-03-27\"\/><meta itemprop=\"name\" content=\"Fondation\"\/><meta itemprop=\"url\" content=\"https:\/\/sgciafrica.org\/wp-content\/uploads\/2020\/06\/ButterflyMasthead_Black.png\"\/><meta itemprop=\"url\" content=\"https:\/\/sgciafrica.org\/author\/modular\/\"\/><meta itemprop=\"name\" content=\"modular\"\/><meta itemprop=\"url\" content=\"https:\/\/sgciafrica.org\/wp-content\/uploads\/2024\/03\/Image-Article-3.jpg\"\/><meta itemprop=\"width\" content=\"2100\"\/><meta itemprop=\"height\" content=\"1401\"\/><meta itemprop=\"interactionType\" content=\"https:\/\/schema.org\/CommentAction\"\/><meta itemprop=\"userInteractionCount\" content=\"0\"\/><br \/>\n<img decoding=\"async\" src=\"https:\/\/sgciafrica.org\/wp-content\/uploads\/2024\/03\/Resource-Research5486C6-296x300.png\" alt=\"logo\"\/><br \/>\n        <a href=\"https:\/\/sgciafrica.org\/fr\/sg_type\/recherche\/\">Research<\/a><br \/>\n            <a href=\"\/?sg_theme=gender-and-inclusivity-fr\" rel=\"tag\">Gender and Inclusivity<\/a>\n<h3><a href=\"https:\/\/sgciafrica.org\/?post_type=resource&#038;p=16039\" title=\"Monitoring, evaluation and learning for more effective African science granting councils - 2\">Monitoring, evaluation and learning for more effective African science granting councils &#8211; 2<\/a><\/h3>\n        <a href=\"https:\/\/sgciafrica.org\/fr\/country\/mozambique-fr\/\" rel=\"tag\">Mozambique<\/a><br \/>\n\t<meta itemscope=\"\" itemprop=\"mainEntityOfPage\" itemtype=\"https:\/\/schema.org\/WebPage\" itemid=\"http:\/\/16035\" content=\"Monitoring, evaluation and learning for more effective African science granting councils - 1\"\/><meta itemprop=\"datePublished\" content=\"2024-03-19\"\/><meta itemprop=\"dateModified\" content=\"2024-03-27\"\/><meta itemprop=\"name\" content=\"Fondation\"\/><meta itemprop=\"url\" content=\"https:\/\/sgciafrica.org\/wp-content\/uploads\/2020\/06\/ButterflyMasthead_Black.png\"\/><meta itemprop=\"url\" content=\"https:\/\/sgciafrica.org\/author\/modular\/\"\/><meta itemprop=\"name\" content=\"modular\"\/><meta itemprop=\"url\" content=\"https:\/\/sgciafrica.org\/wp-content\/uploads\/2024\/03\/Image-Article-4.jpg\"\/><meta itemprop=\"width\" content=\"2100\"\/><meta itemprop=\"height\" content=\"1399\"\/><meta itemprop=\"interactionType\" content=\"https:\/\/schema.org\/CommentAction\"\/><meta itemprop=\"userInteractionCount\" content=\"0\"\/><br \/>\n<img decoding=\"async\" src=\"https:\/\/sgciafrica.org\/wp-content\/uploads\/2024\/03\/Resource-Research5486C6-296x300.png\" alt=\"logo\"\/><br \/>\n        <a href=\"https:\/\/sgciafrica.org\/fr\/sg_type\/recherche\/\">Research<\/a><br \/>\n            <a href=\"\/?sg_theme=gender-and-inclusivity-fr\" rel=\"tag\">Gender and Inclusivity<\/a>\n<h3><a href=\"https:\/\/sgciafrica.org\/?post_type=resource&#038;p=16035\" title=\"Monitoring, evaluation and learning for more effective African science granting councils - 1\">Monitoring, evaluation and learning for more effective African science granting councils &#8211; 1<\/a><\/h3>\n        <a href=\"https:\/\/sgciafrica.org\/fr\/country\/ghana-fr\/\" rel=\"tag\">Ghana<\/a><br \/>\n\t\t<!-- .pp-content-posts --><br \/>\n\t\t\t<a href=\"#\" target=\"_self\" rel=\"noopener\"><br \/>\n Resource library<br \/>\n\t\t\t\t\t<\/a>\n\n","protected":false},"excerpt":{"rendered":"<p>Pr\u00e9sentation de l\u2019impact concret de la recherche et de l\u2019innovation soutenues par la SGCI \u2013 mettant en lumi\u00e8re des politiques, des interventions et des d\u00e9couvertes qui transforment des vies \u00e0 travers l\u2019Afrique.<\/p>\n","protected":false},"author":1,"featured_media":0,"parent":17351,"menu_order":0,"comment_status":"closed","ping_status":"closed","template":"","meta":{"_acf_changed":false,"_uag_custom_page_level_css":"","footnotes":""},"class_list":["post-17322","page","type-page","status-publish","hentry"],"acf":[],"yoast_head":"<!-- This site is optimized with the Yoast SEO Premium plugin v27.3 (Yoast SEO v27.3) - https:\/\/yoast.com\/product\/yoast-seo-premium-wordpress\/ -->\n<title>Histoires de changement - SGCI Africa<\/title>\n<meta name=\"robots\" content=\"index, follow, max-snippet:-1, max-image-preview:large, max-video-preview:-1\" \/>\n<link rel=\"canonical\" href=\"https:\/\/sgciafrica.org\/fr\/notre-travail-et-notre-impact\/histoires-de-changement\/\" \/>\n<meta property=\"og:locale\" content=\"fr_FR\" \/>\n<meta property=\"og:type\" content=\"article\" \/>\n<meta property=\"og:title\" content=\"Histoires de changement\" \/>\n<meta property=\"og:description\" content=\"Pr\u00e9sentation de l\u2019impact concret de la recherche et de l\u2019innovation soutenues par la SGCI \u2013 mettant en lumi\u00e8re des politiques, des interventions et des d\u00e9couvertes qui transforment des vies \u00e0 travers l\u2019Afrique.\" \/>\n<meta property=\"og:url\" content=\"https:\/\/sgciafrica.org\/fr\/notre-travail-et-notre-impact\/histoires-de-changement\/\" \/>\n<meta property=\"og:site_name\" content=\"SGCI Africa\" \/>\n<meta property=\"article:modified_time\" content=\"2026-02-11T13:39:55+00:00\" \/>\n<meta property=\"og:image\" content=\"https:\/\/sgciafrica.org\/wp-content\/uploads\/2024\/03\/Resource-Working-paper5486C6-296x300.png\" \/>\n<meta name=\"twitter:card\" content=\"summary_large_image\" \/>\n<meta name=\"twitter:site\" content=\"@SGCIAfrica\" \/>\n<meta name=\"twitter:label1\" content=\"Dur\u00e9e de lecture estim\u00e9e\" \/>\n\t<meta name=\"twitter:data1\" content=\"1 minute\" \/>\n<script type=\"application\/ld+json\" class=\"yoast-schema-graph\">{\"@context\":\"https:\\\/\\\/schema.org\",\"@graph\":[{\"@type\":\"WebPage\",\"@id\":\"https:\\\/\\\/sgciafrica.org\\\/fr\\\/notre-travail-et-notre-impact\\\/histoires-de-changement\\\/\",\"url\":\"https:\\\/\\\/sgciafrica.org\\\/fr\\\/notre-travail-et-notre-impact\\\/histoires-de-changement\\\/\",\"name\":\"Histoires de changement - SGCI Africa\",\"isPartOf\":{\"@id\":\"https:\\\/\\\/sgciafrica.org\\\/#website\"},\"primaryImageOfPage\":{\"@id\":\"https:\\\/\\\/sgciafrica.org\\\/fr\\\/notre-travail-et-notre-impact\\\/histoires-de-changement\\\/#primaryimage\"},\"image\":{\"@id\":\"https:\\\/\\\/sgciafrica.org\\\/fr\\\/notre-travail-et-notre-impact\\\/histoires-de-changement\\\/#primaryimage\"},\"thumbnailUrl\":\"https:\\\/\\\/sgciafrica.org\\\/wp-content\\\/uploads\\\/2024\\\/03\\\/Resource-Working-paper5486C6-296x300.png\",\"datePublished\":\"2024-03-18T10:54:31+00:00\",\"dateModified\":\"2026-02-11T13:39:55+00:00\",\"breadcrumb\":{\"@id\":\"https:\\\/\\\/sgciafrica.org\\\/fr\\\/notre-travail-et-notre-impact\\\/histoires-de-changement\\\/#breadcrumb\"},\"inLanguage\":\"fr-FR\",\"potentialAction\":[{\"@type\":\"ReadAction\",\"target\":[\"https:\\\/\\\/sgciafrica.org\\\/fr\\\/notre-travail-et-notre-impact\\\/histoires-de-changement\\\/\"]}]},{\"@type\":\"ImageObject\",\"inLanguage\":\"fr-FR\",\"@id\":\"https:\\\/\\\/sgciafrica.org\\\/fr\\\/notre-travail-et-notre-impact\\\/histoires-de-changement\\\/#primaryimage\",\"url\":\"https:\\\/\\\/sgciafrica.org\\\/wp-content\\\/uploads\\\/2024\\\/03\\\/Resource-Working-paper5486C6-296x300.png\",\"contentUrl\":\"https:\\\/\\\/sgciafrica.org\\\/wp-content\\\/uploads\\\/2024\\\/03\\\/Resource-Working-paper5486C6-296x300.png\"},{\"@type\":\"BreadcrumbList\",\"@id\":\"https:\\\/\\\/sgciafrica.org\\\/fr\\\/notre-travail-et-notre-impact\\\/histoires-de-changement\\\/#breadcrumb\",\"itemListElement\":[{\"@type\":\"ListItem\",\"position\":1,\"name\":\"Home\",\"item\":\"https:\\\/\\\/sgciafrica.org\\\/fr\\\/\"},{\"@type\":\"ListItem\",\"position\":2,\"name\":\"Notre travail et notre impact\",\"item\":\"https:\\\/\\\/sgciafrica.org\\\/our-work-and-impact\\\/\"},{\"@type\":\"ListItem\",\"position\":3,\"name\":\"Histoires de changement\"}]},{\"@type\":\"WebSite\",\"@id\":\"https:\\\/\\\/sgciafrica.org\\\/#website\",\"url\":\"https:\\\/\\\/sgciafrica.org\\\/\",\"name\":\"SGCI Africa\",\"description\":\"\",\"publisher\":{\"@id\":\"https:\\\/\\\/sgciafrica.org\\\/#organization\"},\"potentialAction\":[{\"@type\":\"SearchAction\",\"target\":{\"@type\":\"EntryPoint\",\"urlTemplate\":\"https:\\\/\\\/sgciafrica.org\\\/?s={search_term_string}\"},\"query-input\":{\"@type\":\"PropertyValueSpecification\",\"valueRequired\":true,\"valueName\":\"search_term_string\"}}],\"inLanguage\":\"fr-FR\"},{\"@type\":\"Organization\",\"@id\":\"https:\\\/\\\/sgciafrica.org\\\/#organization\",\"name\":\"SGCI Africa\",\"url\":\"https:\\\/\\\/sgciafrica.org\\\/\",\"logo\":{\"@type\":\"ImageObject\",\"inLanguage\":\"fr-FR\",\"@id\":\"https:\\\/\\\/sgciafrica.org\\\/#\\\/schema\\\/logo\\\/image\\\/\",\"url\":\"https:\\\/\\\/sgciafrica.org\\\/wp-content\\\/uploads\\\/2024\\\/12\\\/SGCI_Logo_Secondary_Large.png\",\"contentUrl\":\"https:\\\/\\\/sgciafrica.org\\\/wp-content\\\/uploads\\\/2024\\\/12\\\/SGCI_Logo_Secondary_Large.png\",\"width\":3888,\"height\":1080,\"caption\":\"SGCI Africa\"},\"image\":{\"@id\":\"https:\\\/\\\/sgciafrica.org\\\/#\\\/schema\\\/logo\\\/image\\\/\"},\"sameAs\":[\"https:\\\/\\\/x.com\\\/SGCIAfrica\"]}]}<\/script>\n<!-- \/ Yoast SEO Premium plugin. -->","yoast_head_json":{"title":"Histoires de changement - SGCI Africa","robots":{"index":"index","follow":"follow","max-snippet":"max-snippet:-1","max-image-preview":"max-image-preview:large","max-video-preview":"max-video-preview:-1"},"canonical":"https:\/\/sgciafrica.org\/fr\/notre-travail-et-notre-impact\/histoires-de-changement\/","og_locale":"fr_FR","og_type":"article","og_title":"Histoires de changement","og_description":"Pr\u00e9sentation de l\u2019impact concret de la recherche et de l\u2019innovation soutenues par la SGCI \u2013 mettant en lumi\u00e8re des politiques, des interventions et des d\u00e9couvertes qui transforment des vies \u00e0 travers l\u2019Afrique.","og_url":"https:\/\/sgciafrica.org\/fr\/notre-travail-et-notre-impact\/histoires-de-changement\/","og_site_name":"SGCI Africa","article_modified_time":"2026-02-11T13:39:55+00:00","og_image":[{"url":"https:\/\/sgciafrica.org\/wp-content\/uploads\/2024\/03\/Resource-Working-paper5486C6-296x300.png","type":"","width":"","height":""}],"twitter_card":"summary_large_image","twitter_site":"@SGCIAfrica","twitter_misc":{"Dur\u00e9e de lecture estim\u00e9e":"1 minute"},"schema":{"@context":"https:\/\/schema.org","@graph":[{"@type":"WebPage","@id":"https:\/\/sgciafrica.org\/fr\/notre-travail-et-notre-impact\/histoires-de-changement\/","url":"https:\/\/sgciafrica.org\/fr\/notre-travail-et-notre-impact\/histoires-de-changement\/","name":"Histoires de changement - SGCI Africa","isPartOf":{"@id":"https:\/\/sgciafrica.org\/#website"},"primaryImageOfPage":{"@id":"https:\/\/sgciafrica.org\/fr\/notre-travail-et-notre-impact\/histoires-de-changement\/#primaryimage"},"image":{"@id":"https:\/\/sgciafrica.org\/fr\/notre-travail-et-notre-impact\/histoires-de-changement\/#primaryimage"},"thumbnailUrl":"https:\/\/sgciafrica.org\/wp-content\/uploads\/2024\/03\/Resource-Working-paper5486C6-296x300.png","datePublished":"2024-03-18T10:54:31+00:00","dateModified":"2026-02-11T13:39:55+00:00","breadcrumb":{"@id":"https:\/\/sgciafrica.org\/fr\/notre-travail-et-notre-impact\/histoires-de-changement\/#breadcrumb"},"inLanguage":"fr-FR","potentialAction":[{"@type":"ReadAction","target":["https:\/\/sgciafrica.org\/fr\/notre-travail-et-notre-impact\/histoires-de-changement\/"]}]},{"@type":"ImageObject","inLanguage":"fr-FR","@id":"https:\/\/sgciafrica.org\/fr\/notre-travail-et-notre-impact\/histoires-de-changement\/#primaryimage","url":"https:\/\/sgciafrica.org\/wp-content\/uploads\/2024\/03\/Resource-Working-paper5486C6-296x300.png","contentUrl":"https:\/\/sgciafrica.org\/wp-content\/uploads\/2024\/03\/Resource-Working-paper5486C6-296x300.png"},{"@type":"BreadcrumbList","@id":"https:\/\/sgciafrica.org\/fr\/notre-travail-et-notre-impact\/histoires-de-changement\/#breadcrumb","itemListElement":[{"@type":"ListItem","position":1,"name":"Home","item":"https:\/\/sgciafrica.org\/fr\/"},{"@type":"ListItem","position":2,"name":"Notre travail et notre impact","item":"https:\/\/sgciafrica.org\/our-work-and-impact\/"},{"@type":"ListItem","position":3,"name":"Histoires de changement"}]},{"@type":"WebSite","@id":"https:\/\/sgciafrica.org\/#website","url":"https:\/\/sgciafrica.org\/","name":"SGCI Africa","description":"","publisher":{"@id":"https:\/\/sgciafrica.org\/#organization"},"potentialAction":[{"@type":"SearchAction","target":{"@type":"EntryPoint","urlTemplate":"https:\/\/sgciafrica.org\/?s={search_term_string}"},"query-input":{"@type":"PropertyValueSpecification","valueRequired":true,"valueName":"search_term_string"}}],"inLanguage":"fr-FR"},{"@type":"Organization","@id":"https:\/\/sgciafrica.org\/#organization","name":"SGCI Africa","url":"https:\/\/sgciafrica.org\/","logo":{"@type":"ImageObject","inLanguage":"fr-FR","@id":"https:\/\/sgciafrica.org\/#\/schema\/logo\/image\/","url":"https:\/\/sgciafrica.org\/wp-content\/uploads\/2024\/12\/SGCI_Logo_Secondary_Large.png","contentUrl":"https:\/\/sgciafrica.org\/wp-content\/uploads\/2024\/12\/SGCI_Logo_Secondary_Large.png","width":3888,"height":1080,"caption":"SGCI Africa"},"image":{"@id":"https:\/\/sgciafrica.org\/#\/schema\/logo\/image\/"},"sameAs":["https:\/\/x.com\/SGCIAfrica"]}]}},"uagb_featured_image_src":{"full":false,"thumbnail":false,"medium":false,"medium_large":false,"large":false,"1536x1536":false,"2048x2048":false,"sg-full-width":false,"sg-full-content-width":false,"sg-container-half":false,"sg-single-tile":false,"sg-council-user":false},"uagb_author_info":{"display_name":"modular","author_link":"https:\/\/sgciafrica.org\/fr\/author\/modular\/"},"uagb_comment_info":0,"uagb_excerpt":"Pr\u00e9sentation de l\u2019impact concret de la recherche et de l\u2019innovation soutenues par la SGCI \u2013 mettant en lumi\u00e8re des politiques, des interventions et des d\u00e9couvertes qui transforment des vies \u00e0 travers l\u2019Afrique.","_links":{"self":[{"href":"https:\/\/sgciafrica.org\/fr\/wp-json\/wp\/v2\/pages\/17322","targetHints":{"allow":["GET"]}}],"collection":[{"href":"https:\/\/sgciafrica.org\/fr\/wp-json\/wp\/v2\/pages"}],"about":[{"href":"https:\/\/sgciafrica.org\/fr\/wp-json\/wp\/v2\/types\/page"}],"author":[{"embeddable":true,"href":"https:\/\/sgciafrica.org\/fr\/wp-json\/wp\/v2\/users\/1"}],"replies":[{"embeddable":true,"href":"https:\/\/sgciafrica.org\/fr\/wp-json\/wp\/v2\/comments?post=17322"}],"version-history":[{"count":0,"href":"https:\/\/sgciafrica.org\/fr\/wp-json\/wp\/v2\/pages\/17322\/revisions"}],"up":[{"embeddable":true,"href":"https:\/\/sgciafrica.org\/fr\/wp-json\/wp\/v2\/pages\/17351"}],"wp:attachment":[{"href":"https:\/\/sgciafrica.org\/fr\/wp-json\/wp\/v2\/media?parent=17322"}],"curies":[{"name":"wp","href":"https:\/\/api.w.org\/{rel}","templated":true}]}}