{"id":17310,"date":"2021-05-18T12:17:47","date_gmt":"2021-05-18T11:17:47","guid":{"rendered":"https:\/\/sgciafrica.org\/politique-en-matiere-de-cookies\/"},"modified":"2024-06-10T10:46:03","modified_gmt":"2024-06-10T09:46:03","slug":"politique-en-matiere-de-cookies","status":"publish","type":"page","link":"https:\/\/sgciafrica.org\/fr\/politique-en-matiere-de-cookies\/","title":{"rendered":"Politique en mati\u00e8re de cookies"},"content":{"rendered":"\n<h2 class=\"wp-block-heading\">Qu&rsquo;est-ce qu&rsquo;un cookie ?<\/h2>\n\n\n\n<p>Les cookies sont de petits fichiers texte plac\u00e9s sur votre machine pour aider le site \u00e0 offrir une meilleure exp\u00e9rience \u00e0 l&rsquo;utilisateur. En g\u00e9n\u00e9ral, les cookies sont utilis\u00e9s pour conserver les pr\u00e9f\u00e9rences des utilisateurs, stocker des informations pour des \u00e9l\u00e9ments tels que les paniers d&rsquo;achat et fournir des donn\u00e9es de suivi anonymes \u00e0 des applications tierces telles que Google Analytics. En r\u00e8gle g\u00e9n\u00e9rale, les cookies am\u00e9liorent votre exp\u00e9rience de navigation. Toutefois, vous pouvez pr\u00e9f\u00e9rer d\u00e9sactiver les cookies sur ce site et sur d&rsquo;autres.<\/p>\n\n\n\n<p>Le moyen le plus efficace est de d\u00e9sactiver les cookies dans votre navigateur. Nous vous conseillons de consulter la section Aide de votre navigateur ou de jeter un coup d&rsquo;\u0153il sur le <a href=\"http:\/\/www.aboutcookies.org\">site web \u00ab\u00a0About Cookies\u00a0\u00bb<\/a> qui offre des conseils pour tous les navigateurs modernes.<\/p>\n\n\n\n<h3 class=\"wp-block-heading\">Comment nous utilisons les cookies<\/h3>\n\n\n\n<p>Nous utilisons des cookies n\u00e9cessaires au fonctionnement de notre site web. Nous souhaitons \u00e9galement installer des cookies analytiques qui nous aident \u00e0 apporter des am\u00e9liorations en mesurant la fa\u00e7on dont vous utilisez notre site web. Ceux-ci ne seront d\u00e9finis que si vous les acceptez. Nous n&rsquo;utilisons pas les cookies pour collecter ou transmettre des informations personnelles identifiables ou sensibles \u00e0 des annonceurs ou \u00e0 des tiers.<\/p>\n\n\n\n<h3 class=\"wp-block-heading\">En savoir plus sur les cookies ?<\/h3>\n\n\n\n<p>Pour en savoir plus sur les cookies, y compris sur la mani\u00e8re de voir quels cookies ont \u00e9t\u00e9 install\u00e9s, visitez&nbsp;<a href=\"http:\/\/www.aboutcookies.org\/\">www.aboutcookies.org<\/a>&nbsp;ou&nbsp;<a href=\"http:\/\/www.allaboutcookies.org\/\">www.allaboutcookies.org<\/a>.<\/p>\n\n\n\n<h2 class=\"wp-block-heading\">Types de cookies que nous utilisons<\/h2>\n\n\n\n<h3 class=\"wp-block-heading\">Cookies n\u00e9cessaires ou fonctionnels<\/h3>\n\n\n\n<p>Les cookies n\u00e9cessaires permettent d&rsquo;activer les fonctions de base de ce site, telles que la connexion s\u00e9curis\u00e9e ou l&rsquo;ajustement de vos pr\u00e9f\u00e9rences en mati\u00e8re de consentement. Ces cookies ne stockent aucune donn\u00e9e personnelle identifiable.<\/p>\n\n\n\n<figure class=\"wp-block-table\"><table><thead><tr><th>Cookie<\/th><th>Dur\u00e9e de l&rsquo;accord<\/th><th>Description de la dur\u00e9e du cookie<\/th><\/tr><\/thead><tbody><tr><td>cookie_alert<\/td><td>1 an<\/td><td>Permet l&rsquo;utilisation de la fen\u00eatre contextuelle d&rsquo;acceptation des cookies sur le site web et la m\u00e9morisation des param\u00e8tres. Il ne recueille ni ne stocke aucune information personnelle sur les visiteurs du site.<\/td><\/tr><tr><td>wordpress_test_cookie<\/td><td>Session<\/td><td>WordPress met en place un cookie nomm\u00e9 wordpress_test_cookie pour v\u00e9rifier si les cookies sont activ\u00e9s sur le navigateur afin de fournir une exp\u00e9rience utilisateur appropri\u00e9e \u00e0 l&rsquo;utilisateur. Ce cookie est utilis\u00e9 sur le front-end, m\u00eame si vous n&rsquo;\u00eates pas connect\u00e9.<\/td><\/tr><\/tbody><\/table><\/figure>\n\n\n\n<h3 class=\"wp-block-heading\">Cookies de performance\/analytiques<\/h3>\n\n\n\n<p>Les cookies analytiques sont utilis\u00e9s pour comprendre comment les visiteurs interagissent avec le site web. Ces cookies permettent de fournir des informations sur des param\u00e8tres tels que le nombre de visiteurs, le taux de rebond, la source du trafic, etc.<\/p>\n\n\n\n<figure class=\"wp-block-table\"><table><thead><tr><th>Cookie<\/th><th>Dur\u00e9e de l&rsquo;accord<\/th><th>Description de la dur\u00e9e du cookie<\/th><\/tr><\/thead><tbody><tr><td>_ga<\/td><td>2 ans<\/td><td>Le cookie _ga, install\u00e9 par Google Analytics, calcule les donn\u00e9es relatives aux visiteurs, aux sessions et aux campagnes, et garde une trace de l&rsquo;utilisation du site pour le rapport d&rsquo;analyse du site. Le cookie stocke les informations de mani\u00e8re anonyme et attribue un num\u00e9ro g\u00e9n\u00e9r\u00e9 de mani\u00e8re al\u00e9atoire pour reconna\u00eetre les visiteurs uniques. Pour plus d&rsquo;informations sur l&rsquo;utilisation des donn\u00e9es par Google, consultez&nbsp;<a href=\"https:\/\/policies.google.com\/technologies\/partner-sites\">Confidentialit\u00e9 et conditions d&rsquo;utilisation de Google<\/a>.<\/td><\/tr><tr><td>_ga_*<\/td><td>2 ans<\/td><td>Google Analytics utilise ce cookie pour stocker et compter les pages vues.<\/td><\/tr><tr><td>_gid<\/td><td>24 heures<\/td><td>Utilis\u00e9 par Google Analytics pour distinguer les utilisateurs individuels sur notre site web.&nbsp;  Le cookie est utilis\u00e9 pour stocker des informations sur la fa\u00e7on dont les visiteurs utilisent un site web et aide \u00e0 cr\u00e9er un rapport analytique sur la fa\u00e7on dont le site web fonctionne. Les donn\u00e9es collect\u00e9es comprennent le nombre de visiteurs, la source d&rsquo;o\u00f9 ils viennent et les pages visit\u00e9es sous une forme anonyme. Pour refuser d&rsquo;\u00eatre suivi par Google Analytics sur tous les sites web, rendez-vous sur le site :&nbsp;<a href=\"http:\/\/tools.google.com\/dlpage\/gaoptout\">Module compl\u00e9mentaire de navigateur pour la d\u00e9sactivation de Google Analytics<\/a><\/td><\/tr><\/tbody><\/table><\/figure>\n\n\n\n<h2 class=\"wp-block-heading\">Cookies de tiers<\/h2>\n\n\n\n<p>Les cookies tiers sont g\u00e9n\u00e9r\u00e9s et plac\u00e9s sur l&rsquo;appareil de l&rsquo;utilisateur par un site web diff\u00e9rent de celui que l&rsquo;utilisateur visite. Ils sont cr\u00e9\u00e9s lorsqu&rsquo;un utilisateur visite un site web qui contient des \u00e9l\u00e9ments provenant d&rsquo;autres sites, tels que des images ou des publicit\u00e9s de tiers. Si un serveur h\u00e9bergeant l&rsquo;un de ces \u00e9l\u00e9ments r\u00e9pond \u00e0 la demande en installant un cookie, ce dernier est stock\u00e9 dans le navigateur de l&rsquo;utilisateur.<\/p>\n\n\n\n<h3 class=\"wp-block-heading\">YouTube<\/h3>\n\n\n\n<p>Nous int\u00e9grons des vid\u00e9os de notre cha\u00eene YouTube officielle en utilisant le mode de confidentialit\u00e9 de YouTube. Ce mode peut installer des cookies sur votre ordinateur lorsque vous arrivez sur une page contenant une vid\u00e9o YouTube. Les cookies ne permettent pas d&rsquo;identifier directement les utilisateurs et YouTube ne stocke pas d&rsquo;informations permettant de personnaliser votre exp\u00e9rience, \u00e0 moins que vous ne soyez connect\u00e9 \u00e0 un compte Google.<\/p>\n\n\n\n<p>Si vous disposez d&rsquo;un compte Google et que vous \u00eates connect\u00e9, YouTube peut installer des cookies \u00e0 des fins d&rsquo;analyse et de publicit\u00e9 et collecter des donn\u00e9es li\u00e9es \u00e0 votre compte Google. Pour plus d&rsquo;informations, voir&nbsp;<a href=\"https:\/\/policies.google.com\/privacy?gl=GB&amp;hl=en-GB#intro\">R\u00e8gles de confidentialit\u00e9 de Google.<\/a><\/p>\n\n\n\n<h2 class=\"wp-block-heading\">G\u00e9rer les pr\u00e9f\u00e9rences en mati\u00e8re de cookies<\/h2>\n\n\n\n<p>Les navigateurs proposent diff\u00e9rentes m\u00e9thodes pour bloquer et supprimer les cookies utilis\u00e9s par les sites web. Vous pouvez modifier les param\u00e8tres de votre navigateur pour bloquer\/supprimer les cookies. Vous trouverez ci-dessous les liens vers les documents d&rsquo;assistance sur la mani\u00e8re de g\u00e9rer et de supprimer les cookies des principaux navigateurs web.<\/p>\n\n\n\n<p><a href=\"https:\/\/support.google.com\/accounts\/answer\/32050\">Google Chrome<\/a><\/p>\n\n\n\n<p><a href=\"https:\/\/support.apple.com\/en-in\/guide\/safari\/sfri11471\/mac\">Safari<\/a><\/p>\n\n\n\n<p><a href=\"https:\/\/support.mozilla.org\/en-US\/kb\/clear-cookies-and-site-data-firefox?redirectslug=delete-cookies-remove-info-websites-stored&amp;redirectlocale=en-US\">Firefox<\/a><\/p>\n\n\n\n<p><a href=\"https:\/\/support.microsoft.com\/en-us\/topic\/how-to-delete-cookie-files-in-internet-explorer-bca9446f-d873-78de-77ba-d42645fa52fc\">Internet Explorer<\/a>:&nbsp;<\/p>\n\n\n\n<p>Si vous utilisez un autre navigateur web, veuillez consulter les documents d&rsquo;assistance officiels de votre navigateur.<\/p>\n","protected":false},"excerpt":{"rendered":"<p>Qu&rsquo;est-ce qu&rsquo;un cookie ? Les cookies sont de petits fichiers texte plac\u00e9s sur votre machine pour aider le site \u00e0 offrir une meilleure exp\u00e9rience \u00e0 l&rsquo;utilisateur. En g\u00e9n\u00e9ral, les cookies sont utilis\u00e9s pour conserver les pr\u00e9f\u00e9rences des utilisateurs, stocker des informations pour des \u00e9l\u00e9ments tels que les paniers d&rsquo;achat et fournir des donn\u00e9es de suivi&hellip;<\/p>\n","protected":false},"author":1,"featured_media":0,"parent":0,"menu_order":0,"comment_status":"closed","ping_status":"closed","template":"","meta":{"_acf_changed":false,"_uag_custom_page_level_css":"","footnotes":""},"class_list":["post-17310","page","type-page","status-publish","hentry"],"acf":[],"yoast_head":"<!-- This site is optimized with the Yoast SEO Premium plugin v27.3 (Yoast SEO v27.5) - https:\/\/yoast.com\/product\/yoast-seo-premium-wordpress\/ -->\n<title>Politique en mati\u00e8re de cookies - SGCI Africa<\/title>\n<meta name=\"robots\" content=\"index, follow, max-snippet:-1, max-image-preview:large, max-video-preview:-1\" \/>\n<link rel=\"canonical\" href=\"https:\/\/sgciafrica.org\/cookie-policy\/\" \/>\n<meta property=\"og:locale\" content=\"fr_FR\" \/>\n<meta property=\"og:type\" content=\"article\" \/>\n<meta property=\"og:title\" content=\"Politique en mati\u00e8re de cookies\" \/>\n<meta property=\"og:description\" content=\"Qu&rsquo;est-ce qu&rsquo;un cookie ? Les cookies sont de petits fichiers texte plac\u00e9s sur votre machine pour aider le site \u00e0 offrir une meilleure exp\u00e9rience \u00e0 l&rsquo;utilisateur. En g\u00e9n\u00e9ral, les cookies sont utilis\u00e9s pour conserver les pr\u00e9f\u00e9rences des utilisateurs, stocker des informations pour des \u00e9l\u00e9ments tels que les paniers d&rsquo;achat et fournir des donn\u00e9es de suivi&hellip;\" \/>\n<meta property=\"og:url\" content=\"https:\/\/sgciafrica.org\/cookie-policy\/\" \/>\n<meta property=\"og:site_name\" content=\"SGCI Africa\" \/>\n<meta property=\"article:modified_time\" content=\"2024-06-10T09:46:03+00:00\" \/>\n<meta name=\"twitter:card\" content=\"summary_large_image\" \/>\n<meta name=\"twitter:site\" content=\"@SGCIAfrica\" \/>\n<meta name=\"twitter:label1\" content=\"Dur\u00e9e de lecture estim\u00e9e\" \/>\n\t<meta name=\"twitter:data1\" content=\"5 minutes\" \/>\n<script type=\"application\/ld+json\" class=\"yoast-schema-graph\">{\"@context\":\"https:\\\/\\\/schema.org\",\"@graph\":[{\"@type\":\"WebPage\",\"@id\":\"https:\\\/\\\/sgciafrica.org\\\/cookie-policy\\\/\",\"url\":\"https:\\\/\\\/sgciafrica.org\\\/cookie-policy\\\/\",\"name\":\"Politique en mati\u00e8re de cookies - SGCI Africa\",\"isPartOf\":{\"@id\":\"https:\\\/\\\/sgciafrica.org\\\/#website\"},\"datePublished\":\"2021-05-18T11:17:47+00:00\",\"dateModified\":\"2024-06-10T09:46:03+00:00\",\"breadcrumb\":{\"@id\":\"https:\\\/\\\/sgciafrica.org\\\/cookie-policy\\\/#breadcrumb\"},\"inLanguage\":\"fr-FR\",\"potentialAction\":[{\"@type\":\"ReadAction\",\"target\":[\"https:\\\/\\\/sgciafrica.org\\\/cookie-policy\\\/\"]}]},{\"@type\":\"BreadcrumbList\",\"@id\":\"https:\\\/\\\/sgciafrica.org\\\/cookie-policy\\\/#breadcrumb\",\"itemListElement\":[{\"@type\":\"ListItem\",\"position\":1,\"name\":\"Home\",\"item\":\"https:\\\/\\\/sgciafrica.org\\\/fr\\\/\"},{\"@type\":\"ListItem\",\"position\":2,\"name\":\"Politique en mati\u00e8re de cookies\"}]},{\"@type\":\"WebSite\",\"@id\":\"https:\\\/\\\/sgciafrica.org\\\/#website\",\"url\":\"https:\\\/\\\/sgciafrica.org\\\/\",\"name\":\"SGCI Africa\",\"description\":\"\",\"publisher\":{\"@id\":\"https:\\\/\\\/sgciafrica.org\\\/#organization\"},\"potentialAction\":[{\"@type\":\"SearchAction\",\"target\":{\"@type\":\"EntryPoint\",\"urlTemplate\":\"https:\\\/\\\/sgciafrica.org\\\/?s={search_term_string}\"},\"query-input\":{\"@type\":\"PropertyValueSpecification\",\"valueRequired\":true,\"valueName\":\"search_term_string\"}}],\"inLanguage\":\"fr-FR\"},{\"@type\":\"Organization\",\"@id\":\"https:\\\/\\\/sgciafrica.org\\\/#organization\",\"name\":\"SGCI Africa\",\"url\":\"https:\\\/\\\/sgciafrica.org\\\/\",\"logo\":{\"@type\":\"ImageObject\",\"inLanguage\":\"fr-FR\",\"@id\":\"https:\\\/\\\/sgciafrica.org\\\/#\\\/schema\\\/logo\\\/image\\\/\",\"url\":\"https:\\\/\\\/sgciafrica.org\\\/wp-content\\\/uploads\\\/2024\\\/12\\\/SGCI_Logo_Secondary_Large.png\",\"contentUrl\":\"https:\\\/\\\/sgciafrica.org\\\/wp-content\\\/uploads\\\/2024\\\/12\\\/SGCI_Logo_Secondary_Large.png\",\"width\":3888,\"height\":1080,\"caption\":\"SGCI Africa\"},\"image\":{\"@id\":\"https:\\\/\\\/sgciafrica.org\\\/#\\\/schema\\\/logo\\\/image\\\/\"},\"sameAs\":[\"https:\\\/\\\/x.com\\\/SGCIAfrica\"]}]}<\/script>\n<!-- \/ Yoast SEO Premium plugin. -->","yoast_head_json":{"title":"Politique en mati\u00e8re de cookies - SGCI Africa","robots":{"index":"index","follow":"follow","max-snippet":"max-snippet:-1","max-image-preview":"max-image-preview:large","max-video-preview":"max-video-preview:-1"},"canonical":"https:\/\/sgciafrica.org\/cookie-policy\/","og_locale":"fr_FR","og_type":"article","og_title":"Politique en mati\u00e8re de cookies","og_description":"Qu&rsquo;est-ce qu&rsquo;un cookie ? Les cookies sont de petits fichiers texte plac\u00e9s sur votre machine pour aider le site \u00e0 offrir une meilleure exp\u00e9rience \u00e0 l&rsquo;utilisateur. En g\u00e9n\u00e9ral, les cookies sont utilis\u00e9s pour conserver les pr\u00e9f\u00e9rences des utilisateurs, stocker des informations pour des \u00e9l\u00e9ments tels que les paniers d&rsquo;achat et fournir des donn\u00e9es de suivi&hellip;","og_url":"https:\/\/sgciafrica.org\/cookie-policy\/","og_site_name":"SGCI Africa","article_modified_time":"2024-06-10T09:46:03+00:00","twitter_card":"summary_large_image","twitter_site":"@SGCIAfrica","twitter_misc":{"Dur\u00e9e de lecture estim\u00e9e":"5 minutes"},"schema":{"@context":"https:\/\/schema.org","@graph":[{"@type":"WebPage","@id":"https:\/\/sgciafrica.org\/cookie-policy\/","url":"https:\/\/sgciafrica.org\/cookie-policy\/","name":"Politique en mati\u00e8re de cookies - SGCI Africa","isPartOf":{"@id":"https:\/\/sgciafrica.org\/#website"},"datePublished":"2021-05-18T11:17:47+00:00","dateModified":"2024-06-10T09:46:03+00:00","breadcrumb":{"@id":"https:\/\/sgciafrica.org\/cookie-policy\/#breadcrumb"},"inLanguage":"fr-FR","potentialAction":[{"@type":"ReadAction","target":["https:\/\/sgciafrica.org\/cookie-policy\/"]}]},{"@type":"BreadcrumbList","@id":"https:\/\/sgciafrica.org\/cookie-policy\/#breadcrumb","itemListElement":[{"@type":"ListItem","position":1,"name":"Home","item":"https:\/\/sgciafrica.org\/fr\/"},{"@type":"ListItem","position":2,"name":"Politique en mati\u00e8re de cookies"}]},{"@type":"WebSite","@id":"https:\/\/sgciafrica.org\/#website","url":"https:\/\/sgciafrica.org\/","name":"SGCI Africa","description":"","publisher":{"@id":"https:\/\/sgciafrica.org\/#organization"},"potentialAction":[{"@type":"SearchAction","target":{"@type":"EntryPoint","urlTemplate":"https:\/\/sgciafrica.org\/?s={search_term_string}"},"query-input":{"@type":"PropertyValueSpecification","valueRequired":true,"valueName":"search_term_string"}}],"inLanguage":"fr-FR"},{"@type":"Organization","@id":"https:\/\/sgciafrica.org\/#organization","name":"SGCI Africa","url":"https:\/\/sgciafrica.org\/","logo":{"@type":"ImageObject","inLanguage":"fr-FR","@id":"https:\/\/sgciafrica.org\/#\/schema\/logo\/image\/","url":"https:\/\/sgciafrica.org\/wp-content\/uploads\/2024\/12\/SGCI_Logo_Secondary_Large.png","contentUrl":"https:\/\/sgciafrica.org\/wp-content\/uploads\/2024\/12\/SGCI_Logo_Secondary_Large.png","width":3888,"height":1080,"caption":"SGCI Africa"},"image":{"@id":"https:\/\/sgciafrica.org\/#\/schema\/logo\/image\/"},"sameAs":["https:\/\/x.com\/SGCIAfrica"]}]}},"uagb_featured_image_src":{"full":false,"thumbnail":false,"medium":false,"medium_large":false,"large":false,"1536x1536":false,"2048x2048":false,"sg-full-width":false,"sg-full-content-width":false,"sg-container-half":false,"sg-single-tile":false,"sg-council-user":false},"uagb_author_info":{"display_name":"modular","author_link":"https:\/\/sgciafrica.org\/fr\/author\/modular\/"},"uagb_comment_info":0,"uagb_excerpt":"Qu&rsquo;est-ce qu&rsquo;un cookie ? Les cookies sont de petits fichiers texte plac\u00e9s sur votre machine pour aider le site \u00e0 offrir une meilleure exp\u00e9rience \u00e0 l&rsquo;utilisateur. En g\u00e9n\u00e9ral, les cookies sont utilis\u00e9s pour conserver les pr\u00e9f\u00e9rences des utilisateurs, stocker des informations pour des \u00e9l\u00e9ments tels que les paniers d&rsquo;achat et fournir des donn\u00e9es de suivi&hellip;","_links":{"self":[{"href":"https:\/\/sgciafrica.org\/fr\/wp-json\/wp\/v2\/pages\/17310","targetHints":{"allow":["GET"]}}],"collection":[{"href":"https:\/\/sgciafrica.org\/fr\/wp-json\/wp\/v2\/pages"}],"about":[{"href":"https:\/\/sgciafrica.org\/fr\/wp-json\/wp\/v2\/types\/page"}],"author":[{"embeddable":true,"href":"https:\/\/sgciafrica.org\/fr\/wp-json\/wp\/v2\/users\/1"}],"replies":[{"embeddable":true,"href":"https:\/\/sgciafrica.org\/fr\/wp-json\/wp\/v2\/comments?post=17310"}],"version-history":[{"count":0,"href":"https:\/\/sgciafrica.org\/fr\/wp-json\/wp\/v2\/pages\/17310\/revisions"}],"wp:attachment":[{"href":"https:\/\/sgciafrica.org\/fr\/wp-json\/wp\/v2\/media?parent=17310"}],"curies":[{"name":"wp","href":"https:\/\/api.w.org\/{rel}","templated":true}]}}