{"id":17092,"date":"2024-03-21T08:56:43","date_gmt":"2024-03-21T08:56:43","guid":{"rendered":"https:\/\/sgciafrica.org\/a-propos-de-nous\/"},"modified":"2026-02-11T13:34:41","modified_gmt":"2026-02-11T13:34:41","slug":"a-propos-de-nous","status":"publish","type":"page","link":"https:\/\/sgciafrica.org\/fr\/a-propos-de-nous\/","title":{"rendered":"\u00c0 propos de nous"},"content":{"rendered":"\n<iframe loading=\"lazy\" width=\"560\" height=\"315\" src=\"https:\/\/www.youtube.com\/embed\/Pk0kpMFjDFk?si=afyFzGAZPTha1IHp\" title=\"Lecteur vid\u00e9o YouTube\" frameborder=\"0\" allow=\"accelerometer; autoplay; clipboard-write; encrypted-media; gyroscope; picture-in-picture; web-share\" referrerpolicy=\"strict-origin-when-cross-origin\" allowfullscreen=\"\"><\/iframe>\n\n<h2 class=\"wp-block-heading\"><strong>Le SGCI en tant que partenariat<\/strong><\/h2>\n\n<p>La premi\u00e8re phase du SGCI s&rsquo;est concentr\u00e9e sur le renforcement des capacit\u00e9s des conseils de 15 pays \u00e0 g\u00e9rer la recherche, \u00e0 concevoir et \u00e0 contr\u00f4ler les programmes de recherche \u00e0 l&rsquo;aide d&rsquo;indicateurs solides en mati\u00e8re de science, de technologie et d&rsquo;innovation. Il visait \u00e9galement \u00e0 faciliter le transfert de connaissances vers le secteur priv\u00e9 et \u00e0 renforcer les partenariats entre les conseils scientifiques (SGC) et d&rsquo;autres acteurs du syst\u00e8me scientifique.<\/p>\n\n<p>Le partenariat initial (SGCI-1) s&rsquo;est achev\u00e9 en septembre 2020, co\u00efncidant avec le d\u00e9but d&rsquo;une deuxi\u00e8me phase de cinq ans (SGCI-2), qui a d\u00e9but\u00e9 en juin 2018. Cette phase est financ\u00e9e par l&rsquo;Agence su\u00e9doise de coop\u00e9ration au d\u00e9veloppement (Sida), le CRDI et la NRF. La Fondation allemande pour la recherche (DFG) nous a rejoints en tant que financeur associ\u00e9 en novembre 2019, en contribuant \u00e0 des activit\u00e9s sp\u00e9cifiques.<\/p>\n\n<p>En f\u00e9vrier 2022, le SGCI a re\u00e7u un soutien suppl\u00e9mentaire de l&rsquo;Agence norv\u00e9gienne de coop\u00e9ration au d\u00e9veloppement (Norad), en partenariat avec le CRDI et la NRF. Les SGC de 17 pays d&rsquo;Afrique de l&rsquo;Est, d&rsquo;Afrique de l&rsquo;Ouest et d&rsquo;Afrique australe se sont associ\u00e9s \u00e0 la SGCI pour mettre en \u0153uvre le programme. Le SGCI vise \u00e0 renforcer les capacit\u00e9s de ces SGC afin de faciliter la recherche et les politiques fond\u00e9es sur des donn\u00e9es probantes, favorisant ainsi le d\u00e9veloppement \u00e9conomique et social sur le continent.<\/p>\n\n<iframe loading=\"lazy\" width=\"560\" height=\"315\" src=\"https:\/\/www.youtube.com\/embed\/nJcoalCHtT8?si=7599C0p_yH-x-OWN\" title=\"Lecteur vid\u00e9o YouTube\" frameborder=\"0\" allow=\"accelerometer; autoplay; clipboard-write; encrypted-media; gyroscope; picture-in-picture; web-share\" referrerpolicy=\"strict-origin-when-cross-origin\" allowfullscreen=\"\"><\/iframe>\n","protected":false},"excerpt":{"rendered":"<p>Le SGCI a \u00e9t\u00e9 cr\u00e9\u00e9 en mars 2015 dans le cadre d&rsquo;un partenariat entre le Foreign, Commonwealth and Development Office (FCDO) du Royaume-Uni, le Centre de recherches pour le d\u00e9veloppement international (CRDI) du Canada et la National Research Foundation (NRF) d&rsquo;Afrique du Sud.<\/p>\n","protected":false},"author":1,"featured_media":0,"parent":0,"menu_order":0,"comment_status":"closed","ping_status":"closed","template":"","meta":{"_acf_changed":false,"_uag_custom_page_level_css":"","footnotes":""},"class_list":["post-17092","page","type-page","status-publish","hentry"],"acf":[],"yoast_head":"<!-- This site is optimized with the Yoast SEO Premium plugin v27.2 (Yoast SEO v27.3) - https:\/\/yoast.com\/product\/yoast-seo-premium-wordpress\/ -->\n<title>\u00c0 propos de nous - SGCI Africa<\/title>\n<meta name=\"robots\" content=\"index, follow, max-snippet:-1, max-image-preview:large, max-video-preview:-1\" \/>\n<link rel=\"canonical\" href=\"https:\/\/sgciafrica.org\/fr\/a-propos-de-nous\/\" \/>\n<meta property=\"og:locale\" content=\"fr_FR\" \/>\n<meta property=\"og:type\" content=\"article\" \/>\n<meta property=\"og:title\" content=\"\u00c0 propos de nous\" \/>\n<meta property=\"og:description\" content=\"Le SGCI a \u00e9t\u00e9 cr\u00e9\u00e9 en mars 2015 dans le cadre d&#039;un partenariat entre le Foreign, Commonwealth and Development Office (FCDO) du Royaume-Uni, le Centre de recherches pour le d\u00e9veloppement international (CRDI) du Canada et la National Research Foundation (NRF) d&#039;Afrique du Sud.\" \/>\n<meta property=\"og:url\" content=\"https:\/\/sgciafrica.org\/fr\/a-propos-de-nous\/\" \/>\n<meta property=\"og:site_name\" content=\"SGCI Africa\" \/>\n<meta property=\"article:modified_time\" content=\"2026-02-11T13:34:41+00:00\" \/>\n<meta name=\"twitter:card\" content=\"summary_large_image\" \/>\n<meta name=\"twitter:site\" content=\"@SGCIAfrica\" \/>\n<meta name=\"twitter:label1\" content=\"Dur\u00e9e de lecture estim\u00e9e\" \/>\n\t<meta name=\"twitter:data1\" content=\"1 minute\" \/>\n<script type=\"application\/ld+json\" class=\"yoast-schema-graph\">{\"@context\":\"https:\\\/\\\/schema.org\",\"@graph\":[{\"@type\":\"WebPage\",\"@id\":\"https:\\\/\\\/sgciafrica.org\\\/fr\\\/a-propos-de-nous\\\/\",\"url\":\"https:\\\/\\\/sgciafrica.org\\\/fr\\\/a-propos-de-nous\\\/\",\"name\":\"\u00c0 propos de nous - SGCI Africa\",\"isPartOf\":{\"@id\":\"https:\\\/\\\/sgciafrica.org\\\/#website\"},\"datePublished\":\"2024-03-21T08:56:43+00:00\",\"dateModified\":\"2026-02-11T13:34:41+00:00\",\"breadcrumb\":{\"@id\":\"https:\\\/\\\/sgciafrica.org\\\/fr\\\/a-propos-de-nous\\\/#breadcrumb\"},\"inLanguage\":\"fr-FR\",\"potentialAction\":[{\"@type\":\"ReadAction\",\"target\":[\"https:\\\/\\\/sgciafrica.org\\\/fr\\\/a-propos-de-nous\\\/\"]}]},{\"@type\":\"BreadcrumbList\",\"@id\":\"https:\\\/\\\/sgciafrica.org\\\/fr\\\/a-propos-de-nous\\\/#breadcrumb\",\"itemListElement\":[{\"@type\":\"ListItem\",\"position\":1,\"name\":\"Home\",\"item\":\"https:\\\/\\\/sgciafrica.org\\\/fr\\\/\"},{\"@type\":\"ListItem\",\"position\":2,\"name\":\"\u00c0 propos de nous\"}]},{\"@type\":\"WebSite\",\"@id\":\"https:\\\/\\\/sgciafrica.org\\\/#website\",\"url\":\"https:\\\/\\\/sgciafrica.org\\\/\",\"name\":\"SGCI Africa\",\"description\":\"\",\"publisher\":{\"@id\":\"https:\\\/\\\/sgciafrica.org\\\/#organization\"},\"potentialAction\":[{\"@type\":\"SearchAction\",\"target\":{\"@type\":\"EntryPoint\",\"urlTemplate\":\"https:\\\/\\\/sgciafrica.org\\\/?s={search_term_string}\"},\"query-input\":{\"@type\":\"PropertyValueSpecification\",\"valueRequired\":true,\"valueName\":\"search_term_string\"}}],\"inLanguage\":\"fr-FR\"},{\"@type\":\"Organization\",\"@id\":\"https:\\\/\\\/sgciafrica.org\\\/#organization\",\"name\":\"SGCI Africa\",\"url\":\"https:\\\/\\\/sgciafrica.org\\\/\",\"logo\":{\"@type\":\"ImageObject\",\"inLanguage\":\"fr-FR\",\"@id\":\"https:\\\/\\\/sgciafrica.org\\\/#\\\/schema\\\/logo\\\/image\\\/\",\"url\":\"https:\\\/\\\/sgciafrica.org\\\/wp-content\\\/uploads\\\/2024\\\/12\\\/SGCI_Logo_Secondary_Large.png\",\"contentUrl\":\"https:\\\/\\\/sgciafrica.org\\\/wp-content\\\/uploads\\\/2024\\\/12\\\/SGCI_Logo_Secondary_Large.png\",\"width\":3888,\"height\":1080,\"caption\":\"SGCI Africa\"},\"image\":{\"@id\":\"https:\\\/\\\/sgciafrica.org\\\/#\\\/schema\\\/logo\\\/image\\\/\"},\"sameAs\":[\"https:\\\/\\\/x.com\\\/SGCIAfrica\"]}]}<\/script>\n<!-- \/ Yoast SEO Premium plugin. -->","yoast_head_json":{"title":"\u00c0 propos de nous - SGCI Africa","robots":{"index":"index","follow":"follow","max-snippet":"max-snippet:-1","max-image-preview":"max-image-preview:large","max-video-preview":"max-video-preview:-1"},"canonical":"https:\/\/sgciafrica.org\/fr\/a-propos-de-nous\/","og_locale":"fr_FR","og_type":"article","og_title":"\u00c0 propos de nous","og_description":"Le SGCI a \u00e9t\u00e9 cr\u00e9\u00e9 en mars 2015 dans le cadre d'un partenariat entre le Foreign, Commonwealth and Development Office (FCDO) du Royaume-Uni, le Centre de recherches pour le d\u00e9veloppement international (CRDI) du Canada et la National Research Foundation (NRF) d'Afrique du Sud.","og_url":"https:\/\/sgciafrica.org\/fr\/a-propos-de-nous\/","og_site_name":"SGCI Africa","article_modified_time":"2026-02-11T13:34:41+00:00","twitter_card":"summary_large_image","twitter_site":"@SGCIAfrica","twitter_misc":{"Dur\u00e9e de lecture estim\u00e9e":"1 minute"},"schema":{"@context":"https:\/\/schema.org","@graph":[{"@type":"WebPage","@id":"https:\/\/sgciafrica.org\/fr\/a-propos-de-nous\/","url":"https:\/\/sgciafrica.org\/fr\/a-propos-de-nous\/","name":"\u00c0 propos de nous - SGCI Africa","isPartOf":{"@id":"https:\/\/sgciafrica.org\/#website"},"datePublished":"2024-03-21T08:56:43+00:00","dateModified":"2026-02-11T13:34:41+00:00","breadcrumb":{"@id":"https:\/\/sgciafrica.org\/fr\/a-propos-de-nous\/#breadcrumb"},"inLanguage":"fr-FR","potentialAction":[{"@type":"ReadAction","target":["https:\/\/sgciafrica.org\/fr\/a-propos-de-nous\/"]}]},{"@type":"BreadcrumbList","@id":"https:\/\/sgciafrica.org\/fr\/a-propos-de-nous\/#breadcrumb","itemListElement":[{"@type":"ListItem","position":1,"name":"Home","item":"https:\/\/sgciafrica.org\/fr\/"},{"@type":"ListItem","position":2,"name":"\u00c0 propos de nous"}]},{"@type":"WebSite","@id":"https:\/\/sgciafrica.org\/#website","url":"https:\/\/sgciafrica.org\/","name":"SGCI Africa","description":"","publisher":{"@id":"https:\/\/sgciafrica.org\/#organization"},"potentialAction":[{"@type":"SearchAction","target":{"@type":"EntryPoint","urlTemplate":"https:\/\/sgciafrica.org\/?s={search_term_string}"},"query-input":{"@type":"PropertyValueSpecification","valueRequired":true,"valueName":"search_term_string"}}],"inLanguage":"fr-FR"},{"@type":"Organization","@id":"https:\/\/sgciafrica.org\/#organization","name":"SGCI Africa","url":"https:\/\/sgciafrica.org\/","logo":{"@type":"ImageObject","inLanguage":"fr-FR","@id":"https:\/\/sgciafrica.org\/#\/schema\/logo\/image\/","url":"https:\/\/sgciafrica.org\/wp-content\/uploads\/2024\/12\/SGCI_Logo_Secondary_Large.png","contentUrl":"https:\/\/sgciafrica.org\/wp-content\/uploads\/2024\/12\/SGCI_Logo_Secondary_Large.png","width":3888,"height":1080,"caption":"SGCI Africa"},"image":{"@id":"https:\/\/sgciafrica.org\/#\/schema\/logo\/image\/"},"sameAs":["https:\/\/x.com\/SGCIAfrica"]}]}},"uagb_featured_image_src":{"full":false,"thumbnail":false,"medium":false,"medium_large":false,"large":false,"1536x1536":false,"2048x2048":false,"sg-full-width":false,"sg-full-content-width":false,"sg-container-half":false,"sg-single-tile":false,"sg-council-user":false},"uagb_author_info":{"display_name":"modular","author_link":"https:\/\/sgciafrica.org\/fr\/author\/modular\/"},"uagb_comment_info":0,"uagb_excerpt":"Le SGCI a \u00e9t\u00e9 cr\u00e9\u00e9 en mars 2015 dans le cadre d'un partenariat entre le Foreign, Commonwealth and Development Office (FCDO) du Royaume-Uni, le Centre de recherches pour le d\u00e9veloppement international (CRDI) du Canada et la National Research Foundation (NRF) d'Afrique du Sud.","_links":{"self":[{"href":"https:\/\/sgciafrica.org\/fr\/wp-json\/wp\/v2\/pages\/17092","targetHints":{"allow":["GET"]}}],"collection":[{"href":"https:\/\/sgciafrica.org\/fr\/wp-json\/wp\/v2\/pages"}],"about":[{"href":"https:\/\/sgciafrica.org\/fr\/wp-json\/wp\/v2\/types\/page"}],"author":[{"embeddable":true,"href":"https:\/\/sgciafrica.org\/fr\/wp-json\/wp\/v2\/users\/1"}],"replies":[{"embeddable":true,"href":"https:\/\/sgciafrica.org\/fr\/wp-json\/wp\/v2\/comments?post=17092"}],"version-history":[{"count":0,"href":"https:\/\/sgciafrica.org\/fr\/wp-json\/wp\/v2\/pages\/17092\/revisions"}],"wp:attachment":[{"href":"https:\/\/sgciafrica.org\/fr\/wp-json\/wp\/v2\/media?parent=17092"}],"curies":[{"name":"wp","href":"https:\/\/api.w.org\/{rel}","templated":true}]}}